{"id":20733,"date":"2025-07-22T18:59:36","date_gmt":"2025-07-22T16:59:36","guid":{"rendered":"https:\/\/uj.adatbank.ro\/lexikon\/termek\/sovenyfalvi-mihaly\/"},"modified":"2025-07-22T18:59:36","modified_gmt":"2025-07-22T16:59:36","slug":"sovenyfalvi-mihaly","status":"publish","type":"product","link":"https:\/\/uj.adatbank.ro\/lexikon\/termek\/sovenyfalvi-mihaly\/","title":{"rendered":"S\u00d6V\u00c9NYFALVI Mih\u00e1ly"},"content":{"rendered":"<p>? \u2020?: ref. lelk\u00e9sz. \u2013 Magyarkir\u00e1lyfalv\u00e1n szolg\u00e1lt (1654\u201355). <br \/><strong>Irod.:<\/strong> K\u00fck\u00fcll\u0151i Ref. Egyh\u00e1zm. 3.<\/br><\/p>\n","protected":false},"excerpt":{"rendered":"<p>? \u2020?: ref. lelk\u00e9sz. \u2013 Magyarkir\u00e1lyfalv\u00e1n szolg\u00e1lt (1654\u201355). Irod.: K\u00fck\u00fcll\u0151i Ref. Egyh\u00e1zm. 3.<\/p>\n","protected":false},"featured_media":0,"comment_status":"open","ping_status":"closed","template":"","meta":[],"product_brand":[],"product_cat":[137],"product_tag":[],"class_list":{"0":"post-20733","1":"product","2":"type-product","3":"status-publish","5":"product_cat-maros-megyei-eletrajzi-lexikon","7":"first","8":"instock","9":"shipping-taxable","10":"product-type-simple"},"_links":{"self":[{"href":"https:\/\/uj.adatbank.ro\/lexikon\/wp-json\/wp\/v2\/product\/20733","targetHints":{"allow":["GET"]}}],"collection":[{"href":"https:\/\/uj.adatbank.ro\/lexikon\/wp-json\/wp\/v2\/product"}],"about":[{"href":"https:\/\/uj.adatbank.ro\/lexikon\/wp-json\/wp\/v2\/types\/product"}],"replies":[{"embeddable":true,"href":"https:\/\/uj.adatbank.ro\/lexikon\/wp-json\/wp\/v2\/comments?post=20733"}],"wp:attachment":[{"href":"https:\/\/uj.adatbank.ro\/lexikon\/wp-json\/wp\/v2\/media?parent=20733"}],"wp:term":[{"taxonomy":"product_brand","embeddable":true,"href":"https:\/\/uj.adatbank.ro\/lexikon\/wp-json\/wp\/v2\/product_brand?post=20733"},{"taxonomy":"product_cat","embeddable":true,"href":"https:\/\/uj.adatbank.ro\/lexikon\/wp-json\/wp\/v2\/product_cat?post=20733"},{"taxonomy":"product_tag","embeddable":true,"href":"https:\/\/uj.adatbank.ro\/lexikon\/wp-json\/wp\/v2\/product_tag?post=20733"}],"curies":[{"name":"wp","href":"https:\/\/api.w.org\/{rel}","templated":true}]}}