{"id":20734,"date":"2025-07-22T18:59:38","date_gmt":"2025-07-22T16:59:38","guid":{"rendered":"https:\/\/uj.adatbank.ro\/lexikon\/termek\/sovenyfalvi-zsigmond\/"},"modified":"2025-07-22T18:59:38","modified_gmt":"2025-07-22T16:59:38","slug":"sovenyfalvi-zsigmond","status":"publish","type":"product","link":"https:\/\/uj.adatbank.ro\/lexikon\/termek\/sovenyfalvi-zsigmond\/","title":{"rendered":"S\u00d6V\u00c9NYFALVI Zsigmond"},"content":{"rendered":"<p>? \u2020 Magyarherepe, 1777.: ref. lelk\u00e9sz. \u2013 Feles\u00e9ge Moln\u00e1r Borb\u00e1la. \u2013 Nagyenyeden subscib\u00e1lt (1766). Lelk\u00e9k\u00e9sz volt Mikefalv\u00e1n (1771\u201372) \u00e9s Magyarherep\u00e9n hal\u00e1l\u00e1ig (1773\u201377). \u2013 <strong>F. m.<\/strong>: Halotti besz\u00e9d nagybarcsai Barcsai Judit felett, 1733. okt. 11. (Kv., 1734). <br \/><strong>Irod.:<\/strong> Halotti besz\u00e9dek; K\u00fck\u00fcll\u0151i Ref. Egyh\u00e1zm. 3., 4.<\/br><\/p>\n","protected":false},"excerpt":{"rendered":"<p>? \u2020 Magyarherepe, 1777.: ref. lelk\u00e9sz. \u2013 Feles\u00e9ge Moln\u00e1r Borb\u00e1la. \u2013 Nagyenyeden subscib\u00e1lt (1766). Lelk\u00e9k\u00e9sz volt Mikefalv\u00e1n (1771\u201372) \u00e9s Magyarherep\u00e9n hal\u00e1l\u00e1ig (1773\u201377). \u2013 F. m.: Halotti besz\u00e9d nagybarcsai Barcsai Judit felett, 1733. okt. 11. (Kv., 1734). Irod.: Halotti besz\u00e9dek; K\u00fck\u00fcll\u0151i Ref. Egyh\u00e1zm. 3., 4.<\/p>\n","protected":false},"featured_media":0,"comment_status":"open","ping_status":"closed","template":"","meta":[],"product_brand":[],"product_cat":[137],"product_tag":[],"class_list":{"0":"post-20734","1":"product","2":"type-product","3":"status-publish","5":"product_cat-maros-megyei-eletrajzi-lexikon","7":"first","8":"instock","9":"shipping-taxable","10":"product-type-simple"},"_links":{"self":[{"href":"https:\/\/uj.adatbank.ro\/lexikon\/wp-json\/wp\/v2\/product\/20734","targetHints":{"allow":["GET"]}}],"collection":[{"href":"https:\/\/uj.adatbank.ro\/lexikon\/wp-json\/wp\/v2\/product"}],"about":[{"href":"https:\/\/uj.adatbank.ro\/lexikon\/wp-json\/wp\/v2\/types\/product"}],"replies":[{"embeddable":true,"href":"https:\/\/uj.adatbank.ro\/lexikon\/wp-json\/wp\/v2\/comments?post=20734"}],"wp:attachment":[{"href":"https:\/\/uj.adatbank.ro\/lexikon\/wp-json\/wp\/v2\/media?parent=20734"}],"wp:term":[{"taxonomy":"product_brand","embeddable":true,"href":"https:\/\/uj.adatbank.ro\/lexikon\/wp-json\/wp\/v2\/product_brand?post=20734"},{"taxonomy":"product_cat","embeddable":true,"href":"https:\/\/uj.adatbank.ro\/lexikon\/wp-json\/wp\/v2\/product_cat?post=20734"},{"taxonomy":"product_tag","embeddable":true,"href":"https:\/\/uj.adatbank.ro\/lexikon\/wp-json\/wp\/v2\/product_tag?post=20734"}],"curies":[{"name":"wp","href":"https:\/\/api.w.org\/{rel}","templated":true}]}}