{"id":20736,"date":"2025-07-22T18:59:41","date_gmt":"2025-07-22T16:59:41","guid":{"rendered":"https:\/\/uj.adatbank.ro\/lexikon\/termek\/spaniel-vince\/"},"modified":"2025-07-22T18:59:41","modified_gmt":"2025-07-22T16:59:41","slug":"spaniel-vince","status":"publish","type":"product","link":"https:\/\/uj.adatbank.ro\/lexikon\/termek\/spaniel-vince\/","title":{"rendered":"SP\u00c1NIEL Vince"},"content":{"rendered":"<p>1877., \u2020\u00a0Mv., 1958.: dr., tan\u00e1r. \u2013 Tornatan\u00e1r volt a mv.-i Ref. Koll.-ban ideiglenesen (1900\u201301), a cserk\u00e9szet ir\u00e1ny\u00edt\u00f3ja is volt. A Koll. tan\u00e1ra (1918), gazdas\u00e1gi fel\u00fcgyel\u0151je (1920). Mennyis\u00e9gtant \u00e9s term\u00e9szetrajzott tan\u00edtott nyugd\u00edjaz\u00e1s\u00e1ig (1926\u201339. szept. 1.). A Mv.-i Kaszin\u00f3 tagja, p\u00e9nzt\u00e1rosa (1925), v\u00e1lasztm\u00e1nyi tagja. \u2013 <strong>F. m.<\/strong>: antol\u00f3gi\u00e1ban: A cserk\u00e9szet = Ill\u00e9s. <br \/><strong>Irod.:<\/strong> Bi\u00e1s Istv\u00e1n; Id\u0151t\u00e1r 3; Keresztes Gyula: Zene- \u00e9s tornavizsga a koll\u00e9giumban (N\u00fa., 1990. j\u00fan. 22.), Mv. t\u00f6rt. 2; Sebesty\u00e9n.<\/br><\/p>\n","protected":false},"excerpt":{"rendered":"<p>1877., \u2020\u00a0Mv., 1958.: dr., tan\u00e1r. \u2013 Tornatan\u00e1r volt a mv.-i Ref. Koll.-ban ideiglenesen (1900\u201301), a cserk\u00e9szet ir\u00e1ny\u00edt\u00f3ja is volt. A Koll. tan\u00e1ra (1918), gazdas\u00e1gi fel\u00fcgyel\u0151je (1920). Mennyis\u00e9gtant \u00e9s term\u00e9szetrajzott tan\u00edtott nyugd\u00edjaz\u00e1s\u00e1ig (1926\u201339. szept. 1.). A Mv.-i Kaszin\u00f3 tagja, p\u00e9nzt\u00e1rosa (1925), v\u00e1lasztm\u00e1nyi tagja. \u2013 F. m.: antol\u00f3gi\u00e1ban: A cserk\u00e9szet = Ill\u00e9s. Irod.: Bi\u00e1s Istv\u00e1n; Id\u0151t\u00e1r 3; [&hellip;]<\/p>\n","protected":false},"featured_media":0,"comment_status":"open","ping_status":"closed","template":"","meta":[],"product_brand":[],"product_cat":[137],"product_tag":[],"class_list":{"0":"post-20736","1":"product","2":"type-product","3":"status-publish","5":"product_cat-maros-megyei-eletrajzi-lexikon","7":"first","8":"instock","9":"shipping-taxable","10":"product-type-simple"},"_links":{"self":[{"href":"https:\/\/uj.adatbank.ro\/lexikon\/wp-json\/wp\/v2\/product\/20736","targetHints":{"allow":["GET"]}}],"collection":[{"href":"https:\/\/uj.adatbank.ro\/lexikon\/wp-json\/wp\/v2\/product"}],"about":[{"href":"https:\/\/uj.adatbank.ro\/lexikon\/wp-json\/wp\/v2\/types\/product"}],"replies":[{"embeddable":true,"href":"https:\/\/uj.adatbank.ro\/lexikon\/wp-json\/wp\/v2\/comments?post=20736"}],"wp:attachment":[{"href":"https:\/\/uj.adatbank.ro\/lexikon\/wp-json\/wp\/v2\/media?parent=20736"}],"wp:term":[{"taxonomy":"product_brand","embeddable":true,"href":"https:\/\/uj.adatbank.ro\/lexikon\/wp-json\/wp\/v2\/product_brand?post=20736"},{"taxonomy":"product_cat","embeddable":true,"href":"https:\/\/uj.adatbank.ro\/lexikon\/wp-json\/wp\/v2\/product_cat?post=20736"},{"taxonomy":"product_tag","embeddable":true,"href":"https:\/\/uj.adatbank.ro\/lexikon\/wp-json\/wp\/v2\/product_tag?post=20736"}],"curies":[{"name":"wp","href":"https:\/\/api.w.org\/{rel}","templated":true}]}}