{"id":20738,"date":"2025-07-22T18:59:47","date_gmt":"2025-07-22T16:59:47","guid":{"rendered":"https:\/\/uj.adatbank.ro\/lexikon\/termek\/spanyik-anna\/"},"modified":"2025-07-22T18:59:47","modified_gmt":"2025-07-22T16:59:47","slug":"spanyik-anna","status":"publish","type":"product","link":"https:\/\/uj.adatbank.ro\/lexikon\/termek\/spanyik-anna\/","title":{"rendered":"SPANYIK Anna"},"content":{"rendered":"<p>? \u2020?: b\u00e1basszony. \u2013 Mv.-en tev\u00e9kenykedett (1840-es \u00e9vek). <br \/><strong>Irod.:<\/strong> P\u00e1l Antal S\u00e1ndor: K\u00f6zeg\u00e9szs\u00e9g\u00fcgy \u00e9s szoci\u00e1lis gondoskod\u00e1s a 18\u201319. sz\u00e1zadi Mv.-en (N\u00fa., Sz\u00ednes Vil\u00e1g, 2010. m\u00e1j. 22.).<\/br><\/p>\n","protected":false},"excerpt":{"rendered":"<p>? \u2020?: b\u00e1basszony. \u2013 Mv.-en tev\u00e9kenykedett (1840-es \u00e9vek). Irod.: P\u00e1l Antal S\u00e1ndor: K\u00f6zeg\u00e9szs\u00e9g\u00fcgy \u00e9s szoci\u00e1lis gondoskod\u00e1s a 18\u201319. sz\u00e1zadi Mv.-en (N\u00fa., Sz\u00ednes Vil\u00e1g, 2010. m\u00e1j. 22.).<\/p>\n","protected":false},"featured_media":0,"comment_status":"open","ping_status":"closed","template":"","meta":[],"product_brand":[],"product_cat":[137],"product_tag":[],"class_list":{"0":"post-20738","1":"product","2":"type-product","3":"status-publish","5":"product_cat-maros-megyei-eletrajzi-lexikon","7":"first","8":"instock","9":"shipping-taxable","10":"product-type-simple"},"_links":{"self":[{"href":"https:\/\/uj.adatbank.ro\/lexikon\/wp-json\/wp\/v2\/product\/20738","targetHints":{"allow":["GET"]}}],"collection":[{"href":"https:\/\/uj.adatbank.ro\/lexikon\/wp-json\/wp\/v2\/product"}],"about":[{"href":"https:\/\/uj.adatbank.ro\/lexikon\/wp-json\/wp\/v2\/types\/product"}],"replies":[{"embeddable":true,"href":"https:\/\/uj.adatbank.ro\/lexikon\/wp-json\/wp\/v2\/comments?post=20738"}],"wp:attachment":[{"href":"https:\/\/uj.adatbank.ro\/lexikon\/wp-json\/wp\/v2\/media?parent=20738"}],"wp:term":[{"taxonomy":"product_brand","embeddable":true,"href":"https:\/\/uj.adatbank.ro\/lexikon\/wp-json\/wp\/v2\/product_brand?post=20738"},{"taxonomy":"product_cat","embeddable":true,"href":"https:\/\/uj.adatbank.ro\/lexikon\/wp-json\/wp\/v2\/product_cat?post=20738"},{"taxonomy":"product_tag","embeddable":true,"href":"https:\/\/uj.adatbank.ro\/lexikon\/wp-json\/wp\/v2\/product_tag?post=20738"}],"curies":[{"name":"wp","href":"https:\/\/api.w.org\/{rel}","templated":true}]}}