{"id":20741,"date":"2025-07-22T18:59:53","date_gmt":"2025-07-22T16:59:53","guid":{"rendered":"https:\/\/uj.adatbank.ro\/lexikon\/termek\/spelner-samuel-szaszregeni-antologiaban-jelent-meg-muve\/"},"modified":"2025-07-22T18:59:53","modified_gmt":"2025-07-22T16:59:53","slug":"spelner-samuel-szaszregeni-antologiaban-jelent-meg-muve","status":"publish","type":"product","link":"https:\/\/uj.adatbank.ro\/lexikon\/termek\/spelner-samuel-szaszregeni-antologiaban-jelent-meg-muve\/","title":{"rendered":"SPELNER S\u00e1muel; sz\u00e1szr\u00e9geni. \u2013 Antol\u00f3gi\u00e1ban jelent meg m\u0171ve."},"content":{"rendered":"<p>? \u2020?: RMK.<\/br><\/p>\n","protected":false},"excerpt":{"rendered":"<p>? \u2020?: RMK.<\/p>\n","protected":false},"featured_media":0,"comment_status":"open","ping_status":"closed","template":"","meta":[],"product_brand":[],"product_cat":[137],"product_tag":[],"class_list":{"0":"post-20741","1":"product","2":"type-product","3":"status-publish","5":"product_cat-maros-megyei-eletrajzi-lexikon","7":"first","8":"instock","9":"shipping-taxable","10":"product-type-simple"},"_links":{"self":[{"href":"https:\/\/uj.adatbank.ro\/lexikon\/wp-json\/wp\/v2\/product\/20741","targetHints":{"allow":["GET"]}}],"collection":[{"href":"https:\/\/uj.adatbank.ro\/lexikon\/wp-json\/wp\/v2\/product"}],"about":[{"href":"https:\/\/uj.adatbank.ro\/lexikon\/wp-json\/wp\/v2\/types\/product"}],"replies":[{"embeddable":true,"href":"https:\/\/uj.adatbank.ro\/lexikon\/wp-json\/wp\/v2\/comments?post=20741"}],"wp:attachment":[{"href":"https:\/\/uj.adatbank.ro\/lexikon\/wp-json\/wp\/v2\/media?parent=20741"}],"wp:term":[{"taxonomy":"product_brand","embeddable":true,"href":"https:\/\/uj.adatbank.ro\/lexikon\/wp-json\/wp\/v2\/product_brand?post=20741"},{"taxonomy":"product_cat","embeddable":true,"href":"https:\/\/uj.adatbank.ro\/lexikon\/wp-json\/wp\/v2\/product_cat?post=20741"},{"taxonomy":"product_tag","embeddable":true,"href":"https:\/\/uj.adatbank.ro\/lexikon\/wp-json\/wp\/v2\/product_tag?post=20741"}],"curies":[{"name":"wp","href":"https:\/\/api.w.org\/{rel}","templated":true}]}}