{"id":20742,"date":"2025-07-22T18:59:55","date_gmt":"2025-07-22T16:59:55","guid":{"rendered":"https:\/\/uj.adatbank.ro\/lexikon\/termek\/sperker-ferenc-szentdemeteri\/"},"modified":"2025-07-22T18:59:55","modified_gmt":"2025-07-22T16:59:55","slug":"sperker-ferenc-szentdemeteri","status":"publish","type":"product","link":"https:\/\/uj.adatbank.ro\/lexikon\/termek\/sperker-ferenc-szentdemeteri\/","title":{"rendered":"SPERKER Ferenc, szentdemeteri"},"content":{"rendered":"<p>Szentdemeter, 1857. \u00e1pr. 19., \u2020 Nagyv\u00e1rad, 1923. szept. 23.: f\u00f6ldbirtokos, nagyv\u00e1radi k\u00e1ptalani j\u00f3sz\u00e1gigazgat\u00f3. \u2013 Az erd\u00e9lyi Szarvasmarh\u00e1t Teny\u00e9szt\u0151k Egyes\u00fclet\u00e9nek \u00e9s az Erd\u00e9lyi Gazdas\u00e1gi Egyes\u00fcletnek a megalap\u00edt\u00f3ja. A gazd\u00e1lkodni kezdett a 377 katasztr\u00e1lis holdas szentdemeteri birtok\u00e1n (1879\u2013). M. sz\u00fcrkemarha teny\u00e9szetet hozott l\u00e9tre, amely orsz\u00e1gosan is ismert\u00e9 tette a nev\u00e9t. Az Ezred\u00e9ves Orsz\u00e1gos Ki\u00e1ll\u00edt\u00e1son (1896) a m. marha fajtacsoport erd\u00e9lyi jelleg\u0171 oszt\u00e1ly\u00e1ban millenniumi nagy\u00e9rmet nyert. Az Erd\u00e9lyi R. K. St\u00e1tus alap\u00edtv\u00e1nyi uradalm\u00e1nak a j\u00f3sz\u00e1gigazgat\u00f3ja lett Radn\u00f3ton (1908). Megalakult az Erd\u00e9lyi Jelleg\u0171 Magyarfajta Szarvasmarh\u00e1t Teny\u00e9szt\u0151k Egyes\u00fclete (1911), amelynek alap\u00edt\u00f3 tagja \u00e9s \u00fcgyvezet\u0151 aleln\u00f6ke volt. \u00cdr\u00e1sai kiv\u00e9tel n\u00e9lk\u00fcl a m. sz\u00fcrkefajta v\u00e9delm\u00e9vel, jav\u00edt\u00e1s\u00e1nak, nemes\u00edt\u00e9s\u00e9nek lehet\u0151s\u00e9geivel foglalkoztak. \u2013 <strong><strong>F. m.<\/strong><\/strong>: N\u00e9h\u00e1ny szer\u00e9ny sz\u00f3 erd\u00e9lyi magyar szarvasmarha-teny\u00e9szt\u00e9s\u00fcnk \u00e9rdek\u00e9ben. (Kv. 1896.); A magyar-erd\u00e9lyi fajta szarvasmarha standardja. (Cikksorozat az \u00c1llatteny\u00e9szt\u00e9si Szeml\u00e9ben, Sz\u00e1sz Ferenccel \u00e9s Hreblay Emillel k\u00f6z\u00f6sen, Bp., 1910.); A h\u00fasdr\u00e1gas\u00e1g \u00e9s a magyar szarvasmarha. (Kv., 1911.). <br \/><strong>Irod.:<\/strong> Sz\u00e9kely tud\u00f3sok.<\/br><\/p>\n","protected":false},"excerpt":{"rendered":"<p>Szentdemeter, 1857. \u00e1pr. 19., \u2020 Nagyv\u00e1rad, 1923. szept. 23.: f\u00f6ldbirtokos, nagyv\u00e1radi k\u00e1ptalani j\u00f3sz\u00e1gigazgat\u00f3. \u2013 Az erd\u00e9lyi Szarvasmarh\u00e1t Teny\u00e9szt\u0151k Egyes\u00fclet\u00e9nek \u00e9s az Erd\u00e9lyi Gazdas\u00e1gi Egyes\u00fcletnek a megalap\u00edt\u00f3ja. A gazd\u00e1lkodni kezdett a 377 katasztr\u00e1lis holdas szentdemeteri birtok\u00e1n (1879\u2013). M. sz\u00fcrkemarha teny\u00e9szetet hozott l\u00e9tre, amely orsz\u00e1gosan is ismert\u00e9 tette a nev\u00e9t. Az Ezred\u00e9ves Orsz\u00e1gos Ki\u00e1ll\u00edt\u00e1son (1896) a m. [&hellip;]<\/p>\n","protected":false},"featured_media":0,"comment_status":"open","ping_status":"closed","template":"","meta":[],"product_brand":[],"product_cat":[137],"product_tag":[],"class_list":{"0":"post-20742","1":"product","2":"type-product","3":"status-publish","5":"product_cat-maros-megyei-eletrajzi-lexikon","7":"first","8":"instock","9":"shipping-taxable","10":"product-type-simple"},"_links":{"self":[{"href":"https:\/\/uj.adatbank.ro\/lexikon\/wp-json\/wp\/v2\/product\/20742","targetHints":{"allow":["GET"]}}],"collection":[{"href":"https:\/\/uj.adatbank.ro\/lexikon\/wp-json\/wp\/v2\/product"}],"about":[{"href":"https:\/\/uj.adatbank.ro\/lexikon\/wp-json\/wp\/v2\/types\/product"}],"replies":[{"embeddable":true,"href":"https:\/\/uj.adatbank.ro\/lexikon\/wp-json\/wp\/v2\/comments?post=20742"}],"wp:attachment":[{"href":"https:\/\/uj.adatbank.ro\/lexikon\/wp-json\/wp\/v2\/media?parent=20742"}],"wp:term":[{"taxonomy":"product_brand","embeddable":true,"href":"https:\/\/uj.adatbank.ro\/lexikon\/wp-json\/wp\/v2\/product_brand?post=20742"},{"taxonomy":"product_cat","embeddable":true,"href":"https:\/\/uj.adatbank.ro\/lexikon\/wp-json\/wp\/v2\/product_cat?post=20742"},{"taxonomy":"product_tag","embeddable":true,"href":"https:\/\/uj.adatbank.ro\/lexikon\/wp-json\/wp\/v2\/product_tag?post=20742"}],"curies":[{"name":"wp","href":"https:\/\/api.w.org\/{rel}","templated":true}]}}