{"id":20746,"date":"2025-07-22T19:00:06","date_gmt":"2025-07-22T17:00:06","guid":{"rendered":"https:\/\/uj.adatbank.ro\/lexikon\/termek\/spielmann-jozsef-iroi-neve-keri-jozsef\/"},"modified":"2025-07-22T19:00:06","modified_gmt":"2025-07-22T17:00:06","slug":"spielmann-jozsef-iroi-neve-keri-jozsef","status":"publish","type":"product","link":"https:\/\/uj.adatbank.ro\/lexikon\/termek\/spielmann-jozsef-iroi-neve-keri-jozsef\/","title":{"rendered":"SPIELMANN J\u00f3zsef, \u00edr\u00f3i neve K\u00e9ri J\u00f3zsef"},"content":{"rendered":"<p>Mez\u0151velk\u00e9r, 1917. m\u00e1j. 9., Mv., 1986. aug. 29. v. 28., s\u00edrja Mv.-en az izraelita \u00faj s\u00edrkertben: orvos, egyetemi tan\u00e1r, orvost\u00f6rt\u00e9n\u00e9sz. \u2013K\u00f6z\u00e9piskolai tanulm\u00e1nyait Mv.-en m. nyelv\u0171 elemiben kezdte, majd rom\u00e1nul folytatta az Al. Papiu Ilarian l\u00edc.-ban \u00e9retts\u00e9giig (1926\u201334), Kv.-on az egyetem orvosi kar\u00e1n folytatta tanulm\u00e1nyait (1934\u201340), dr. Valeriu Lucian Bologa orvost\u00f6rt\u00e9n\u00e9sz prof. tan\u00edtv\u00e1nya, munkat\u00e1rsa, a II. B\u00e9csi D\u00f6nt\u00e9s miatt az \u00e1llamvizsg\u00e1t (1940. szept. 3.) letett\u00e9k \u00e9s az egyetem Nagyszebenbe k\u00f6lt\u00f6z\u00f6tt, \u0151 maga visszat\u00e9rt sz\u00fcleihez Mv.-re. M\u00e1r egyetemista kor\u00e1ban a baloldali cionist\u00e1kkal kapcsolatba l\u00e9pett, ateista lett, a V\u00f6r\u00f6s Seg\u00e9ly (RKP) t\u00e1mogat\u00f3ja, megismerkedett Salamon Ern\u0151vel, Brassai Viktorral, G\u00e1ll Ern\u0151vel, Ga\u00e1l G\u00e1borral, a baloldal k\u00e9pvisel\u0151ivel. Ekkort\u00f3l kezdett \u00edrni verseket, pr\u00f3z\u00e1t, publicisztik\u00e1t. Mv.-en n\u00e9h\u00e1ny h\u00f3napig munkan\u00e9lk\u00fcli, kiseg\u00edt\u0151 orvos az Orsz\u00e1gos T\u00e1rsadalombiztos\u00edt\u00e1si Int\u00e9zet mv.-i fi\u00f3kj\u00e1n\u00e1l. Munkaszolg\u00e1latos Nagyb\u00e1ny\u00e1n (1942. okt.\u2013), Pecs\u00e9tszegre k\u00fcldt\u00e9k, ahol a lak\u00f3ss\u00e1g orvos n\u00e9lk\u00fcl maradt \u00e9s itt megkezdte az orvosi gyakorlat\u00e1t, majd a sz\u00e1zad\u00e1t a D\u00e9da\u2013Szeretfalva \u00e9p\u00edtkez\u00e9shez osztott\u00e1k be, az Apahid\u00e1n \u00e1llom\u00e1soz\u00f3 k\u00f6rlet orvosa, majd Bp.-re ker\u00fclt a sz\u00e1zada, onnan Paksra, majd M\u00e1ramarosba ker\u00fcltek, innen a Gyimesekbe a v\u00e9dvonal-er\u0151d\u00edt\u00e9sekhez (1944. nyara). \u00c1tsz\u00f6k\u00f6tt k\u00e9t t\u00e1rs\u00e1val az oroszokhoz \u00e9s Balassagyarmatig k\u00eds\u00e9rte a V\u00f6r\u00f6s Hadsereget, rom\u00e1n \u00e9s m. haditolm\u00e1cs. Visszat\u00e9rt Mv.-re, feles\u00e9g\u00fcl vette a deport\u00e1l\u00e1sb\u00f3l visszat\u00e9rt Sebesty\u00e9n R\u00e1chel tan\u00edt\u00f3n\u0151t (1945. j\u00fan. 30.), hat\u00f3s\u00e1gi orvos az \u00e1llami k\u00f3rh\u00e1zban, a Kv.-r\u00f3l Mv.-re \u00e1ttelep\u00edtett orvosi egyetemen, a MOGYI-n gyakornokk\u00e9nt kezdte tev\u00e9kenys\u00e9g\u00e9t (1945. okt. 1.\u2013), a belgy\u00f3gy\u00e1szaton dr. D\u00f3czy P\u00e1l \u00e9s Haranghy L\u00e1szl\u00f3 prof. mellett, majd tan\u00e1rseg\u00e9d. A T\u00e1rsadalomtudom\u00e1nyi tansz\u00e9k el\u0151ad\u00f3tan\u00e1ra (1948. febr.\u2013), prof. (1949\u201353). \u00c1tszervezt\u00e9k a tansz\u00e9k\u00e9t \u00e9s lev\u00e1ltott\u00e1k, \u00e1thelyezt\u00e9k az Orvos- \u00e9s Gy\u00f3gyszer\u00e9szett\u00f6rt\u00e9neti Tansz\u00e9kre el\u0151ad\u00f3tan\u00e1rnak, dr. Metz Istv\u00e1n prof. mell\u00e9 (1953\u2013), \u00e9s ut\u00e1n. Professzori c\u00edmet kapott (1961\u2013) \u00e9s dr. Bolog\u00e1n\u00e1l megszerezte a doktori tudom\u00e1nyos fokozatot Despre teoria nervist\u0103 a lui K\u00e1roly Lechner c. dolgozat\u00e1val. A rom\u00e1n nyelv\u0171 el\u0151ad\u00e1sokat is elv\u00e1llalta (1962\u2013). Nyugd\u00edjba vonult (1982. aug.), konzult\u00e1ns prof.-k\u00e9nt tov\u00e1bbra is el\u0151ad\u00e1sokat tartott \u00e9s vezette a doktori iskol\u00e1t, az eg\u00e9sz orsz\u00e1gb\u00f3l fogadott doktorandusokat. Sz\u00e1mos el\u0151ad\u00e1st tartott, a KZST tagja \u00e9s szerepl\u0151je, r\u00e9szt vett a Zsid\u00f3 Demokrata Bizotts\u00e1g munk\u00e1lataiban. Hazai \u00e9s nemzetk\u00f6zi konferenci\u00e1kon vett r\u00e9szt, ill. k\u00fcldte el el\u0151ad\u00e1s\u00e1t (Mv., Buk., Montpellier, Bp., Bazel, Sienna, Parizs, Vars\u00f3, Ny. Berlin, London, Ath\u00e9n, Quebec). Indul\u00e1s\u00e1t\u00f3l (1975-ig) szerkesztette az Orvosi Szemle a k\u00e9s\u0151bbi Revista Medical\u0103 \u2013 Orvosi Szemle szaklapot, az akad. havi k\u00f6zlem\u00e9ny\u00e9nek, a Noesis-nek egyik szerkeszt\u0151je. Kutat\u00e1si ter\u00fclete a hazai \u00e9s az egyetemes orvos- \u00e9s gy\u00f3gyszer\u00e9szet t\u00f6rt\u00e9nete a k\u00e9sei erd\u00e9lyi humanizmus kor\u00e1t\u00f3l a 19 sz. derek\u00e1ig, a n\u00e9pgy\u00f3gy\u00e1szat, a magyar-rom\u00e1n-sz\u00e1sz \u00e9s az egyetemes gy\u00f3gy\u00e1szat kapcsolatai. Tanulm\u00e1nyait, szakcikkeit k\u00f6z\u00f6lte az Ardealul Medical, Revista Medical\u0103 \u2013 Orvosi Szemle; Studii \u015fi cercet\u0103ri \u015ftiin\u0163ifice a Filialei Academiei R. P. R., Ocrotirea s\u0103n\u0103t\u0103\u0163ii, Communicationes ex Bibl. Hist. Med. Hung. Bp., Revista de fiziologie normal\u0103 \u015fi patologic\u0103, Via\u0163a Medical\u0103, Term\u00e9szettudom\u00e1nyi K\u00f6zl\u00f6ny, Cercet\u0103ri filozofice, Korunk, Spitalul, Revista \u00eenv\u0103\u0163\u0103m\u00e2ntului superior, Horus, Orvosi Hetilap, Revista medico-historica Cubana Fnlay (La Habanna), Revue d histoire de la pharmacie, Revista medico-chirurgical\u0103 (Ia\u015fi); Spitalul, Revista de filozofie, Farmacia, Igiena, Pagine de Storia della Medicina (Roma); Archives de l Union Medicale Balcanique, Pharmacy in History, Geschichte der Naturwissenschaften, Technik und Medizin (Berlin), Neurologia, psihiatria, neurochirurgia, Die Gr\u00fcnenthal Waage, Medizinhistorisches Journal, Obstetrica \u015fi ginecologia; Ver\u00f6ffentlichungen der Internationalen Gesellschaft f\u00fcr Geschichte der Pharmazie (Stuttgart), Lupta de clas\u0103, Studii, Anuarul Institutului de Istorie \u015fi Archeologie, Forum, Munca sanitar\u0103, Korunk \u00c9vk, Bundesgesundheitsblatt, Pharmazeutische Zeitung, Gy\u00f3gyszer\u00e9zet, Practica farmaceutic\u0103, Tett: Ember \u00e9s eg\u00e9szs\u00e9g (A H\u00e9t mell\u00e9klete), A H\u00e9t, Vatra, A H\u00e9t \u00e9vk.: Mi lehet,mi lesz a gyermekem?, Magyar Nyelv, Revista Medical\u0103,Sudhoffs-Archiv, Korunk \u00e9vk., Brass\u00f3i Lapok, Biblos, Die Entwicklung des Medizinhistorischen Unterrichts (Halle), Harvard Library Bulletin, Korunk-f\u00fczetek, Clio Medica. Orvos-publicisztikai \u00e9s tudom\u00e1nyn\u00e9pszer\u0171s\u00edt\u0151 \u00edr\u00e1sait k\u00f6z\u00f6lte az Utunk, Contemporanul, Ardealul nou, Rom\u00e2nia liber\u0103, Falvak Napt\u00e1ra, V. Z., El\u0151re, Igaz Sz\u00f3, \u00c9let \u00e9s Tudom\u00e1ny, F\u00e1klya (Nagyv\u00e1rad), M\u0171vel\u0151d\u00e9s, Tan\u00fcgyi \u00dajs\u00e1g, Munca, \u00daj \u00c9let, Pentru ap\u0103rarea p\u0103cii, Steaua ro\u015fie, Studii, Revista \u00eenv\u0103\u0163\u0103m\u00eentului superior, Lupta de clas\u0103, Astra, Cadran mure\u015fan, Aesculap, Echinox, Vatra, Pagine di Storia della Medicina, Muncitorul sanitar, Dolgoz\u00f3 N\u0151, Orvost\u00f6rt\u00e9neti K\u00f6zlem\u00e9nyek, Hargita Kalend\u00e1rium, Brass\u00f3i Lapok, Neuer Weg. A di\u00e1kok sz\u00e1m\u00e1ra jegyzeteket \u00e1ll\u00edtott \u00f6ssze, sorra jelentek meg a m\u0171vei. F\u0151k\u00e9nt erd\u00e9lyi orvost\u00f6rt\u00e9nelemmel foglalkozott. Sok, ismeretlen, elfelejtett orvosi \u00e9s term\u00e9szettudom\u00e1nyi eml\u00e9ket t\u00e1rt fel, ill. r\u00e1juk ir\u00e1ny\u00edtotta a figyelmet. A Rom\u00e1n Tud. Akad. tagja, a rom\u00e1n akad. tudom\u00e1ny b\u00f6lcseleti \u00e9s -t\u00f6rt\u00e9neti bizotts\u00e1g\u00e1nak vezet\u0151s\u00e9gi tagja (1971). A Rom\u00e1n Orvost\u00f6rt. T\u00e1rs. eln\u00f6ks\u00e9g\u00e9nek tagja, aleln\u00f6ke (1973-t\u00f3l). \u00c9rdemes egyetemi tan\u00e1r (1972). A Nemzetk\u00f6zi Orvost\u00f6rt\u00e9neti T\u00e1rsas\u00e1g (P\u00e1rizs, 1965), a Nemzetk\u00f6zi Gy\u00f3gyszer\u00e9szt\u00f6rt\u00e9neti T\u00e1rsas\u00e1g (N\u00e9meto., 1967), The Society for the Social History of Medicin (London, 1970), a Nemzetk\u00f6zi Gy\u00f3gyszer\u00e9szeti Akad\u00e9mia (H\u00e1ga, 1973), a Montpellier-i Orvost\u00f6rt\u00e9neti T\u00e1rsas\u00e1g (1975), a Magyar Orvost\u00f6rt\u00e9neti T\u00e1rsas\u00e1g tagja, ill. Tiszteletbeli tagja. Munka \u00c9rdemrend II. fokozata (1955) kit\u00fcntetettje. T\u00e1rsszerz\u0151k\u00e9nt Din istoria filozofiei \u00een Rom\u00e2nia c. k\u00f6tet\u00e9rt B\u0103lcescu-d\u00edjjal t\u00fcntett\u00e9k ki (1963). Weszpr\u00e9mi Istv\u00e1n-eml\u00e9k\u00e9rem (1973). Fia, S. Mih\u00e1ly megtal\u00e1lta apja \u00e9s nagyapja levelez\u00e9s\u00e9t (1934\u201344 k\u00f6z\u00f6tt), amib\u0151l eddig csak a G\u00e1ll Ern\u0151h\u00f6z \u00edrott leveleit dolgozta fel G\u00e1l Ern\u0151n\u00e9. \u2013 <strong>F. m.<\/strong>: Orvost\u00f6rt\u00e9nelem (Mv., 1955); Teoria nervist\u0103 a lui Lechner K\u00e1roly: Autoreferat la diserta\u0163ia pentru ob\u0163inerea titlului de doctor \u00een \u015ftiin\u0163e medicale (Cluj, 1957); Az orvostudom\u00e1ny t\u00f6rt\u00e9nete: 1. \u00c1ltal\u00e1nos orvost\u00f6rt\u00e9nelem (Mv., 1960); De la medicina empiric\u0103 la medicina \u015ftiin\u0163ific\u0103 (Buc., 1961); M\u00e1soknak vil\u00e1g\u00edtva. M\u00e1tyus Istv\u00e1n \u00e9letreg\u00e9nye (Buk., 1969, Kv., 1970); A k\u00f6zj\u00f3 szolg\u00e1lat\u00e1ban: M\u0171vel\u0151d\u00e9st\u00f6rt\u00e9neti tanulm\u00e1nyok (Buk., 1976; 1977); Az orvostudom\u00e1ny t\u00f6rt\u00e9nete (Mv., 1979\u20131980); Restituiri istorico-medicale: Studii de istoria \u015ftiin\u0163ei \u015fi culturii (Buc., 1980); Elemente de sociologia medicinei (Tg.M., 1980); Istoria medicinei (Tg.M., 1981); Orvosi szociol\u00f3gia (Mv., 1981); A Rom\u00e1nia Magyar Nemzetis\u00e9g (Buk., 1981); Betegs\u00e9g, orvosl\u00e1s, t\u00e1rsadalom: Az orvosi szociol\u00f3gia v\u00e1zlata (Buk., 1984); <strong>antol\u00f3g.:<\/strong> Mv. \u00e9s V\u00e1rtemploma (Bp., 1990); <strong>szerk.:<\/strong> Lechner K\u00e1roly: Monogr\u00e1fia (Bal\u00e1zs S\u00e1ndorral; Buk., 1956); A hazai orvostudom\u00e1ny t\u00f6rt\u00e9net\u00e9b\u0151l (Buk., 1957); Institutul de Medicin\u0103 \u015fi Farmacie din Tg. Mure\u015f (1945\u20131967): Anuar (Tg.M., 1967); <strong>t\u00e1rssz.:<\/strong> Nyulas Ferenc: Monogr\u00e1fia (So\u00f3s P\u00e1llal; Buk., 1955); Klinik und Pathologische Anatomie der Erythromyelosis Leukaemica (Haranghy L\u00e1szl\u00f3-, D\u00f3czy P\u00e1l-, Sz\u00e9kely K\u00e1rollyal; Bp., 1958); Istoria medicinei (Valeriu Bologa-, Benone Du\u0163escu-, Iuliu Ghelerter-, Laz\u0103r Wassermannal; Buc., 1963); Orvost\u00f6rt\u00e9nelmi el\u0151ad\u00e1sok \/ \u00d6ssze\u00e1ll\u00edtotta dr. Metz Istv\u00e1n (Mv., 1952); I. P. Pavlov tan\u00edt\u00e1sa, a diaektikus materializmus ismeretelm\u00e9let\u00e9nek term\u00e9szettudom\u00e1nyos alapja (Mv., 1952); Istoria medicinei: Studii \u015fi cercet\u0103ri (Buc., 1957); Din istoria filozofiei \u00een Rom\u00e2nia. 3. (Buc., 1960); Din istoria medicinei rom\u00e2ne\u015fti \u015fi universale (Buc., 1962); Chipuri \u015fi momente din istoria educa\u0163iei sanitare (Buc., 1964); Despre medicina popular\u0103 rom\u00e2neasc\u0103 (Buc., 1968; 1970); In memoriam H. Boerhaave (1668\u20131738) (Halle, 1969); Istoria medicinei universale (Buc., 1970); Din trecutul medicinei muncii \u00een Rom\u00e2nia (Buc., 1971); Din istoria luptei antiepidemice \u00een Rom\u00e2nia (Buc., 1972); Istoria medicinei rom\u00e2ne\u015fti (Buc., 1972); Din istoria luptei antiepidemice din Rom\u00e2nia (Buc., 1972); Practica farmaceutic\u0103 2. (Buc., 1973); Aspecte istorice ale medicinii \u00een medul rural (Buc., 1973); Pove\u0163uitorul s\u0103n\u0103t\u0103\u0163ii: Crestoma\u0163ia educa\u0163iei sanitare din Rom\u00e2nia (Buc., 1975); Valeriu Bologa (1892\u20131971) (Buc., 1976); Spitale vechi \u015fi noi: Studii \u015fi note (Buc., 1976); Armarium: Studia ex historia scripturae, librorum et ephemeridum. 1. (Bp., 1976); Practica farmaceutic\u0103 (Buc., 1978); Din tradi\u0163iile medicinii \u015fi ale educa\u0163iei sanitare: Studii \u015fi note (Buc., 1978); Medizinische Diagnostik in Geschichte und Gegenwart: Festschrift f\u00fcr Heinz Goerke zum 60. Geburtstag (M\u00fcnchen, 1978); Istoria \u015ftiin\u0163elor din Rom\u00e2nia: Medicina (Buc., 1980); Trecut \u015fi viitor \u00een medicin\u0103 Buc., 1981); Rom\u00e1niai m. nemzetis\u00e9g (Buk., 1981); Rom\u00e1niai magyar irodalmi lexikon 1\u20132 k\u00f6t. (Buk., 1981); Na\u0163ionalitatea maghiar\u0103 \u00een Rom\u00e2nia (Buc., 1981); V. Babe\u015f: Opere alese: 3. Introducere (angolul, oroszul is; Buc., 1982); Momente din trecutul medicinii (Buc., 1983); Etic\u0103 \u015fi sociologie contemporan\u0103: Rela\u0163ia medic-farmacist-bolnav (Ia\u015fi, 1983); Istoria \u00eenv\u0103\u0163\u0103m\u00eentului din Rom\u00e2nia. 1. (Buc., 1983); Ap\u0103rarea s\u0103n\u0103t\u0103\u0163ii ieri \u015fi azi: Studii, note \u015fi documente (Buc., 1984); \u00cemplica\u0163iile social-umane medicale ale revolu\u0163iei \u015ftiin\u0163ifice \u015fi tehnice contemporane (Ia\u015fi, 1985); Retrospective medicale: Studii, note, documente (Buc., 1985); A marosv\u00e1s\u00e1r-helyi ferences templom \u00e9s kolostor. (Sz\u00e9kelyf\u00f6ld t\u00f6rt\u00e9nete. I. k\u00f6t. Buk., 1981); szerk. \u00e9s ford.: Victor Babe\u015f: Eg\u00e9sz\u00e9g\u00fcgy \u00e9s politika: V\u00e1logatott \u00edr\u00e1sok (ford. Imreh Pirosk\u00e1val, szerk.; Buk., 1977); Petelei Istv\u00e1n novell\u00e1it el\u0151sz\u00f3val l\u00e1tta el \u00e9s adta ki. \u2013 Irod.: B\u00e4cher Iv\u00e1n: A T\u00e9ka \u00e9s \u0151rei (\u00c1talvet\u0151 41. sz., 2002. m\u00e1rc.); Bottoni 2008; Dezs\u0151 Istv\u00e1n; Facultatea de Farmacie din T\u00e2rgu-Mure\u015f = A mv.-i Gy\u00f3gyszer\u00e9szeti Kar, 1948\u20131998; \u00c9vek 1100-b\u00f3l; Genersich; K\u00e1ntor-L\u00e1ng; Kapronczay K\u00e1roly: S. J. (Orv. Htl., 1987); Katona Szab\u00f3; Kiss Cs.M.; KM\u00cd; Koch M\u00e1ria: K\u00f6z\u00f6s utakon (V. Z., 1980. nov. 22.); Kusz\u00e1lik; Liceul Al. Papiu Ilarian la 75 de ani. (TgM, 1994); M\u00c9L; MIIB; MIL; MOGYE; Mv.-i zsid\u00f3 temet\u0151 dok.; [Nekrol\u00f3g] (V. Z., 1986. aug. 30.); A m\u00falt m. orvost\u00f6rt\u00e9n\u00e9szei. Kiad. Gazda Istv\u00e1n. (Piliscsaba-Bp., 2002); Nagy L; P\u00e9ter; P\u00e9ter H.M.; S.J.: Az orvos megtal\u00e1lta hely\u00e9t a t\u00e1rsadalomban (V. Z., 1964. aug. 14.); R\u00e9thy\u2013\u00dajv\u00e1ri\u2013V\u00e1czi; Spielmann J\u00f3zsef orvost\u00f6rt\u00e9n\u00e9sz eml\u00e9kk\u00f6nyve; Szab\u00f3 T. Attila: S. J. \u00e9s az Eg\u00e9sz orvoss\u00e1gr\u00f3l val\u00f3 k\u00f6nyv azaz Ars Medica = Spielmann J\u00f3zsef orvost\u00f6rt\u00e9n\u00e9sz eml\u00e9kk\u00f6nyve; Sz\u00f6ll\u0151si 2009; Todea; Tett (1977, 1986); Todea; \u00daM\u00c9L.<\/br><\/p>\n","protected":false},"excerpt":{"rendered":"<p>Mez\u0151velk\u00e9r, 1917. m\u00e1j. 9., Mv., 1986. aug. 29. v. 28., s\u00edrja Mv.-en az izraelita \u00faj s\u00edrkertben: orvos, egyetemi tan\u00e1r, orvost\u00f6rt\u00e9n\u00e9sz. \u2013K\u00f6z\u00e9piskolai tanulm\u00e1nyait Mv.-en m. nyelv\u0171 elemiben kezdte, majd rom\u00e1nul folytatta az Al. Papiu Ilarian l\u00edc.-ban \u00e9retts\u00e9giig (1926\u201334), Kv.-on az egyetem orvosi kar\u00e1n folytatta tanulm\u00e1nyait (1934\u201340), dr. Valeriu Lucian Bologa orvost\u00f6rt\u00e9n\u00e9sz prof. tan\u00edtv\u00e1nya, munkat\u00e1rsa, a II. [&hellip;]<\/p>\n","protected":false},"featured_media":0,"comment_status":"open","ping_status":"closed","template":"","meta":[],"product_brand":[],"product_cat":[137],"product_tag":[],"class_list":{"0":"post-20746","1":"product","2":"type-product","3":"status-publish","5":"product_cat-maros-megyei-eletrajzi-lexikon","7":"first","8":"instock","9":"shipping-taxable","10":"product-type-simple"},"_links":{"self":[{"href":"https:\/\/uj.adatbank.ro\/lexikon\/wp-json\/wp\/v2\/product\/20746","targetHints":{"allow":["GET"]}}],"collection":[{"href":"https:\/\/uj.adatbank.ro\/lexikon\/wp-json\/wp\/v2\/product"}],"about":[{"href":"https:\/\/uj.adatbank.ro\/lexikon\/wp-json\/wp\/v2\/types\/product"}],"replies":[{"embeddable":true,"href":"https:\/\/uj.adatbank.ro\/lexikon\/wp-json\/wp\/v2\/comments?post=20746"}],"wp:attachment":[{"href":"https:\/\/uj.adatbank.ro\/lexikon\/wp-json\/wp\/v2\/media?parent=20746"}],"wp:term":[{"taxonomy":"product_brand","embeddable":true,"href":"https:\/\/uj.adatbank.ro\/lexikon\/wp-json\/wp\/v2\/product_brand?post=20746"},{"taxonomy":"product_cat","embeddable":true,"href":"https:\/\/uj.adatbank.ro\/lexikon\/wp-json\/wp\/v2\/product_cat?post=20746"},{"taxonomy":"product_tag","embeddable":true,"href":"https:\/\/uj.adatbank.ro\/lexikon\/wp-json\/wp\/v2\/product_tag?post=20746"}],"curies":[{"name":"wp","href":"https:\/\/api.w.org\/{rel}","templated":true}]}}