{"id":20748,"date":"2025-07-22T19:00:10","date_gmt":"2025-07-22T17:00:10","guid":{"rendered":"https:\/\/uj.adatbank.ro\/lexikon\/termek\/spierer-sandor\/"},"modified":"2025-07-22T19:00:10","modified_gmt":"2025-07-22T17:00:10","slug":"spierer-sandor","status":"publish","type":"product","link":"https:\/\/uj.adatbank.ro\/lexikon\/termek\/spierer-sandor\/","title":{"rendered":"SPIERER S\u00e1ndor"},"content":{"rendered":"<p>Mv., 1888., \u2020?: keresked\u0151. \u2013 Iskol\u00e1i (1919), megszervezte a MSE \u00fasz\u00f3 szakoszt\u00e1ly\u00e1t. Akt\u00edv sportol\u00f3 volt, atl\u00e9tik\u00e1ban jeleskedett, elv\u00e9gz\u00e9se ut\u00e1n keresked\u00e9st tanult, majd szaktud\u00e1s\u00e1t fejlesztette \u00e9s \u00f6n\u00e1ll\u00f3 lett Ny\u00e1r\u00e1dszered\u00e1n (1913). R\u00e9szt vett az els\u0151 vh.-ban mint tizedes szerelt le. A kultur\u00e1lis egyes\u00fcletek t\u00e1mogat\u00f3ja volt. <br \/><strong>Irod.:<\/strong> Erd\u00e9lyi ezredek 2.; Heged\u0171s M\u00e1rton: M. hadviselt zsid\u00f3k aranyalbuma az 1914\u201318-as vil\u00e1gh\u00e1bor\u00fa eml\u00e9kl\u00e9re (Bp., 1941); Illy\u00e9s; Kl\u00f3sz\u2013Tolok\u00e1n; M. hadviselt zsid\u00f3k; Mv.-i labdar\u00fag\u00e1s.<\/br><\/p>\n","protected":false},"excerpt":{"rendered":"<p>Mv., 1888., \u2020?: keresked\u0151. \u2013 Iskol\u00e1i (1919), megszervezte a MSE \u00fasz\u00f3 szakoszt\u00e1ly\u00e1t. Akt\u00edv sportol\u00f3 volt, atl\u00e9tik\u00e1ban jeleskedett, elv\u00e9gz\u00e9se ut\u00e1n keresked\u00e9st tanult, majd szaktud\u00e1s\u00e1t fejlesztette \u00e9s \u00f6n\u00e1ll\u00f3 lett Ny\u00e1r\u00e1dszered\u00e1n (1913). R\u00e9szt vett az els\u0151 vh.-ban mint tizedes szerelt le. A kultur\u00e1lis egyes\u00fcletek t\u00e1mogat\u00f3ja volt. Irod.: Erd\u00e9lyi ezredek 2.; Heged\u0171s M\u00e1rton: M. hadviselt zsid\u00f3k aranyalbuma az 1914\u201318-as [&hellip;]<\/p>\n","protected":false},"featured_media":0,"comment_status":"open","ping_status":"closed","template":"","meta":[],"product_brand":[],"product_cat":[137],"product_tag":[],"class_list":{"0":"post-20748","1":"product","2":"type-product","3":"status-publish","5":"product_cat-maros-megyei-eletrajzi-lexikon","7":"first","8":"instock","9":"shipping-taxable","10":"product-type-simple"},"_links":{"self":[{"href":"https:\/\/uj.adatbank.ro\/lexikon\/wp-json\/wp\/v2\/product\/20748","targetHints":{"allow":["GET"]}}],"collection":[{"href":"https:\/\/uj.adatbank.ro\/lexikon\/wp-json\/wp\/v2\/product"}],"about":[{"href":"https:\/\/uj.adatbank.ro\/lexikon\/wp-json\/wp\/v2\/types\/product"}],"replies":[{"embeddable":true,"href":"https:\/\/uj.adatbank.ro\/lexikon\/wp-json\/wp\/v2\/comments?post=20748"}],"wp:attachment":[{"href":"https:\/\/uj.adatbank.ro\/lexikon\/wp-json\/wp\/v2\/media?parent=20748"}],"wp:term":[{"taxonomy":"product_brand","embeddable":true,"href":"https:\/\/uj.adatbank.ro\/lexikon\/wp-json\/wp\/v2\/product_brand?post=20748"},{"taxonomy":"product_cat","embeddable":true,"href":"https:\/\/uj.adatbank.ro\/lexikon\/wp-json\/wp\/v2\/product_cat?post=20748"},{"taxonomy":"product_tag","embeddable":true,"href":"https:\/\/uj.adatbank.ro\/lexikon\/wp-json\/wp\/v2\/product_tag?post=20748"}],"curies":[{"name":"wp","href":"https:\/\/api.w.org\/{rel}","templated":true}]}}