{"id":20749,"date":"2025-07-22T19:00:12","date_gmt":"2025-07-22T17:00:12","guid":{"rendered":"https:\/\/uj.adatbank.ro\/lexikon\/termek\/spierer-vilmos-%c2%a7\/"},"modified":"2025-07-22T19:00:12","modified_gmt":"2025-07-22T17:00:12","slug":"spierer-vilmos-%c2%a7","status":"publish","type":"product","link":"https:\/\/uj.adatbank.ro\/lexikon\/termek\/spierer-vilmos-%c2%a7\/","title":{"rendered":"SPIERER Vilmos, \u00a7"},"content":{"rendered":"<p>Mv., 1891, \u2020?: dr., \u00fcgyv\u00e9d. \u2013 Mv.-en \u00fcgyv\u00e9d, dr. R\u00e9szt vett az I. vh.-ban (1914. aug\u201318. nov.), hadapr\u00f3d a cs. \u00e9s kir. 62.gy.e.-ben, az orosz harct\u00e9ren k\u00fczd\u00f6tt, megsebes\u00fclt \u00e9s fogs\u00e1gba esett 3 \u00e9vig (1915\u2013), megsz\u00f6k\u00f6tt (1918. j\u00fal.). F\u0151hadnagyi rangban szerelt le. <strong>Kit\u00fcntet\u00e9sei:<\/strong> Az arany vit\u00e9zs\u00e9gi \u00e9rem, O1, O 2, Ob, K\u00e1roly cs. k., tulajdonosa. Az MSE futball szakoszt\u00e1ly\u00e1nak int\u00e9z\u0151je.<\/br><\/p>\n","protected":false},"excerpt":{"rendered":"<p>Mv., 1891, \u2020?: dr., \u00fcgyv\u00e9d. \u2013 Mv.-en \u00fcgyv\u00e9d, dr. R\u00e9szt vett az I. vh.-ban (1914. aug\u201318. nov.), hadapr\u00f3d a cs. \u00e9s kir. 62.gy.e.-ben, az orosz harct\u00e9ren k\u00fczd\u00f6tt, megsebes\u00fclt \u00e9s fogs\u00e1gba esett 3 \u00e9vig (1915\u2013), megsz\u00f6k\u00f6tt (1918. j\u00fal.). F\u0151hadnagyi rangban szerelt le. Kit\u00fcntet\u00e9sei: Az arany vit\u00e9zs\u00e9gi \u00e9rem, O1, O 2, Ob, K\u00e1roly cs. k., tulajdonosa. Az [&hellip;]<\/p>\n","protected":false},"featured_media":0,"comment_status":"open","ping_status":"closed","template":"","meta":[],"product_brand":[],"product_cat":[137],"product_tag":[],"class_list":{"0":"post-20749","1":"product","2":"type-product","3":"status-publish","5":"product_cat-maros-megyei-eletrajzi-lexikon","7":"first","8":"instock","9":"shipping-taxable","10":"product-type-simple"},"_links":{"self":[{"href":"https:\/\/uj.adatbank.ro\/lexikon\/wp-json\/wp\/v2\/product\/20749","targetHints":{"allow":["GET"]}}],"collection":[{"href":"https:\/\/uj.adatbank.ro\/lexikon\/wp-json\/wp\/v2\/product"}],"about":[{"href":"https:\/\/uj.adatbank.ro\/lexikon\/wp-json\/wp\/v2\/types\/product"}],"replies":[{"embeddable":true,"href":"https:\/\/uj.adatbank.ro\/lexikon\/wp-json\/wp\/v2\/comments?post=20749"}],"wp:attachment":[{"href":"https:\/\/uj.adatbank.ro\/lexikon\/wp-json\/wp\/v2\/media?parent=20749"}],"wp:term":[{"taxonomy":"product_brand","embeddable":true,"href":"https:\/\/uj.adatbank.ro\/lexikon\/wp-json\/wp\/v2\/product_brand?post=20749"},{"taxonomy":"product_cat","embeddable":true,"href":"https:\/\/uj.adatbank.ro\/lexikon\/wp-json\/wp\/v2\/product_cat?post=20749"},{"taxonomy":"product_tag","embeddable":true,"href":"https:\/\/uj.adatbank.ro\/lexikon\/wp-json\/wp\/v2\/product_tag?post=20749"}],"curies":[{"name":"wp","href":"https:\/\/api.w.org\/{rel}","templated":true}]}}