{"id":2075,"date":"2025-06-28T12:03:02","date_gmt":"2025-06-28T10:03:02","guid":{"rendered":"https:\/\/uj.adatbank.ro\/lexikon\/termek\/balogh-jozsef\/"},"modified":"2025-06-28T12:03:02","modified_gmt":"2025-06-28T10:03:02","slug":"balogh-jozsef","status":"publish","type":"product","link":"https:\/\/uj.adatbank.ro\/lexikon\/termek\/balogh-jozsef\/","title":{"rendered":"BALOGH J\u00f3zsef"},"content":{"rendered":"<p>1870. j\u00fan. 9., \u2020\u00a01920. jan. 13.: r. k. pap. \u2013 Papp\u00e1 szentelt\u00e9k (1892.? dec. 31.). Gimn.-i tan\u00e1r volt Mv.-en (1892 ?\u201397), Gyulafeh\u00e9rv\u00e1ron ceremon\u00e1rius (1897\u2013), majd gimn.-i tan\u00e1r Cs\u00edksomly\u00f3n (1901\u2013), Brass\u00f3ban (1906\u201320). <br \/><strong>Irod.:<\/strong> Ferenczi S\u00e1ndor 2009<\/br><\/p>\n","protected":false},"excerpt":{"rendered":"<p>1870. j\u00fan. 9., \u2020\u00a01920. jan. 13.: r. k. pap. \u2013 Papp\u00e1 szentelt\u00e9k (1892.? dec. 31.). Gimn.-i tan\u00e1r volt Mv.-en (1892 ?\u201397), Gyulafeh\u00e9rv\u00e1ron ceremon\u00e1rius (1897\u2013), majd gimn.-i tan\u00e1r Cs\u00edksomly\u00f3n (1901\u2013), Brass\u00f3ban (1906\u201320). Irod.: Ferenczi S\u00e1ndor 2009<\/p>\n","protected":false},"featured_media":0,"comment_status":"open","ping_status":"closed","template":"","meta":[],"product_brand":[],"product_cat":[137],"product_tag":[],"class_list":{"0":"post-2075","1":"product","2":"type-product","3":"status-publish","5":"product_cat-maros-megyei-eletrajzi-lexikon","7":"first","8":"instock","9":"shipping-taxable","10":"product-type-simple"},"_links":{"self":[{"href":"https:\/\/uj.adatbank.ro\/lexikon\/wp-json\/wp\/v2\/product\/2075","targetHints":{"allow":["GET"]}}],"collection":[{"href":"https:\/\/uj.adatbank.ro\/lexikon\/wp-json\/wp\/v2\/product"}],"about":[{"href":"https:\/\/uj.adatbank.ro\/lexikon\/wp-json\/wp\/v2\/types\/product"}],"replies":[{"embeddable":true,"href":"https:\/\/uj.adatbank.ro\/lexikon\/wp-json\/wp\/v2\/comments?post=2075"}],"wp:attachment":[{"href":"https:\/\/uj.adatbank.ro\/lexikon\/wp-json\/wp\/v2\/media?parent=2075"}],"wp:term":[{"taxonomy":"product_brand","embeddable":true,"href":"https:\/\/uj.adatbank.ro\/lexikon\/wp-json\/wp\/v2\/product_brand?post=2075"},{"taxonomy":"product_cat","embeddable":true,"href":"https:\/\/uj.adatbank.ro\/lexikon\/wp-json\/wp\/v2\/product_cat?post=2075"},{"taxonomy":"product_tag","embeddable":true,"href":"https:\/\/uj.adatbank.ro\/lexikon\/wp-json\/wp\/v2\/product_tag?post=2075"}],"curies":[{"name":"wp","href":"https:\/\/api.w.org\/{rel}","templated":true}]}}