{"id":20750,"date":"2025-07-22T19:00:15","date_gmt":"2025-07-22T17:00:15","guid":{"rendered":"https:\/\/uj.adatbank.ro\/lexikon\/termek\/spinei-haralambie\/"},"modified":"2025-07-22T19:00:15","modified_gmt":"2025-07-22T17:00:15","slug":"spinei-haralambie","status":"publish","type":"product","link":"https:\/\/uj.adatbank.ro\/lexikon\/termek\/spinei-haralambie\/","title":{"rendered":"SPINEI, Haralambie"},"content":{"rendered":"<p>T\u0103t\u0103ra\u015f-Sorocan (Moldovai k.), 1908. febr. 10 \u2020?: iskolaigazgat\u00f3. \u2013 Iskolaigazgat\u00f3 Erd\u0151szentgy\u00f6rgy\u00f6n A Faliboga \u2013f\u00e9le \u00f6sszeesk\u00fcv\u00e9s III. csoportj\u00e1nak tagja. Letart\u00f3ztatt\u00e1k (1956 nov. 23) El\u00edt\u00e9lt\u00e9k <br \/><strong>Irod.:<\/strong> \u00c1ldozatok.<\/br><\/p>\n","protected":false},"excerpt":{"rendered":"<p>T\u0103t\u0103ra\u015f-Sorocan (Moldovai k.), 1908. febr. 10 \u2020?: iskolaigazgat\u00f3. \u2013 Iskolaigazgat\u00f3 Erd\u0151szentgy\u00f6rgy\u00f6n A Faliboga \u2013f\u00e9le \u00f6sszeesk\u00fcv\u00e9s III. csoportj\u00e1nak tagja. Letart\u00f3ztatt\u00e1k (1956 nov. 23) El\u00edt\u00e9lt\u00e9k Irod.: \u00c1ldozatok.<\/p>\n","protected":false},"featured_media":0,"comment_status":"open","ping_status":"closed","template":"","meta":[],"product_brand":[],"product_cat":[137],"product_tag":[],"class_list":{"0":"post-20750","1":"product","2":"type-product","3":"status-publish","5":"product_cat-maros-megyei-eletrajzi-lexikon","7":"first","8":"instock","9":"shipping-taxable","10":"product-type-simple"},"_links":{"self":[{"href":"https:\/\/uj.adatbank.ro\/lexikon\/wp-json\/wp\/v2\/product\/20750","targetHints":{"allow":["GET"]}}],"collection":[{"href":"https:\/\/uj.adatbank.ro\/lexikon\/wp-json\/wp\/v2\/product"}],"about":[{"href":"https:\/\/uj.adatbank.ro\/lexikon\/wp-json\/wp\/v2\/types\/product"}],"replies":[{"embeddable":true,"href":"https:\/\/uj.adatbank.ro\/lexikon\/wp-json\/wp\/v2\/comments?post=20750"}],"wp:attachment":[{"href":"https:\/\/uj.adatbank.ro\/lexikon\/wp-json\/wp\/v2\/media?parent=20750"}],"wp:term":[{"taxonomy":"product_brand","embeddable":true,"href":"https:\/\/uj.adatbank.ro\/lexikon\/wp-json\/wp\/v2\/product_brand?post=20750"},{"taxonomy":"product_cat","embeddable":true,"href":"https:\/\/uj.adatbank.ro\/lexikon\/wp-json\/wp\/v2\/product_cat?post=20750"},{"taxonomy":"product_tag","embeddable":true,"href":"https:\/\/uj.adatbank.ro\/lexikon\/wp-json\/wp\/v2\/product_tag?post=20750"}],"curies":[{"name":"wp","href":"https:\/\/api.w.org\/{rel}","templated":true}]}}