{"id":20752,"date":"2025-07-22T19:00:22","date_gmt":"2025-07-22T17:00:22","guid":{"rendered":"https:\/\/uj.adatbank.ro\/lexikon\/termek\/spirer-hersch\/"},"modified":"2025-07-22T19:00:22","modified_gmt":"2025-07-22T17:00:22","slug":"spirer-hersch","status":"publish","type":"product","link":"https:\/\/uj.adatbank.ro\/lexikon\/termek\/spirer-hersch\/","title":{"rendered":"SPIRER Hersch"},"content":{"rendered":"<p>1798? \u2020\u00a0V\u00e1rhegy, 1893. dec. 29.: izr. \u2013 Feles\u00e9ge Gr\u00fcn M\u00e1ria.Gyermekeik: S. R\u00f3za Spirer J\u00f3zsefn\u00e9; S. Izs\u00e1k; S. Laura Schwarz Salamonn\u00e9. <br \/><strong>Irod.:<\/strong> Gy\u00e1szjelent.<\/br><\/p>\n","protected":false},"excerpt":{"rendered":"<p>1798? \u2020\u00a0V\u00e1rhegy, 1893. dec. 29.: izr. \u2013 Feles\u00e9ge Gr\u00fcn M\u00e1ria.Gyermekeik: S. R\u00f3za Spirer J\u00f3zsefn\u00e9; S. Izs\u00e1k; S. Laura Schwarz Salamonn\u00e9. Irod.: Gy\u00e1szjelent.<\/p>\n","protected":false},"featured_media":0,"comment_status":"open","ping_status":"closed","template":"","meta":[],"product_brand":[],"product_cat":[137],"product_tag":[],"class_list":{"0":"post-20752","1":"product","2":"type-product","3":"status-publish","5":"product_cat-maros-megyei-eletrajzi-lexikon","7":"first","8":"instock","9":"shipping-taxable","10":"product-type-simple"},"_links":{"self":[{"href":"https:\/\/uj.adatbank.ro\/lexikon\/wp-json\/wp\/v2\/product\/20752","targetHints":{"allow":["GET"]}}],"collection":[{"href":"https:\/\/uj.adatbank.ro\/lexikon\/wp-json\/wp\/v2\/product"}],"about":[{"href":"https:\/\/uj.adatbank.ro\/lexikon\/wp-json\/wp\/v2\/types\/product"}],"replies":[{"embeddable":true,"href":"https:\/\/uj.adatbank.ro\/lexikon\/wp-json\/wp\/v2\/comments?post=20752"}],"wp:attachment":[{"href":"https:\/\/uj.adatbank.ro\/lexikon\/wp-json\/wp\/v2\/media?parent=20752"}],"wp:term":[{"taxonomy":"product_brand","embeddable":true,"href":"https:\/\/uj.adatbank.ro\/lexikon\/wp-json\/wp\/v2\/product_brand?post=20752"},{"taxonomy":"product_cat","embeddable":true,"href":"https:\/\/uj.adatbank.ro\/lexikon\/wp-json\/wp\/v2\/product_cat?post=20752"},{"taxonomy":"product_tag","embeddable":true,"href":"https:\/\/uj.adatbank.ro\/lexikon\/wp-json\/wp\/v2\/product_tag?post=20752"}],"curies":[{"name":"wp","href":"https:\/\/api.w.org\/{rel}","templated":true}]}}