{"id":20753,"date":"2025-07-22T19:00:24","date_gmt":"2025-07-22T17:00:24","guid":{"rendered":"https:\/\/uj.adatbank.ro\/lexikon\/termek\/spirer-vilmos\/"},"modified":"2025-07-22T19:00:24","modified_gmt":"2025-07-22T17:00:24","slug":"spirer-vilmos","status":"publish","type":"product","link":"https:\/\/uj.adatbank.ro\/lexikon\/termek\/spirer-vilmos\/","title":{"rendered":"SPIRER Vilmos"},"content":{"rendered":"<p>? \u2020?: orvos. \u2013 Az MSE int\u00e9z\u0151je, kapit\u00e1ny B\u00fckk\u00f6si G\u00f6rgy (1908-as \u00e9vekben). <br \/><strong>Irod.:<\/strong><\/br><\/p>\n","protected":false},"excerpt":{"rendered":"<p>? \u2020?: orvos. \u2013 Az MSE int\u00e9z\u0151je, kapit\u00e1ny B\u00fckk\u00f6si G\u00f6rgy (1908-as \u00e9vekben). Irod.:<\/p>\n","protected":false},"featured_media":0,"comment_status":"open","ping_status":"closed","template":"","meta":[],"product_brand":[],"product_cat":[137],"product_tag":[],"class_list":{"0":"post-20753","1":"product","2":"type-product","3":"status-publish","5":"product_cat-maros-megyei-eletrajzi-lexikon","7":"first","8":"instock","9":"shipping-taxable","10":"product-type-simple"},"_links":{"self":[{"href":"https:\/\/uj.adatbank.ro\/lexikon\/wp-json\/wp\/v2\/product\/20753","targetHints":{"allow":["GET"]}}],"collection":[{"href":"https:\/\/uj.adatbank.ro\/lexikon\/wp-json\/wp\/v2\/product"}],"about":[{"href":"https:\/\/uj.adatbank.ro\/lexikon\/wp-json\/wp\/v2\/types\/product"}],"replies":[{"embeddable":true,"href":"https:\/\/uj.adatbank.ro\/lexikon\/wp-json\/wp\/v2\/comments?post=20753"}],"wp:attachment":[{"href":"https:\/\/uj.adatbank.ro\/lexikon\/wp-json\/wp\/v2\/media?parent=20753"}],"wp:term":[{"taxonomy":"product_brand","embeddable":true,"href":"https:\/\/uj.adatbank.ro\/lexikon\/wp-json\/wp\/v2\/product_brand?post=20753"},{"taxonomy":"product_cat","embeddable":true,"href":"https:\/\/uj.adatbank.ro\/lexikon\/wp-json\/wp\/v2\/product_cat?post=20753"},{"taxonomy":"product_tag","embeddable":true,"href":"https:\/\/uj.adatbank.ro\/lexikon\/wp-json\/wp\/v2\/product_tag?post=20753"}],"curies":[{"name":"wp","href":"https:\/\/api.w.org\/{rel}","templated":true}]}}