{"id":20754,"date":"2025-07-22T19:00:25","date_gmt":"2025-07-22T17:00:25","guid":{"rendered":"https:\/\/uj.adatbank.ro\/lexikon\/termek\/spiridon\/"},"modified":"2025-07-22T19:00:25","modified_gmt":"2025-07-22T17:00:25","slug":"spiridon","status":"publish","type":"product","link":"https:\/\/uj.adatbank.ro\/lexikon\/termek\/spiridon\/","title":{"rendered":"SPIRIDON"},"content":{"rendered":"<p>? \u2020?: ortodox lelk\u00e9sz Marosszentgy\u00f6rgy\u00f6n, aki visszat\u00e9r\u00edtette a g\u00f6r. kat. h\u00edvek j\u00f3 r\u00e9sz\u00e9t az ortodox vall\u00e1sra (1779\u2013). Ez\u00e9rt Orha \u00e9s Teodor esperesek elfogatt\u00e1k \u00e9s Mv.-en hossz\u00fa ideig fogd\u00e1ban tartatt\u00e1k. <br \/><strong>Irod.:<\/strong> P\u00e1l-Antal.<\/br><\/p>\n","protected":false},"excerpt":{"rendered":"<p>? \u2020?: ortodox lelk\u00e9sz Marosszentgy\u00f6rgy\u00f6n, aki visszat\u00e9r\u00edtette a g\u00f6r. kat. h\u00edvek j\u00f3 r\u00e9sz\u00e9t az ortodox vall\u00e1sra (1779\u2013). Ez\u00e9rt Orha \u00e9s Teodor esperesek elfogatt\u00e1k \u00e9s Mv.-en hossz\u00fa ideig fogd\u00e1ban tartatt\u00e1k. Irod.: P\u00e1l-Antal.<\/p>\n","protected":false},"featured_media":0,"comment_status":"open","ping_status":"closed","template":"","meta":[],"product_brand":[],"product_cat":[137],"product_tag":[],"class_list":{"0":"post-20754","1":"product","2":"type-product","3":"status-publish","5":"product_cat-maros-megyei-eletrajzi-lexikon","7":"first","8":"instock","9":"shipping-taxable","10":"product-type-simple"},"_links":{"self":[{"href":"https:\/\/uj.adatbank.ro\/lexikon\/wp-json\/wp\/v2\/product\/20754","targetHints":{"allow":["GET"]}}],"collection":[{"href":"https:\/\/uj.adatbank.ro\/lexikon\/wp-json\/wp\/v2\/product"}],"about":[{"href":"https:\/\/uj.adatbank.ro\/lexikon\/wp-json\/wp\/v2\/types\/product"}],"replies":[{"embeddable":true,"href":"https:\/\/uj.adatbank.ro\/lexikon\/wp-json\/wp\/v2\/comments?post=20754"}],"wp:attachment":[{"href":"https:\/\/uj.adatbank.ro\/lexikon\/wp-json\/wp\/v2\/media?parent=20754"}],"wp:term":[{"taxonomy":"product_brand","embeddable":true,"href":"https:\/\/uj.adatbank.ro\/lexikon\/wp-json\/wp\/v2\/product_brand?post=20754"},{"taxonomy":"product_cat","embeddable":true,"href":"https:\/\/uj.adatbank.ro\/lexikon\/wp-json\/wp\/v2\/product_cat?post=20754"},{"taxonomy":"product_tag","embeddable":true,"href":"https:\/\/uj.adatbank.ro\/lexikon\/wp-json\/wp\/v2\/product_tag?post=20754"}],"curies":[{"name":"wp","href":"https:\/\/api.w.org\/{rel}","templated":true}]}}