{"id":20755,"date":"2025-07-22T19:00:28","date_gmt":"2025-07-22T17:00:28","guid":{"rendered":"https:\/\/uj.adatbank.ro\/lexikon\/termek\/spitzer-sandor-%c2%a7\/"},"modified":"2025-07-22T19:00:28","modified_gmt":"2025-07-22T17:00:28","slug":"spitzer-sandor-%c2%a7","status":"publish","type":"product","link":"https:\/\/uj.adatbank.ro\/lexikon\/termek\/spitzer-sandor-%c2%a7\/","title":{"rendered":"SPITZER S\u00e1ndor \u00a7"},"content":{"rendered":"<p>? \u2020?: keresked\u0151. \u2013 Testv\u00e9rei: S. Antal, gy\u00f3gyszer\u00e9sz, az I. vh.-ban j\u00e1rv\u00e1ny \u00e1ldozata lett; S. Lajos \u0151rmester volt a vh. v\u00e9g\u00e9ig. \u2013 Mv.-en volt fakeresked\u0151. Az I. vh.-ban (1914. aug.\u201318. nov.) hadi\u00fczemszolg\u00e1lat vezet\u0151, \u0151rmester. <br \/><strong>Irod.:<\/strong> M. hadviselt zsid\u00f3k.<\/br><\/p>\n","protected":false},"excerpt":{"rendered":"<p>? \u2020?: keresked\u0151. \u2013 Testv\u00e9rei: S. Antal, gy\u00f3gyszer\u00e9sz, az I. vh.-ban j\u00e1rv\u00e1ny \u00e1ldozata lett; S. Lajos \u0151rmester volt a vh. v\u00e9g\u00e9ig. \u2013 Mv.-en volt fakeresked\u0151. Az I. vh.-ban (1914. aug.\u201318. nov.) hadi\u00fczemszolg\u00e1lat vezet\u0151, \u0151rmester. Irod.: M. hadviselt zsid\u00f3k.<\/p>\n","protected":false},"featured_media":0,"comment_status":"open","ping_status":"closed","template":"","meta":[],"product_brand":[],"product_cat":[137],"product_tag":[],"class_list":{"0":"post-20755","1":"product","2":"type-product","3":"status-publish","5":"product_cat-maros-megyei-eletrajzi-lexikon","7":"first","8":"instock","9":"shipping-taxable","10":"product-type-simple"},"_links":{"self":[{"href":"https:\/\/uj.adatbank.ro\/lexikon\/wp-json\/wp\/v2\/product\/20755","targetHints":{"allow":["GET"]}}],"collection":[{"href":"https:\/\/uj.adatbank.ro\/lexikon\/wp-json\/wp\/v2\/product"}],"about":[{"href":"https:\/\/uj.adatbank.ro\/lexikon\/wp-json\/wp\/v2\/types\/product"}],"replies":[{"embeddable":true,"href":"https:\/\/uj.adatbank.ro\/lexikon\/wp-json\/wp\/v2\/comments?post=20755"}],"wp:attachment":[{"href":"https:\/\/uj.adatbank.ro\/lexikon\/wp-json\/wp\/v2\/media?parent=20755"}],"wp:term":[{"taxonomy":"product_brand","embeddable":true,"href":"https:\/\/uj.adatbank.ro\/lexikon\/wp-json\/wp\/v2\/product_brand?post=20755"},{"taxonomy":"product_cat","embeddable":true,"href":"https:\/\/uj.adatbank.ro\/lexikon\/wp-json\/wp\/v2\/product_cat?post=20755"},{"taxonomy":"product_tag","embeddable":true,"href":"https:\/\/uj.adatbank.ro\/lexikon\/wp-json\/wp\/v2\/product_tag?post=20755"}],"curies":[{"name":"wp","href":"https:\/\/api.w.org\/{rel}","templated":true}]}}