{"id":20756,"date":"2025-07-22T19:00:30","date_gmt":"2025-07-22T17:00:30","guid":{"rendered":"https:\/\/uj.adatbank.ro\/lexikon\/termek\/spitzer-szenes-andor\/"},"modified":"2025-07-22T19:00:30","modified_gmt":"2025-07-22T17:00:30","slug":"spitzer-szenes-andor","status":"publish","type":"product","link":"https:\/\/uj.adatbank.ro\/lexikon\/termek\/spitzer-szenes-andor\/","title":{"rendered":"SPITZER Szenes Andor"},"content":{"rendered":"<p>? \u2020?: orvos. \u2013 Mv.-en volt orvos. \u2013 Az I. vh.-ban (1914. aug.\u201318. nov.) orvosi szolg\u00e1latot teljes\u00edtett. Olasz hadifogs\u00e1gban volt. <br \/><strong>Irod.:<\/strong> M. hadviselt zsid\u00f3k.<\/br><\/p>\n","protected":false},"excerpt":{"rendered":"<p>? \u2020?: orvos. \u2013 Mv.-en volt orvos. \u2013 Az I. vh.-ban (1914. aug.\u201318. nov.) orvosi szolg\u00e1latot teljes\u00edtett. Olasz hadifogs\u00e1gban volt. Irod.: M. hadviselt zsid\u00f3k.<\/p>\n","protected":false},"featured_media":0,"comment_status":"open","ping_status":"closed","template":"","meta":[],"product_brand":[],"product_cat":[137],"product_tag":[],"class_list":{"0":"post-20756","1":"product","2":"type-product","3":"status-publish","5":"product_cat-maros-megyei-eletrajzi-lexikon","7":"first","8":"instock","9":"shipping-taxable","10":"product-type-simple"},"_links":{"self":[{"href":"https:\/\/uj.adatbank.ro\/lexikon\/wp-json\/wp\/v2\/product\/20756","targetHints":{"allow":["GET"]}}],"collection":[{"href":"https:\/\/uj.adatbank.ro\/lexikon\/wp-json\/wp\/v2\/product"}],"about":[{"href":"https:\/\/uj.adatbank.ro\/lexikon\/wp-json\/wp\/v2\/types\/product"}],"replies":[{"embeddable":true,"href":"https:\/\/uj.adatbank.ro\/lexikon\/wp-json\/wp\/v2\/comments?post=20756"}],"wp:attachment":[{"href":"https:\/\/uj.adatbank.ro\/lexikon\/wp-json\/wp\/v2\/media?parent=20756"}],"wp:term":[{"taxonomy":"product_brand","embeddable":true,"href":"https:\/\/uj.adatbank.ro\/lexikon\/wp-json\/wp\/v2\/product_brand?post=20756"},{"taxonomy":"product_cat","embeddable":true,"href":"https:\/\/uj.adatbank.ro\/lexikon\/wp-json\/wp\/v2\/product_cat?post=20756"},{"taxonomy":"product_tag","embeddable":true,"href":"https:\/\/uj.adatbank.ro\/lexikon\/wp-json\/wp\/v2\/product_tag?post=20756"}],"curies":[{"name":"wp","href":"https:\/\/api.w.org\/{rel}","templated":true}]}}