{"id":20757,"date":"2025-07-22T19:00:32","date_gmt":"2025-07-22T17:00:32","guid":{"rendered":"https:\/\/uj.adatbank.ro\/lexikon\/termek\/spitzer-szenes-jozsef-szenes-spitzer-jozsef\/"},"modified":"2025-07-22T19:00:32","modified_gmt":"2025-07-22T17:00:32","slug":"spitzer-szenes-jozsef-szenes-spitzer-jozsef","status":"publish","type":"product","link":"https:\/\/uj.adatbank.ro\/lexikon\/termek\/spitzer-szenes-jozsef-szenes-spitzer-jozsef\/","title":{"rendered":"SPITZER Szenes J\u00f3zsef, Szenes Spitzer J\u00f3zsef"},"content":{"rendered":"<p>? \u2020?: gy\u00f3gyszer\u00e9sz. \u2013 Mv.-r\u0151l vonult be. Az I. vh.-ban z\u00e1szl\u00f3s. Az olasz harct\u00e9ren leszerel\u00e9sig szolg\u00e1lt, megsebes\u00fclt. <br \/><strong>Irod.:<\/strong> M. hadviselt zsid\u00f3k.<\/br><\/p>\n","protected":false},"excerpt":{"rendered":"<p>? \u2020?: gy\u00f3gyszer\u00e9sz. \u2013 Mv.-r\u0151l vonult be. Az I. vh.-ban z\u00e1szl\u00f3s. Az olasz harct\u00e9ren leszerel\u00e9sig szolg\u00e1lt, megsebes\u00fclt. Irod.: M. hadviselt zsid\u00f3k.<\/p>\n","protected":false},"featured_media":0,"comment_status":"open","ping_status":"closed","template":"","meta":[],"product_brand":[],"product_cat":[137],"product_tag":[],"class_list":{"0":"post-20757","1":"product","2":"type-product","3":"status-publish","5":"product_cat-maros-megyei-eletrajzi-lexikon","7":"first","8":"instock","9":"shipping-taxable","10":"product-type-simple"},"_links":{"self":[{"href":"https:\/\/uj.adatbank.ro\/lexikon\/wp-json\/wp\/v2\/product\/20757","targetHints":{"allow":["GET"]}}],"collection":[{"href":"https:\/\/uj.adatbank.ro\/lexikon\/wp-json\/wp\/v2\/product"}],"about":[{"href":"https:\/\/uj.adatbank.ro\/lexikon\/wp-json\/wp\/v2\/types\/product"}],"replies":[{"embeddable":true,"href":"https:\/\/uj.adatbank.ro\/lexikon\/wp-json\/wp\/v2\/comments?post=20757"}],"wp:attachment":[{"href":"https:\/\/uj.adatbank.ro\/lexikon\/wp-json\/wp\/v2\/media?parent=20757"}],"wp:term":[{"taxonomy":"product_brand","embeddable":true,"href":"https:\/\/uj.adatbank.ro\/lexikon\/wp-json\/wp\/v2\/product_brand?post=20757"},{"taxonomy":"product_cat","embeddable":true,"href":"https:\/\/uj.adatbank.ro\/lexikon\/wp-json\/wp\/v2\/product_cat?post=20757"},{"taxonomy":"product_tag","embeddable":true,"href":"https:\/\/uj.adatbank.ro\/lexikon\/wp-json\/wp\/v2\/product_tag?post=20757"}],"curies":[{"name":"wp","href":"https:\/\/api.w.org\/{rel}","templated":true}]}}