{"id":20758,"date":"2025-07-22T19:00:34","date_gmt":"2025-07-22T17:00:34","guid":{"rendered":"https:\/\/uj.adatbank.ro\/lexikon\/termek\/spleny-geza-mihaldi-br-splenyi-geza\/"},"modified":"2025-07-22T19:00:34","modified_gmt":"2025-07-22T17:00:34","slug":"spleny-geza-mihaldi-br-splenyi-geza","status":"publish","type":"product","link":"https:\/\/uj.adatbank.ro\/lexikon\/termek\/spleny-geza-mihaldi-br-splenyi-geza\/","title":{"rendered":"SPL\u00c9NY G\u00e9za, mih\u00e1ldi, br., Spl\u00e9nyi G\u00e9za"},"content":{"rendered":"<p>1851.?, \u2020 Marosgezse, 1877. nov. 28.: f\u00f6ldbirtokos. \u2013 Br. Spl\u00e9ny S\u00e1muel \u00e9s br. Kem\u00e9ny Katalin fia. Testv\u00e9rei: S. Bertha Horv\u00e1th Gyul\u00e1n\u00e9; S. Emma. Feles\u00e9ge: Barcsai Alexandra. Gyermekeik: Mari \u00e9s Viktor. <br \/><strong>Irod.:<\/strong> Gy\u00e1szjelent.<\/br><\/p>\n","protected":false},"excerpt":{"rendered":"<p>1851.?, \u2020 Marosgezse, 1877. nov. 28.: f\u00f6ldbirtokos. \u2013 Br. Spl\u00e9ny S\u00e1muel \u00e9s br. Kem\u00e9ny Katalin fia. Testv\u00e9rei: S. Bertha Horv\u00e1th Gyul\u00e1n\u00e9; S. Emma. Feles\u00e9ge: Barcsai Alexandra. Gyermekeik: Mari \u00e9s Viktor. Irod.: Gy\u00e1szjelent.<\/p>\n","protected":false},"featured_media":0,"comment_status":"open","ping_status":"closed","template":"","meta":[],"product_brand":[],"product_cat":[137],"product_tag":[],"class_list":{"0":"post-20758","1":"product","2":"type-product","3":"status-publish","5":"product_cat-maros-megyei-eletrajzi-lexikon","7":"first","8":"instock","9":"shipping-taxable","10":"product-type-simple"},"_links":{"self":[{"href":"https:\/\/uj.adatbank.ro\/lexikon\/wp-json\/wp\/v2\/product\/20758","targetHints":{"allow":["GET"]}}],"collection":[{"href":"https:\/\/uj.adatbank.ro\/lexikon\/wp-json\/wp\/v2\/product"}],"about":[{"href":"https:\/\/uj.adatbank.ro\/lexikon\/wp-json\/wp\/v2\/types\/product"}],"replies":[{"embeddable":true,"href":"https:\/\/uj.adatbank.ro\/lexikon\/wp-json\/wp\/v2\/comments?post=20758"}],"wp:attachment":[{"href":"https:\/\/uj.adatbank.ro\/lexikon\/wp-json\/wp\/v2\/media?parent=20758"}],"wp:term":[{"taxonomy":"product_brand","embeddable":true,"href":"https:\/\/uj.adatbank.ro\/lexikon\/wp-json\/wp\/v2\/product_brand?post=20758"},{"taxonomy":"product_cat","embeddable":true,"href":"https:\/\/uj.adatbank.ro\/lexikon\/wp-json\/wp\/v2\/product_cat?post=20758"},{"taxonomy":"product_tag","embeddable":true,"href":"https:\/\/uj.adatbank.ro\/lexikon\/wp-json\/wp\/v2\/product_tag?post=20758"}],"curies":[{"name":"wp","href":"https:\/\/api.w.org\/{rel}","templated":true}]}}