{"id":20760,"date":"2025-07-22T19:00:38","date_gmt":"2025-07-22T17:00:38","guid":{"rendered":"https:\/\/uj.adatbank.ro\/lexikon\/termek\/spoiala-vasile\/"},"modified":"2025-07-22T19:00:38","modified_gmt":"2025-07-22T17:00:38","slug":"spoiala-vasile","status":"publish","type":"product","link":"https:\/\/uj.adatbank.ro\/lexikon\/termek\/spoiala-vasile\/","title":{"rendered":"SPOIAL\u0102, Vasile"},"content":{"rendered":"<p>Beszterce, 1935. szept. 3., \u2020 Nagyv\u00e1rad, 1993. aug. 12.: pr\u00f3za\u00edr\u00f3, ford\u00edt\u00f3. \u2013 Tanulm\u00e1nyai: h\u00e1rom \u00e9v orvosi egyetem, majd Filol\u00f3gia a BBTE-en Kv.-on (1959\u201363). Rom\u00e1ntan\u00e1r Ny\u00e1r\u00e1dszered\u00e1ban, azut\u00e1n metodista, m\u00f3dszertan\u00e1sz Mv.-en a N\u00e9pi Alkot\u00e1sok H\u00e1z\u00e1n\u00e1l (1964). Nagyv\u00e1radra k\u00f6lt\u00f6z\u00f6tt. Szerkeszt\u0151 volt a Familia foly\u00f3iratn\u00e1l (1968\u2013), a \u201eIades\u201d rovat vezet\u0151 szerkeszt\u0151je (1993). Verseket k\u00f6z\u00f6lt a Tribuna-ban (1957). \u00cdr\u00f3k\u00e9nt elbesz\u00e9l\u00e9ssel jelentkezett a Steaua, Utunk foly\u00f3iratn\u00e1l (1963). Munkat\u00e1rs volt a Luceaf\u0103rul, Orizont, Familia, Gazeta literar\u0103 lapokn\u00e1l. Novell\u00e1i jelentek meg a Pagini mure\u015fene c. foly\u00f3iratban is. \u2013 <strong><strong>F. m.<\/strong><\/strong>: Ploaia de atunci: nuvele (Buc., 1967); \u015eantier 68: almanah literar (Oradea, 1968); <strong>antol\u00f3g.:<\/strong> K\u00fcl\u00f6n\u00f6s l\u00e1togat\u00e1s: Mai rom\u00e1n elbesz\u00e9l\u0151k \/ V\u00e1logatta, szerkesztette, az ut\u00f3sz\u00f3t \u00e9s a jegyzeteket \u00edrta R\u00e9z P\u00e1l (Bp., 1968); <strong>ford.:<\/strong> Yasunari Kawabata: Kyoto sau Tinerii \u00eendr\u0103gosti\u0163i din str\u0103vechiul ora\u015f imperial (Buc., 1970); Werfel, Franz: Povestiri din dou\u0103 lumi (Buc., 1971). <br \/><strong>Irod.:<\/strong> Cosma; DGLR.<\/br><\/p>\n","protected":false},"excerpt":{"rendered":"<p>Beszterce, 1935. szept. 3., \u2020 Nagyv\u00e1rad, 1993. aug. 12.: pr\u00f3za\u00edr\u00f3, ford\u00edt\u00f3. \u2013 Tanulm\u00e1nyai: h\u00e1rom \u00e9v orvosi egyetem, majd Filol\u00f3gia a BBTE-en Kv.-on (1959\u201363). Rom\u00e1ntan\u00e1r Ny\u00e1r\u00e1dszered\u00e1ban, azut\u00e1n metodista, m\u00f3dszertan\u00e1sz Mv.-en a N\u00e9pi Alkot\u00e1sok H\u00e1z\u00e1n\u00e1l (1964). Nagyv\u00e1radra k\u00f6lt\u00f6z\u00f6tt. Szerkeszt\u0151 volt a Familia foly\u00f3iratn\u00e1l (1968\u2013), a \u201eIades\u201d rovat vezet\u0151 szerkeszt\u0151je (1993). Verseket k\u00f6z\u00f6lt a Tribuna-ban (1957). \u00cdr\u00f3k\u00e9nt elbesz\u00e9l\u00e9ssel [&hellip;]<\/p>\n","protected":false},"featured_media":0,"comment_status":"open","ping_status":"closed","template":"","meta":[],"product_brand":[],"product_cat":[137],"product_tag":[],"class_list":{"0":"post-20760","1":"product","2":"type-product","3":"status-publish","5":"product_cat-maros-megyei-eletrajzi-lexikon","7":"first","8":"instock","9":"shipping-taxable","10":"product-type-simple"},"_links":{"self":[{"href":"https:\/\/uj.adatbank.ro\/lexikon\/wp-json\/wp\/v2\/product\/20760","targetHints":{"allow":["GET"]}}],"collection":[{"href":"https:\/\/uj.adatbank.ro\/lexikon\/wp-json\/wp\/v2\/product"}],"about":[{"href":"https:\/\/uj.adatbank.ro\/lexikon\/wp-json\/wp\/v2\/types\/product"}],"replies":[{"embeddable":true,"href":"https:\/\/uj.adatbank.ro\/lexikon\/wp-json\/wp\/v2\/comments?post=20760"}],"wp:attachment":[{"href":"https:\/\/uj.adatbank.ro\/lexikon\/wp-json\/wp\/v2\/media?parent=20760"}],"wp:term":[{"taxonomy":"product_brand","embeddable":true,"href":"https:\/\/uj.adatbank.ro\/lexikon\/wp-json\/wp\/v2\/product_brand?post=20760"},{"taxonomy":"product_cat","embeddable":true,"href":"https:\/\/uj.adatbank.ro\/lexikon\/wp-json\/wp\/v2\/product_cat?post=20760"},{"taxonomy":"product_tag","embeddable":true,"href":"https:\/\/uj.adatbank.ro\/lexikon\/wp-json\/wp\/v2\/product_tag?post=20760"}],"curies":[{"name":"wp","href":"https:\/\/api.w.org\/{rel}","templated":true}]}}