{"id":20762,"date":"2025-07-22T19:00:43","date_gmt":"2025-07-22T17:00:43","guid":{"rendered":"https:\/\/uj.adatbank.ro\/lexikon\/termek\/sporer-johann\/"},"modified":"2025-07-22T19:00:43","modified_gmt":"2025-07-22T17:00:43","slug":"sporer-johann","status":"publish","type":"product","link":"https:\/\/uj.adatbank.ro\/lexikon\/termek\/sporer-johann\/","title":{"rendered":"SPORER Johann"},"content":{"rendered":"<p>Segesv\u00e1r? \u2020 Sz\u00e9naver\u0151s, 1841. aug. 23: lelk\u00e9sz. \u2013 Tanult J\u00e9n\u00e1ban (1801). Tan\u00e1r Segesv\u00e1ron (1803\u20138). Lelk\u00e9sz Sz\u00e9naver\u0151s\u00f6n (1820\u2013). <br \/><strong>Irod.:<\/strong> Szab\u00f3\u2013Sz\u00f6gi.<\/br><\/p>\n","protected":false},"excerpt":{"rendered":"<p>Segesv\u00e1r? \u2020 Sz\u00e9naver\u0151s, 1841. aug. 23: lelk\u00e9sz. \u2013 Tanult J\u00e9n\u00e1ban (1801). Tan\u00e1r Segesv\u00e1ron (1803\u20138). Lelk\u00e9sz Sz\u00e9naver\u0151s\u00f6n (1820\u2013). Irod.: Szab\u00f3\u2013Sz\u00f6gi.<\/p>\n","protected":false},"featured_media":0,"comment_status":"open","ping_status":"closed","template":"","meta":[],"product_brand":[],"product_cat":[137],"product_tag":[],"class_list":{"0":"post-20762","1":"product","2":"type-product","3":"status-publish","5":"product_cat-maros-megyei-eletrajzi-lexikon","7":"first","8":"instock","9":"shipping-taxable","10":"product-type-simple"},"_links":{"self":[{"href":"https:\/\/uj.adatbank.ro\/lexikon\/wp-json\/wp\/v2\/product\/20762","targetHints":{"allow":["GET"]}}],"collection":[{"href":"https:\/\/uj.adatbank.ro\/lexikon\/wp-json\/wp\/v2\/product"}],"about":[{"href":"https:\/\/uj.adatbank.ro\/lexikon\/wp-json\/wp\/v2\/types\/product"}],"replies":[{"embeddable":true,"href":"https:\/\/uj.adatbank.ro\/lexikon\/wp-json\/wp\/v2\/comments?post=20762"}],"wp:attachment":[{"href":"https:\/\/uj.adatbank.ro\/lexikon\/wp-json\/wp\/v2\/media?parent=20762"}],"wp:term":[{"taxonomy":"product_brand","embeddable":true,"href":"https:\/\/uj.adatbank.ro\/lexikon\/wp-json\/wp\/v2\/product_brand?post=20762"},{"taxonomy":"product_cat","embeddable":true,"href":"https:\/\/uj.adatbank.ro\/lexikon\/wp-json\/wp\/v2\/product_cat?post=20762"},{"taxonomy":"product_tag","embeddable":true,"href":"https:\/\/uj.adatbank.ro\/lexikon\/wp-json\/wp\/v2\/product_tag?post=20762"}],"curies":[{"name":"wp","href":"https:\/\/api.w.org\/{rel}","templated":true}]}}