{"id":20763,"date":"2025-07-22T19:00:45","date_gmt":"2025-07-22T17:00:45","guid":{"rendered":"https:\/\/uj.adatbank.ro\/lexikon\/termek\/sporer-martin\/"},"modified":"2025-07-22T19:00:45","modified_gmt":"2025-07-22T17:00:45","slug":"sporer-martin","status":"publish","type":"product","link":"https:\/\/uj.adatbank.ro\/lexikon\/termek\/sporer-martin\/","title":{"rendered":"SPORER, Martin"},"content":{"rendered":"<p>?, \u2020?: ad\u00f3szed\u0151. \u2013 Kir\u00e1lyi ad\u00f3szed\u0151 Segesv\u00e1ron (1773). <br \/><strong>Irod.:<\/strong> Bozac\u2013Pavel.<\/br><\/p>\n","protected":false},"excerpt":{"rendered":"<p>?, \u2020?: ad\u00f3szed\u0151. \u2013 Kir\u00e1lyi ad\u00f3szed\u0151 Segesv\u00e1ron (1773). Irod.: Bozac\u2013Pavel.<\/p>\n","protected":false},"featured_media":0,"comment_status":"open","ping_status":"closed","template":"","meta":[],"product_brand":[],"product_cat":[137],"product_tag":[],"class_list":{"0":"post-20763","1":"product","2":"type-product","3":"status-publish","5":"product_cat-maros-megyei-eletrajzi-lexikon","7":"first","8":"instock","9":"shipping-taxable","10":"product-type-simple"},"_links":{"self":[{"href":"https:\/\/uj.adatbank.ro\/lexikon\/wp-json\/wp\/v2\/product\/20763","targetHints":{"allow":["GET"]}}],"collection":[{"href":"https:\/\/uj.adatbank.ro\/lexikon\/wp-json\/wp\/v2\/product"}],"about":[{"href":"https:\/\/uj.adatbank.ro\/lexikon\/wp-json\/wp\/v2\/types\/product"}],"replies":[{"embeddable":true,"href":"https:\/\/uj.adatbank.ro\/lexikon\/wp-json\/wp\/v2\/comments?post=20763"}],"wp:attachment":[{"href":"https:\/\/uj.adatbank.ro\/lexikon\/wp-json\/wp\/v2\/media?parent=20763"}],"wp:term":[{"taxonomy":"product_brand","embeddable":true,"href":"https:\/\/uj.adatbank.ro\/lexikon\/wp-json\/wp\/v2\/product_brand?post=20763"},{"taxonomy":"product_cat","embeddable":true,"href":"https:\/\/uj.adatbank.ro\/lexikon\/wp-json\/wp\/v2\/product_cat?post=20763"},{"taxonomy":"product_tag","embeddable":true,"href":"https:\/\/uj.adatbank.ro\/lexikon\/wp-json\/wp\/v2\/product_tag?post=20763"}],"curies":[{"name":"wp","href":"https:\/\/api.w.org\/{rel}","templated":true}]}}