{"id":20764,"date":"2025-07-22T19:00:48","date_gmt":"2025-07-22T17:00:48","guid":{"rendered":"https:\/\/uj.adatbank.ro\/lexikon\/termek\/sporer-vilhelm\/"},"modified":"2025-07-22T19:00:48","modified_gmt":"2025-07-22T17:00:48","slug":"sporer-vilhelm","status":"publish","type":"product","link":"https:\/\/uj.adatbank.ro\/lexikon\/termek\/sporer-vilhelm\/","title":{"rendered":"SPORER, Vilhelm"},"content":{"rendered":"<p>Sz\u00e9naver\u0151s, 1821?, \u2020?: gy\u00f3gyszer\u00e9sz. \u2013 Pesten tanult gy\u00f3gyszer\u00e9szetet, gyakorlati vizsg\u00e1t tett, szigorlatozott, felesk\u00fcd\u00f6tt \u00e9s mesteri diplom\u00e1t kapott (1843. j\u00fal. 19.). <br \/><strong>Irod.:<\/strong> Szab\u00f3 Mikl\u00f3s 2005.<\/br><\/p>\n","protected":false},"excerpt":{"rendered":"<p>Sz\u00e9naver\u0151s, 1821?, \u2020?: gy\u00f3gyszer\u00e9sz. \u2013 Pesten tanult gy\u00f3gyszer\u00e9szetet, gyakorlati vizsg\u00e1t tett, szigorlatozott, felesk\u00fcd\u00f6tt \u00e9s mesteri diplom\u00e1t kapott (1843. j\u00fal. 19.). Irod.: Szab\u00f3 Mikl\u00f3s 2005.<\/p>\n","protected":false},"featured_media":0,"comment_status":"open","ping_status":"closed","template":"","meta":[],"product_brand":[],"product_cat":[137],"product_tag":[],"class_list":{"0":"post-20764","1":"product","2":"type-product","3":"status-publish","5":"product_cat-maros-megyei-eletrajzi-lexikon","7":"first","8":"instock","9":"shipping-taxable","10":"product-type-simple"},"_links":{"self":[{"href":"https:\/\/uj.adatbank.ro\/lexikon\/wp-json\/wp\/v2\/product\/20764","targetHints":{"allow":["GET"]}}],"collection":[{"href":"https:\/\/uj.adatbank.ro\/lexikon\/wp-json\/wp\/v2\/product"}],"about":[{"href":"https:\/\/uj.adatbank.ro\/lexikon\/wp-json\/wp\/v2\/types\/product"}],"replies":[{"embeddable":true,"href":"https:\/\/uj.adatbank.ro\/lexikon\/wp-json\/wp\/v2\/comments?post=20764"}],"wp:attachment":[{"href":"https:\/\/uj.adatbank.ro\/lexikon\/wp-json\/wp\/v2\/media?parent=20764"}],"wp:term":[{"taxonomy":"product_brand","embeddable":true,"href":"https:\/\/uj.adatbank.ro\/lexikon\/wp-json\/wp\/v2\/product_brand?post=20764"},{"taxonomy":"product_cat","embeddable":true,"href":"https:\/\/uj.adatbank.ro\/lexikon\/wp-json\/wp\/v2\/product_cat?post=20764"},{"taxonomy":"product_tag","embeddable":true,"href":"https:\/\/uj.adatbank.ro\/lexikon\/wp-json\/wp\/v2\/product_tag?post=20764"}],"curies":[{"name":"wp","href":"https:\/\/api.w.org\/{rel}","templated":true}]}}