{"id":20765,"date":"2025-07-22T19:00:50","date_gmt":"2025-07-22T17:00:50","guid":{"rendered":"https:\/\/uj.adatbank.ro\/lexikon\/termek\/sramek-ferenc\/"},"modified":"2025-07-22T19:00:50","modified_gmt":"2025-07-22T17:00:50","slug":"sramek-ferenc","status":"publish","type":"product","link":"https:\/\/uj.adatbank.ro\/lexikon\/termek\/sramek-ferenc\/","title":{"rendered":"SRAMEK Ferenc"},"content":{"rendered":"<p>1864., \u2020\u00a0Mv., 1937: vend\u00e9gl\u0151s. \u2013 Feles\u00e9ge: Bartha R\u00f3za (1870? \u2013 Dics\u0151szentm\u00e1rton, 1937. m\u00e1j. 9. Mv.-en temett\u00e9k). A S\u00e1ros utc\u00e1ban volt a vend\u00e9gl\u0151je. <br \/><strong>Irod.:<\/strong> Csekme; Gy\u00e1szjelent\u0151.<\/br><\/p>\n","protected":false},"excerpt":{"rendered":"<p>1864., \u2020\u00a0Mv., 1937: vend\u00e9gl\u0151s. \u2013 Feles\u00e9ge: Bartha R\u00f3za (1870? \u2013 Dics\u0151szentm\u00e1rton, 1937. m\u00e1j. 9. Mv.-en temett\u00e9k). A S\u00e1ros utc\u00e1ban volt a vend\u00e9gl\u0151je. Irod.: Csekme; Gy\u00e1szjelent\u0151.<\/p>\n","protected":false},"featured_media":0,"comment_status":"open","ping_status":"closed","template":"","meta":[],"product_brand":[],"product_cat":[137],"product_tag":[],"class_list":{"0":"post-20765","1":"product","2":"type-product","3":"status-publish","5":"product_cat-maros-megyei-eletrajzi-lexikon","7":"first","8":"instock","9":"shipping-taxable","10":"product-type-simple"},"_links":{"self":[{"href":"https:\/\/uj.adatbank.ro\/lexikon\/wp-json\/wp\/v2\/product\/20765","targetHints":{"allow":["GET"]}}],"collection":[{"href":"https:\/\/uj.adatbank.ro\/lexikon\/wp-json\/wp\/v2\/product"}],"about":[{"href":"https:\/\/uj.adatbank.ro\/lexikon\/wp-json\/wp\/v2\/types\/product"}],"replies":[{"embeddable":true,"href":"https:\/\/uj.adatbank.ro\/lexikon\/wp-json\/wp\/v2\/comments?post=20765"}],"wp:attachment":[{"href":"https:\/\/uj.adatbank.ro\/lexikon\/wp-json\/wp\/v2\/media?parent=20765"}],"wp:term":[{"taxonomy":"product_brand","embeddable":true,"href":"https:\/\/uj.adatbank.ro\/lexikon\/wp-json\/wp\/v2\/product_brand?post=20765"},{"taxonomy":"product_cat","embeddable":true,"href":"https:\/\/uj.adatbank.ro\/lexikon\/wp-json\/wp\/v2\/product_cat?post=20765"},{"taxonomy":"product_tag","embeddable":true,"href":"https:\/\/uj.adatbank.ro\/lexikon\/wp-json\/wp\/v2\/product_tag?post=20765"}],"curies":[{"name":"wp","href":"https:\/\/api.w.org\/{rel}","templated":true}]}}