{"id":20766,"date":"2025-07-22T19:00:52","date_gmt":"2025-07-22T17:00:52","guid":{"rendered":"https:\/\/uj.adatbank.ro\/lexikon\/termek\/stackel-paul-gustav\/"},"modified":"2025-07-22T19:00:52","modified_gmt":"2025-07-22T17:00:52","slug":"stackel-paul-gustav","status":"publish","type":"product","link":"https:\/\/uj.adatbank.ro\/lexikon\/termek\/stackel-paul-gustav\/","title":{"rendered":"ST\u00c4CKEL, Paul Gustav"},"content":{"rendered":"<p>Berlin, 1862. aug. 20., \u2020\u00a0Heidelberg, 1919. dec. 12.: n\u00e9met matematikus, egyetemitan\u00e1r. \u2013 A nem euklideszi geometria ismer\u0151je, Mv.-en tanulm\u00e1nyozta a Bolyaiak hagyat\u00e9k\u00e1t (1899). Az els\u0151k k\u00f6z\u00e9 tartozott, aki Bolyai J\u00e1nos Appendix c. munk\u00e1j\u00e1t m\u00e9lt\u00f3k\u00e9ppen \u00e9rt\u00e9kelte. \u2013 <strong>F. m.<\/strong>: Wolfgang und Johann Bolyai (Leipzig u. Berlin, 1913); Bolyai Farkas \u00e9s Bolyai J\u00e1nos geometriai vizsg\u00e1latai (Bp., 1914, 1958); Bolyai J\u00e1nos t\u00e9relm\u00e9lete. (?); <br \/><strong>Irod.:<\/strong> Apa \u00e9s fi\u00fa k\u00fczdelme a k\u00f3rokkal: Ol\u00e1h Anna: Bolyai Farkas gy\u00f3gy\u00e1szati munk\u00e1ss\u00e1ga; Vofkori J\u00f3zsef: Bolyai J\u00e1nos betegs\u00e9gei kordokumentumok \u00e9s a modern orvostudom\u00e1ny t\u00fckr\u00e9ben (Mv., 2005); Bolyai J\u00e1nos eml\u00e9kezete: az 1903. jan. 25-\u00e9n Mv.-en tartott jubileumi \u00fcnnep alkalm\u00e1b\u00f3l (Mv., 1903); A magyar tudom\u00e1nyos irodalom bibliogr\u00e1fi\u00e1ja 1901\u201325 (Bp., 1929); MNL<\/br><\/p>\n","protected":false},"excerpt":{"rendered":"<p>Berlin, 1862. aug. 20., \u2020\u00a0Heidelberg, 1919. dec. 12.: n\u00e9met matematikus, egyetemitan\u00e1r. \u2013 A nem euklideszi geometria ismer\u0151je, Mv.-en tanulm\u00e1nyozta a Bolyaiak hagyat\u00e9k\u00e1t (1899). Az els\u0151k k\u00f6z\u00e9 tartozott, aki Bolyai J\u00e1nos Appendix c. munk\u00e1j\u00e1t m\u00e9lt\u00f3k\u00e9ppen \u00e9rt\u00e9kelte. \u2013 F. m.: Wolfgang und Johann Bolyai (Leipzig u. Berlin, 1913); Bolyai Farkas \u00e9s Bolyai J\u00e1nos geometriai vizsg\u00e1latai (Bp., 1914, [&hellip;]<\/p>\n","protected":false},"featured_media":0,"comment_status":"open","ping_status":"closed","template":"","meta":[],"product_brand":[],"product_cat":[137],"product_tag":[],"class_list":{"0":"post-20766","1":"product","2":"type-product","3":"status-publish","5":"product_cat-maros-megyei-eletrajzi-lexikon","7":"first","8":"instock","9":"shipping-taxable","10":"product-type-simple"},"_links":{"self":[{"href":"https:\/\/uj.adatbank.ro\/lexikon\/wp-json\/wp\/v2\/product\/20766","targetHints":{"allow":["GET"]}}],"collection":[{"href":"https:\/\/uj.adatbank.ro\/lexikon\/wp-json\/wp\/v2\/product"}],"about":[{"href":"https:\/\/uj.adatbank.ro\/lexikon\/wp-json\/wp\/v2\/types\/product"}],"replies":[{"embeddable":true,"href":"https:\/\/uj.adatbank.ro\/lexikon\/wp-json\/wp\/v2\/comments?post=20766"}],"wp:attachment":[{"href":"https:\/\/uj.adatbank.ro\/lexikon\/wp-json\/wp\/v2\/media?parent=20766"}],"wp:term":[{"taxonomy":"product_brand","embeddable":true,"href":"https:\/\/uj.adatbank.ro\/lexikon\/wp-json\/wp\/v2\/product_brand?post=20766"},{"taxonomy":"product_cat","embeddable":true,"href":"https:\/\/uj.adatbank.ro\/lexikon\/wp-json\/wp\/v2\/product_cat?post=20766"},{"taxonomy":"product_tag","embeddable":true,"href":"https:\/\/uj.adatbank.ro\/lexikon\/wp-json\/wp\/v2\/product_tag?post=20766"}],"curies":[{"name":"wp","href":"https:\/\/api.w.org\/{rel}","templated":true}]}}