{"id":20767,"date":"2025-07-22T19:00:53","date_gmt":"2025-07-22T17:00:53","guid":{"rendered":"https:\/\/uj.adatbank.ro\/lexikon\/termek\/stadler-miksa-%c2%a7\/"},"modified":"2025-07-22T19:00:53","modified_gmt":"2025-07-22T17:00:53","slug":"stadler-miksa-%c2%a7","status":"publish","type":"product","link":"https:\/\/uj.adatbank.ro\/lexikon\/termek\/stadler-miksa-%c2%a7\/","title":{"rendered":"STADLER Miksa, \u00a7"},"content":{"rendered":"<p>? \u2020?: \u00e1llatorvos. \u2013 Mv.-en f\u0151\u00e1llatorvos. Az I. vh.-ban (1918. m\u00e1rc.\u201318. dec.) hadnagy. Az olasz harct\u00e9ren teljes\u00edtett arcvonalszolg\u00e1latot, mint \u00e1llatorvosf\u0151n\u00f6k. <br \/><strong>Irod.:<\/strong> M. hadviselt zsid\u00f3k.<\/br><\/p>\n","protected":false},"excerpt":{"rendered":"<p>? \u2020?: \u00e1llatorvos. \u2013 Mv.-en f\u0151\u00e1llatorvos. Az I. vh.-ban (1918. m\u00e1rc.\u201318. dec.) hadnagy. Az olasz harct\u00e9ren teljes\u00edtett arcvonalszolg\u00e1latot, mint \u00e1llatorvosf\u0151n\u00f6k. Irod.: M. hadviselt zsid\u00f3k.<\/p>\n","protected":false},"featured_media":0,"comment_status":"open","ping_status":"closed","template":"","meta":[],"product_brand":[],"product_cat":[137],"product_tag":[],"class_list":{"0":"post-20767","1":"product","2":"type-product","3":"status-publish","5":"product_cat-maros-megyei-eletrajzi-lexikon","7":"first","8":"instock","9":"shipping-taxable","10":"product-type-simple"},"_links":{"self":[{"href":"https:\/\/uj.adatbank.ro\/lexikon\/wp-json\/wp\/v2\/product\/20767","targetHints":{"allow":["GET"]}}],"collection":[{"href":"https:\/\/uj.adatbank.ro\/lexikon\/wp-json\/wp\/v2\/product"}],"about":[{"href":"https:\/\/uj.adatbank.ro\/lexikon\/wp-json\/wp\/v2\/types\/product"}],"replies":[{"embeddable":true,"href":"https:\/\/uj.adatbank.ro\/lexikon\/wp-json\/wp\/v2\/comments?post=20767"}],"wp:attachment":[{"href":"https:\/\/uj.adatbank.ro\/lexikon\/wp-json\/wp\/v2\/media?parent=20767"}],"wp:term":[{"taxonomy":"product_brand","embeddable":true,"href":"https:\/\/uj.adatbank.ro\/lexikon\/wp-json\/wp\/v2\/product_brand?post=20767"},{"taxonomy":"product_cat","embeddable":true,"href":"https:\/\/uj.adatbank.ro\/lexikon\/wp-json\/wp\/v2\/product_cat?post=20767"},{"taxonomy":"product_tag","embeddable":true,"href":"https:\/\/uj.adatbank.ro\/lexikon\/wp-json\/wp\/v2\/product_tag?post=20767"}],"curies":[{"name":"wp","href":"https:\/\/api.w.org\/{rel}","templated":true}]}}