{"id":20769,"date":"2025-07-22T19:00:58","date_gmt":"2025-07-22T17:00:58","guid":{"rendered":"https:\/\/uj.adatbank.ro\/lexikon\/termek\/staibl-andor\/"},"modified":"2025-07-22T19:00:58","modified_gmt":"2025-07-22T17:00:58","slug":"staibl-andor","status":"publish","type":"product","link":"https:\/\/uj.adatbank.ro\/lexikon\/termek\/staibl-andor\/","title":{"rendered":"STAIBL Andor"},"content":{"rendered":"<p>? \u2020?: m\u00e9rn\u00f6k. \u2013 A XIX sz. utols\u00f3 \u00e9veiben a v\u00e1rosi m\u00e9rn\u00f6ki oszt\u00e1ly vezet\u0151jek\u00e9nt tev\u00e9keny m\u0171szaki munk\u00e1t v\u00e9gzett a m\u00falt sz\u00e1zad k\u00f6z- \u00e9s mag\u00e1n\u00e9p\u00edtkez\u00e9sein\u00e9l. A Kult\u00farpalota \u00e9p\u00edt\u00e9s\u00e9n\u00e9l dolgozott. Le\u00e1nytestv\u00e9re M\u00e1ria Sz\u00e9kely K\u00e1roly szobr\u00e1szm\u0171v\u00e9szhez ment feles\u00e9g\u00fcl, aki k\u00e9sz\u00edtette R\u00e1k\u00f3czi fejedelem szobr\u00e1t a Kossuth utc\u00e1ban (1907). <br \/><strong>Irod.:<\/strong> Keresztes; Sipos.<\/br><\/p>\n","protected":false},"excerpt":{"rendered":"<p>? \u2020?: m\u00e9rn\u00f6k. \u2013 A XIX sz. utols\u00f3 \u00e9veiben a v\u00e1rosi m\u00e9rn\u00f6ki oszt\u00e1ly vezet\u0151jek\u00e9nt tev\u00e9keny m\u0171szaki munk\u00e1t v\u00e9gzett a m\u00falt sz\u00e1zad k\u00f6z- \u00e9s mag\u00e1n\u00e9p\u00edtkez\u00e9sein\u00e9l. A Kult\u00farpalota \u00e9p\u00edt\u00e9s\u00e9n\u00e9l dolgozott. Le\u00e1nytestv\u00e9re M\u00e1ria Sz\u00e9kely K\u00e1roly szobr\u00e1szm\u0171v\u00e9szhez ment feles\u00e9g\u00fcl, aki k\u00e9sz\u00edtette R\u00e1k\u00f3czi fejedelem szobr\u00e1t a Kossuth utc\u00e1ban (1907). Irod.: Keresztes; Sipos.<\/p>\n","protected":false},"featured_media":0,"comment_status":"open","ping_status":"closed","template":"","meta":[],"product_brand":[],"product_cat":[137],"product_tag":[],"class_list":{"0":"post-20769","1":"product","2":"type-product","3":"status-publish","5":"product_cat-maros-megyei-eletrajzi-lexikon","7":"first","8":"instock","9":"shipping-taxable","10":"product-type-simple"},"_links":{"self":[{"href":"https:\/\/uj.adatbank.ro\/lexikon\/wp-json\/wp\/v2\/product\/20769","targetHints":{"allow":["GET"]}}],"collection":[{"href":"https:\/\/uj.adatbank.ro\/lexikon\/wp-json\/wp\/v2\/product"}],"about":[{"href":"https:\/\/uj.adatbank.ro\/lexikon\/wp-json\/wp\/v2\/types\/product"}],"replies":[{"embeddable":true,"href":"https:\/\/uj.adatbank.ro\/lexikon\/wp-json\/wp\/v2\/comments?post=20769"}],"wp:attachment":[{"href":"https:\/\/uj.adatbank.ro\/lexikon\/wp-json\/wp\/v2\/media?parent=20769"}],"wp:term":[{"taxonomy":"product_brand","embeddable":true,"href":"https:\/\/uj.adatbank.ro\/lexikon\/wp-json\/wp\/v2\/product_brand?post=20769"},{"taxonomy":"product_cat","embeddable":true,"href":"https:\/\/uj.adatbank.ro\/lexikon\/wp-json\/wp\/v2\/product_cat?post=20769"},{"taxonomy":"product_tag","embeddable":true,"href":"https:\/\/uj.adatbank.ro\/lexikon\/wp-json\/wp\/v2\/product_tag?post=20769"}],"curies":[{"name":"wp","href":"https:\/\/api.w.org\/{rel}","templated":true}]}}