{"id":20771,"date":"2025-07-22T19:01:02","date_gmt":"2025-07-22T17:01:02","guid":{"rendered":"https:\/\/uj.adatbank.ro\/lexikon\/termek\/staibl-ferenc\/"},"modified":"2025-07-22T19:01:02","modified_gmt":"2025-07-22T17:01:02","slug":"staibl-ferenc","status":"publish","type":"product","link":"https:\/\/uj.adatbank.ro\/lexikon\/termek\/staibl-ferenc\/","title":{"rendered":"STAIBL Ferenc"},"content":{"rendered":"<p>? \u2020\u00a01912.: keresked\u0151. \u2013 K\u00e9k Goly\u00f3 n\u00e9ven fest\u00e9k\u00fczlete volt Mv.-en (F\u0151t\u00e9r 55. sz.), amit apj\u00e1t\u00f3l \u00f6r\u00f6k\u00f6lt. Korai hal\u00e1la ut\u00e1n nem volt ki vezesse az \u00fczletet \u00e9s be kellett z\u00e1rni. Fiai: S. Ferenc, tehets\u00e9ges heged\u0171s, Metz Albert tan\u00edtv\u00e1nya; Mikl\u00f3s, a k\u00f6lt\u0151, aki felvette az anyja nev\u00e9t. S Bodoni Mikl\u00f3s n\u00e9ven \u00edrta l\u00edrai k\u00f6ltem\u00e9nyeit. Olaszo.-ban halt meg 26 \u00e9ves kor\u00e1ban, feles\u00e9ge hazaj\u00f6tt k\u00e9t kisl\u00e1ny\u00e1val. Mindketten t\u00fcd\u0151bajban haltak meg. <br \/><strong>Irod.:<\/strong> Keresztes Gyula: A f\u0151t\u00e9ri h\u00e1zakr\u00f3l (N\u00fa., 1991. m\u00e1rc. 22.); Sipos; Szentgy\u00f6rgyi; Sz\u00e9pr\u00e9ti Lilla: A k\u00f6lt\u0151 bent \u00fcl a szob\u00e1ban&#8230; (V. Z., 1971. jan. 31.).<\/br><\/p>\n","protected":false},"excerpt":{"rendered":"<p>? \u2020\u00a01912.: keresked\u0151. \u2013 K\u00e9k Goly\u00f3 n\u00e9ven fest\u00e9k\u00fczlete volt Mv.-en (F\u0151t\u00e9r 55. sz.), amit apj\u00e1t\u00f3l \u00f6r\u00f6k\u00f6lt. Korai hal\u00e1la ut\u00e1n nem volt ki vezesse az \u00fczletet \u00e9s be kellett z\u00e1rni. Fiai: S. Ferenc, tehets\u00e9ges heged\u0171s, Metz Albert tan\u00edtv\u00e1nya; Mikl\u00f3s, a k\u00f6lt\u0151, aki felvette az anyja nev\u00e9t. S Bodoni Mikl\u00f3s n\u00e9ven \u00edrta l\u00edrai k\u00f6ltem\u00e9nyeit. Olaszo.-ban halt meg [&hellip;]<\/p>\n","protected":false},"featured_media":0,"comment_status":"open","ping_status":"closed","template":"","meta":[],"product_brand":[],"product_cat":[137],"product_tag":[],"class_list":{"0":"post-20771","1":"product","2":"type-product","3":"status-publish","5":"product_cat-maros-megyei-eletrajzi-lexikon","7":"first","8":"instock","9":"shipping-taxable","10":"product-type-simple"},"_links":{"self":[{"href":"https:\/\/uj.adatbank.ro\/lexikon\/wp-json\/wp\/v2\/product\/20771","targetHints":{"allow":["GET"]}}],"collection":[{"href":"https:\/\/uj.adatbank.ro\/lexikon\/wp-json\/wp\/v2\/product"}],"about":[{"href":"https:\/\/uj.adatbank.ro\/lexikon\/wp-json\/wp\/v2\/types\/product"}],"replies":[{"embeddable":true,"href":"https:\/\/uj.adatbank.ro\/lexikon\/wp-json\/wp\/v2\/comments?post=20771"}],"wp:attachment":[{"href":"https:\/\/uj.adatbank.ro\/lexikon\/wp-json\/wp\/v2\/media?parent=20771"}],"wp:term":[{"taxonomy":"product_brand","embeddable":true,"href":"https:\/\/uj.adatbank.ro\/lexikon\/wp-json\/wp\/v2\/product_brand?post=20771"},{"taxonomy":"product_cat","embeddable":true,"href":"https:\/\/uj.adatbank.ro\/lexikon\/wp-json\/wp\/v2\/product_cat?post=20771"},{"taxonomy":"product_tag","embeddable":true,"href":"https:\/\/uj.adatbank.ro\/lexikon\/wp-json\/wp\/v2\/product_tag?post=20771"}],"curies":[{"name":"wp","href":"https:\/\/api.w.org\/{rel}","templated":true}]}}