{"id":20773,"date":"2025-07-22T19:01:07","date_gmt":"2025-07-22T17:01:07","guid":{"rendered":"https:\/\/uj.adatbank.ro\/lexikon\/termek\/staicu-ene-%c2%a7\/"},"modified":"2025-07-22T19:01:07","modified_gmt":"2025-07-22T17:01:07","slug":"staicu-ene-%c2%a7","status":"publish","type":"product","link":"https:\/\/uj.adatbank.ro\/lexikon\/termek\/staicu-ene-%c2%a7\/","title":{"rendered":"STAICU, Ene, \u00a7"},"content":{"rendered":"<p>R\u00e2mnicelu, 1908. m\u00e1rc. 13., \u2020 N\u00e1zna. (Maros), 1984. nov. 14.: tan\u00edt\u00f3. \u2013 Elemi iskol\u00e1t a sz\u00fcl\u0151faluban tan\u00edt\u00f3k\u00e9pz\u0151t Br\u0103il\u00e1ban \u00e9s k\u00e9t \u00e9vig Mv.-en v\u00e9gzett (1928). Tan\u00edtott Palotailv\u00e1n (1928\u201329), Kisf\u00fclp\u00f6s\u00f6n (Maros, 1929\u201330). Katonas\u00e1got Mv.-en a 82-es Gyalogezredn\u00e9l teljes\u00edtett (1930\u201331). Azut\u00e1n Farag\u00f3ban tan\u00edtott (1931\u201340), Fels\u0151g\u00e1ldra menek\u00fclt, \u00e9s ott tan\u00edtott (1940\u201345), majd visszat\u00e9rt \u00e9s N\u00e1zn\u00e1n dolgozott nyugd\u00edjaz\u00e1s\u00e1ig (1967). A NLP tagja (1933-ig), azut\u00e1n SZDP tag (1933\u201337), RKP tagja (1946\u201350), amikor kiz\u00e1rt\u00e1k a p\u00e1rtb\u00f3l, mert m\u00e1s t\u00f6rt\u00e9nelmi p\u00e1rtok tagja volt \u00e9s reakci\u00f3snak min\u0151s\u00edtett\u00e9k. <br \/><strong>Irod.:<\/strong> Dasc\u0103li mure\u015feni, 5.<\/br><\/p>\n","protected":false},"excerpt":{"rendered":"<p>R\u00e2mnicelu, 1908. m\u00e1rc. 13., \u2020 N\u00e1zna. (Maros), 1984. nov. 14.: tan\u00edt\u00f3. \u2013 Elemi iskol\u00e1t a sz\u00fcl\u0151faluban tan\u00edt\u00f3k\u00e9pz\u0151t Br\u0103il\u00e1ban \u00e9s k\u00e9t \u00e9vig Mv.-en v\u00e9gzett (1928). Tan\u00edtott Palotailv\u00e1n (1928\u201329), Kisf\u00fclp\u00f6s\u00f6n (Maros, 1929\u201330). Katonas\u00e1got Mv.-en a 82-es Gyalogezredn\u00e9l teljes\u00edtett (1930\u201331). Azut\u00e1n Farag\u00f3ban tan\u00edtott (1931\u201340), Fels\u0151g\u00e1ldra menek\u00fclt, \u00e9s ott tan\u00edtott (1940\u201345), majd visszat\u00e9rt \u00e9s N\u00e1zn\u00e1n dolgozott nyugd\u00edjaz\u00e1s\u00e1ig (1967). A [&hellip;]<\/p>\n","protected":false},"featured_media":0,"comment_status":"open","ping_status":"closed","template":"","meta":[],"product_brand":[],"product_cat":[137],"product_tag":[],"class_list":{"0":"post-20773","1":"product","2":"type-product","3":"status-publish","5":"product_cat-maros-megyei-eletrajzi-lexikon","7":"first","8":"instock","9":"shipping-taxable","10":"product-type-simple"},"_links":{"self":[{"href":"https:\/\/uj.adatbank.ro\/lexikon\/wp-json\/wp\/v2\/product\/20773","targetHints":{"allow":["GET"]}}],"collection":[{"href":"https:\/\/uj.adatbank.ro\/lexikon\/wp-json\/wp\/v2\/product"}],"about":[{"href":"https:\/\/uj.adatbank.ro\/lexikon\/wp-json\/wp\/v2\/types\/product"}],"replies":[{"embeddable":true,"href":"https:\/\/uj.adatbank.ro\/lexikon\/wp-json\/wp\/v2\/comments?post=20773"}],"wp:attachment":[{"href":"https:\/\/uj.adatbank.ro\/lexikon\/wp-json\/wp\/v2\/media?parent=20773"}],"wp:term":[{"taxonomy":"product_brand","embeddable":true,"href":"https:\/\/uj.adatbank.ro\/lexikon\/wp-json\/wp\/v2\/product_brand?post=20773"},{"taxonomy":"product_cat","embeddable":true,"href":"https:\/\/uj.adatbank.ro\/lexikon\/wp-json\/wp\/v2\/product_cat?post=20773"},{"taxonomy":"product_tag","embeddable":true,"href":"https:\/\/uj.adatbank.ro\/lexikon\/wp-json\/wp\/v2\/product_tag?post=20773"}],"curies":[{"name":"wp","href":"https:\/\/api.w.org\/{rel}","templated":true}]}}