{"id":20774,"date":"2025-07-22T19:01:10","date_gmt":"2025-07-22T17:01:10","guid":{"rendered":"https:\/\/uj.adatbank.ro\/lexikon\/termek\/staicu-raveca-%c2%a7-ugran-raveca\/"},"modified":"2025-07-22T19:01:10","modified_gmt":"2025-07-22T17:01:10","slug":"staicu-raveca-%c2%a7-ugran-raveca","status":"publish","type":"product","link":"https:\/\/uj.adatbank.ro\/lexikon\/termek\/staicu-raveca-%c2%a7-ugran-raveca\/","title":{"rendered":"STAICU, Raveca, \u00a7 Ugran Raveca"},"content":{"rendered":"<p>N\u00e1zn\u00e1nfalva, 1908. j\u00fan. 10. \u2020 N\u00e1zn\u00e1nfalva, 1995. m\u00e1j. 23.: tan\u00edt\u00f3n\u0151. \u2013 Mv.-en a tan\u00edt\u00f3k\u00e9pz\u0151ben szerzett tan\u00edt\u00f3i okl.-t (1930). Mez\u0151s\u00e1lyiban, azut\u00e1n Farag\u00f3ban tan\u00edtott, Fels\u0151g\u00e1ldra menek\u00fclt f\u00e9rj\u00e9vel \u00e9s ott tan\u00edtott (1940\u201345), visszat\u00e9rt N\u00e1zn\u00e1ra \u00e9s nyugd\u00edjaz\u00e1s\u00e1ig ott tev\u00e9kenykedett (1974). <br \/><strong>Irod.:<\/strong> Dasc\u0103li mure\u015feni, 5.<\/br><\/p>\n","protected":false},"excerpt":{"rendered":"<p>N\u00e1zn\u00e1nfalva, 1908. j\u00fan. 10. \u2020 N\u00e1zn\u00e1nfalva, 1995. m\u00e1j. 23.: tan\u00edt\u00f3n\u0151. \u2013 Mv.-en a tan\u00edt\u00f3k\u00e9pz\u0151ben szerzett tan\u00edt\u00f3i okl.-t (1930). Mez\u0151s\u00e1lyiban, azut\u00e1n Farag\u00f3ban tan\u00edtott, Fels\u0151g\u00e1ldra menek\u00fclt f\u00e9rj\u00e9vel \u00e9s ott tan\u00edtott (1940\u201345), visszat\u00e9rt N\u00e1zn\u00e1ra \u00e9s nyugd\u00edjaz\u00e1s\u00e1ig ott tev\u00e9kenykedett (1974). Irod.: Dasc\u0103li mure\u015feni, 5.<\/p>\n","protected":false},"featured_media":0,"comment_status":"open","ping_status":"closed","template":"","meta":[],"product_brand":[],"product_cat":[137],"product_tag":[],"class_list":{"0":"post-20774","1":"product","2":"type-product","3":"status-publish","5":"product_cat-maros-megyei-eletrajzi-lexikon","7":"first","8":"instock","9":"shipping-taxable","10":"product-type-simple"},"_links":{"self":[{"href":"https:\/\/uj.adatbank.ro\/lexikon\/wp-json\/wp\/v2\/product\/20774","targetHints":{"allow":["GET"]}}],"collection":[{"href":"https:\/\/uj.adatbank.ro\/lexikon\/wp-json\/wp\/v2\/product"}],"about":[{"href":"https:\/\/uj.adatbank.ro\/lexikon\/wp-json\/wp\/v2\/types\/product"}],"replies":[{"embeddable":true,"href":"https:\/\/uj.adatbank.ro\/lexikon\/wp-json\/wp\/v2\/comments?post=20774"}],"wp:attachment":[{"href":"https:\/\/uj.adatbank.ro\/lexikon\/wp-json\/wp\/v2\/media?parent=20774"}],"wp:term":[{"taxonomy":"product_brand","embeddable":true,"href":"https:\/\/uj.adatbank.ro\/lexikon\/wp-json\/wp\/v2\/product_brand?post=20774"},{"taxonomy":"product_cat","embeddable":true,"href":"https:\/\/uj.adatbank.ro\/lexikon\/wp-json\/wp\/v2\/product_cat?post=20774"},{"taxonomy":"product_tag","embeddable":true,"href":"https:\/\/uj.adatbank.ro\/lexikon\/wp-json\/wp\/v2\/product_tag?post=20774"}],"curies":[{"name":"wp","href":"https:\/\/api.w.org\/{rel}","templated":true}]}}