{"id":20775,"date":"2025-07-22T19:01:11","date_gmt":"2025-07-22T17:01:11","guid":{"rendered":"https:\/\/uj.adatbank.ro\/lexikon\/termek\/stallenberg-janos\/"},"modified":"2025-07-22T19:01:11","modified_gmt":"2025-07-22T17:01:11","slug":"stallenberg-janos","status":"publish","type":"product","link":"https:\/\/uj.adatbank.ro\/lexikon\/termek\/stallenberg-janos\/","title":{"rendered":"STALLENBERG J\u00e1nos"},"content":{"rendered":"<p>M\u00e1gocs, 1874 \u2020?: k\u00e1lyh\u00e1smester. \u2013 Agyagipari iskol\u00e1t v\u00e9gzett, majd hosszabb ideig k\u00fclf\u00f6ld\u00f6n praktiz\u00e1lt. \u00d6n\u00e1ll\u00f3 k\u00e1lyha\u00e9p\u00edt\u0151 mester Mv.-en (1903\u2013) \u00e9s cser\u00e9pk\u00e1lyha rakt\u00e1ros (1912. k.). A Magyar Iparosegyes\u00fclet v\u00e1l. tagja, az \u00c9p\u00edt\u0151iparos Egyes\u00fclet ellen\u0151re, a kat. egyh\u00e1zk\u00f6zs\u00e9g f\u0151ellen\u0151re, a kat. leg\u00e9nyegylet v\u00e1l. tagja \u00e9s t\u00f6bb t\u00e1rsadalmi \u00e9s kultur\u00e1lis egyes\u00fclet m\u0171k\u00f6d\u00e9s\u00e9ben r\u00e9szt vett. \u2013 Irod: Ki kicsoda; Szentgy\u00f6rgyi?<\/br><\/p>\n","protected":false},"excerpt":{"rendered":"<p>M\u00e1gocs, 1874 \u2020?: k\u00e1lyh\u00e1smester. \u2013 Agyagipari iskol\u00e1t v\u00e9gzett, majd hosszabb ideig k\u00fclf\u00f6ld\u00f6n praktiz\u00e1lt. \u00d6n\u00e1ll\u00f3 k\u00e1lyha\u00e9p\u00edt\u0151 mester Mv.-en (1903\u2013) \u00e9s cser\u00e9pk\u00e1lyha rakt\u00e1ros (1912. k.). A Magyar Iparosegyes\u00fclet v\u00e1l. tagja, az \u00c9p\u00edt\u0151iparos Egyes\u00fclet ellen\u0151re, a kat. egyh\u00e1zk\u00f6zs\u00e9g f\u0151ellen\u0151re, a kat. leg\u00e9nyegylet v\u00e1l. tagja \u00e9s t\u00f6bb t\u00e1rsadalmi \u00e9s kultur\u00e1lis egyes\u00fclet m\u0171k\u00f6d\u00e9s\u00e9ben r\u00e9szt vett. \u2013 Irod: Ki kicsoda; Szentgy\u00f6rgyi?<\/p>\n","protected":false},"featured_media":0,"comment_status":"open","ping_status":"closed","template":"","meta":[],"product_brand":[],"product_cat":[137],"product_tag":[],"class_list":{"0":"post-20775","1":"product","2":"type-product","3":"status-publish","5":"product_cat-maros-megyei-eletrajzi-lexikon","7":"first","8":"instock","9":"shipping-taxable","10":"product-type-simple"},"_links":{"self":[{"href":"https:\/\/uj.adatbank.ro\/lexikon\/wp-json\/wp\/v2\/product\/20775","targetHints":{"allow":["GET"]}}],"collection":[{"href":"https:\/\/uj.adatbank.ro\/lexikon\/wp-json\/wp\/v2\/product"}],"about":[{"href":"https:\/\/uj.adatbank.ro\/lexikon\/wp-json\/wp\/v2\/types\/product"}],"replies":[{"embeddable":true,"href":"https:\/\/uj.adatbank.ro\/lexikon\/wp-json\/wp\/v2\/comments?post=20775"}],"wp:attachment":[{"href":"https:\/\/uj.adatbank.ro\/lexikon\/wp-json\/wp\/v2\/media?parent=20775"}],"wp:term":[{"taxonomy":"product_brand","embeddable":true,"href":"https:\/\/uj.adatbank.ro\/lexikon\/wp-json\/wp\/v2\/product_brand?post=20775"},{"taxonomy":"product_cat","embeddable":true,"href":"https:\/\/uj.adatbank.ro\/lexikon\/wp-json\/wp\/v2\/product_cat?post=20775"},{"taxonomy":"product_tag","embeddable":true,"href":"https:\/\/uj.adatbank.ro\/lexikon\/wp-json\/wp\/v2\/product_tag?post=20775"}],"curies":[{"name":"wp","href":"https:\/\/api.w.org\/{rel}","templated":true}]}}