{"id":20778,"date":"2025-07-22T19:01:17","date_gmt":"2025-07-22T17:01:17","guid":{"rendered":"https:\/\/uj.adatbank.ro\/lexikon\/termek\/stan-petru\/"},"modified":"2025-07-22T19:01:17","modified_gmt":"2025-07-22T17:01:17","slug":"stan-petru","status":"publish","type":"product","link":"https:\/\/uj.adatbank.ro\/lexikon\/termek\/stan-petru\/","title":{"rendered":"STAN, Petru"},"content":{"rendered":"<p>Valea C\u0103lug\u0103reasc\u0103, 1907. jan. 3., \u2020 Szentgerice, 1944. szept. 21.: kapit\u00e1ny. \u2013 Parancsnoka volt a Hegyivad\u00e1szok 1. hadoszt\u00e1lya 2. z\u00e1szl\u00f3alj\u00e1nak (1944. aug. 23.). Kit\u00fcntette mag\u00e1t a Mv felszabad\u00edt\u00e1s\u00e1\u00e9rt v\u00edvott harcokban, a Backamadaras\u2013Szentgerice\u2013\u00c1kosfalva\u2013Ny\u00e1r\u00e1dszentbenedek vonalban vit\u00e9zkedett, elesett a V\u00e1cm\u00e1ni erd\u0151ben, Backamadarason nyugszik k\u00f6z\u00f6s s\u00edrban m\u00e1s 636 h\u0151ssel egy\u00fctt. Post mortem kit\u00fcntett\u00e9k a Rom\u00e1nia Csillaga \u00e9rdemrend 4. oszt\u00e1ly\u00e1val, \u00e9s el\u0151l\u00e9ptett\u00e9k t\u00f6rzs\u0151rmesterr\u00e9. <br \/><strong>Irod.:<\/strong> MMK.<\/br><\/p>\n","protected":false},"excerpt":{"rendered":"<p>Valea C\u0103lug\u0103reasc\u0103, 1907. jan. 3., \u2020 Szentgerice, 1944. szept. 21.: kapit\u00e1ny. \u2013 Parancsnoka volt a Hegyivad\u00e1szok 1. hadoszt\u00e1lya 2. z\u00e1szl\u00f3alj\u00e1nak (1944. aug. 23.). Kit\u00fcntette mag\u00e1t a Mv felszabad\u00edt\u00e1s\u00e1\u00e9rt v\u00edvott harcokban, a Backamadaras\u2013Szentgerice\u2013\u00c1kosfalva\u2013Ny\u00e1r\u00e1dszentbenedek vonalban vit\u00e9zkedett, elesett a V\u00e1cm\u00e1ni erd\u0151ben, Backamadarason nyugszik k\u00f6z\u00f6s s\u00edrban m\u00e1s 636 h\u0151ssel egy\u00fctt. Post mortem kit\u00fcntett\u00e9k a Rom\u00e1nia Csillaga \u00e9rdemrend 4. oszt\u00e1ly\u00e1val, [&hellip;]<\/p>\n","protected":false},"featured_media":0,"comment_status":"open","ping_status":"closed","template":"","meta":[],"product_brand":[],"product_cat":[137],"product_tag":[],"class_list":{"0":"post-20778","1":"product","2":"type-product","3":"status-publish","5":"product_cat-maros-megyei-eletrajzi-lexikon","7":"first","8":"instock","9":"shipping-taxable","10":"product-type-simple"},"_links":{"self":[{"href":"https:\/\/uj.adatbank.ro\/lexikon\/wp-json\/wp\/v2\/product\/20778","targetHints":{"allow":["GET"]}}],"collection":[{"href":"https:\/\/uj.adatbank.ro\/lexikon\/wp-json\/wp\/v2\/product"}],"about":[{"href":"https:\/\/uj.adatbank.ro\/lexikon\/wp-json\/wp\/v2\/types\/product"}],"replies":[{"embeddable":true,"href":"https:\/\/uj.adatbank.ro\/lexikon\/wp-json\/wp\/v2\/comments?post=20778"}],"wp:attachment":[{"href":"https:\/\/uj.adatbank.ro\/lexikon\/wp-json\/wp\/v2\/media?parent=20778"}],"wp:term":[{"taxonomy":"product_brand","embeddable":true,"href":"https:\/\/uj.adatbank.ro\/lexikon\/wp-json\/wp\/v2\/product_brand?post=20778"},{"taxonomy":"product_cat","embeddable":true,"href":"https:\/\/uj.adatbank.ro\/lexikon\/wp-json\/wp\/v2\/product_cat?post=20778"},{"taxonomy":"product_tag","embeddable":true,"href":"https:\/\/uj.adatbank.ro\/lexikon\/wp-json\/wp\/v2\/product_tag?post=20778"}],"curies":[{"name":"wp","href":"https:\/\/api.w.org\/{rel}","templated":true}]}}