{"id":20779,"date":"2025-07-22T19:01:20","date_gmt":"2025-07-22T17:01:20","guid":{"rendered":"https:\/\/uj.adatbank.ro\/lexikon\/termek\/stan-vasile\/"},"modified":"2025-07-22T19:01:20","modified_gmt":"2025-07-22T17:01:20","slug":"stan-vasile","status":"publish","type":"product","link":"https:\/\/uj.adatbank.ro\/lexikon\/termek\/stan-vasile\/","title":{"rendered":"STAN, Vasile"},"content":{"rendered":"<p>? \u2020?: hangszerk\u00e9sz\u00edt\u0151 szakember. \u2013 A r\u00e9geni Hora Hangszergy\u00e1r vezet\u0151je (1953\u201356 \u00e9s 1959\u201364). Jelent\u0151sen hozz\u00e1j\u00e1rult a hangszerr\u00e9szleg fejleszt\u00e9s\u00e9hez, els\u0151 igazgat\u00e1si \u00e9v\u00e9ben m\u00e1r 878 hangszert gy\u00e1rtottak (1953), mind t\u00f6bb alkalmazottal dolgoztak Heged\u0171ket, git\u00e1rokat, cimbalmokat, mandolinokat, br\u00e1cs\u00e1kat, csell\u00f3kat \u00e9s nagyb\u0151g\u0151ket gy\u00e1rtottak. A term\u00e9kek 52%-t k\u00fclf\u00f6ld\u00f6n \u00e9rt\u00e9kes\u00edtett\u00e9k (1958\u2013): N\u00e9meto., AE\u00c1., Olaszo., Spanyolo, Csehszlov\u00e1kia, Anglia, Franciao., Lengyelo., Jap\u00e1n stb. volt a kivitelez\u00e9s f\u0151 \u00e1llom\u00e1sa. <br \/><strong>Irod.:<\/strong> L\u0103z\u0103roiu.<\/br><\/p>\n","protected":false},"excerpt":{"rendered":"<p>? \u2020?: hangszerk\u00e9sz\u00edt\u0151 szakember. \u2013 A r\u00e9geni Hora Hangszergy\u00e1r vezet\u0151je (1953\u201356 \u00e9s 1959\u201364). Jelent\u0151sen hozz\u00e1j\u00e1rult a hangszerr\u00e9szleg fejleszt\u00e9s\u00e9hez, els\u0151 igazgat\u00e1si \u00e9v\u00e9ben m\u00e1r 878 hangszert gy\u00e1rtottak (1953), mind t\u00f6bb alkalmazottal dolgoztak Heged\u0171ket, git\u00e1rokat, cimbalmokat, mandolinokat, br\u00e1cs\u00e1kat, csell\u00f3kat \u00e9s nagyb\u0151g\u0151ket gy\u00e1rtottak. A term\u00e9kek 52%-t k\u00fclf\u00f6ld\u00f6n \u00e9rt\u00e9kes\u00edtett\u00e9k (1958\u2013): N\u00e9meto., AE\u00c1., Olaszo., Spanyolo, Csehszlov\u00e1kia, Anglia, Franciao., Lengyelo., Jap\u00e1n stb. [&hellip;]<\/p>\n","protected":false},"featured_media":0,"comment_status":"open","ping_status":"closed","template":"","meta":[],"product_brand":[],"product_cat":[137],"product_tag":[],"class_list":{"0":"post-20779","1":"product","2":"type-product","3":"status-publish","5":"product_cat-maros-megyei-eletrajzi-lexikon","7":"first","8":"instock","9":"shipping-taxable","10":"product-type-simple"},"_links":{"self":[{"href":"https:\/\/uj.adatbank.ro\/lexikon\/wp-json\/wp\/v2\/product\/20779","targetHints":{"allow":["GET"]}}],"collection":[{"href":"https:\/\/uj.adatbank.ro\/lexikon\/wp-json\/wp\/v2\/product"}],"about":[{"href":"https:\/\/uj.adatbank.ro\/lexikon\/wp-json\/wp\/v2\/types\/product"}],"replies":[{"embeddable":true,"href":"https:\/\/uj.adatbank.ro\/lexikon\/wp-json\/wp\/v2\/comments?post=20779"}],"wp:attachment":[{"href":"https:\/\/uj.adatbank.ro\/lexikon\/wp-json\/wp\/v2\/media?parent=20779"}],"wp:term":[{"taxonomy":"product_brand","embeddable":true,"href":"https:\/\/uj.adatbank.ro\/lexikon\/wp-json\/wp\/v2\/product_brand?post=20779"},{"taxonomy":"product_cat","embeddable":true,"href":"https:\/\/uj.adatbank.ro\/lexikon\/wp-json\/wp\/v2\/product_cat?post=20779"},{"taxonomy":"product_tag","embeddable":true,"href":"https:\/\/uj.adatbank.ro\/lexikon\/wp-json\/wp\/v2\/product_tag?post=20779"}],"curies":[{"name":"wp","href":"https:\/\/api.w.org\/{rel}","templated":true}]}}