{"id":2078,"date":"2025-06-28T12:03:07","date_gmt":"2025-06-28T10:03:07","guid":{"rendered":"https:\/\/uj.adatbank.ro\/lexikon\/termek\/balogh-jozsef-fogarasi\/"},"modified":"2025-06-28T12:03:07","modified_gmt":"2025-06-28T10:03:07","slug":"balogh-jozsef-fogarasi","status":"publish","type":"product","link":"https:\/\/uj.adatbank.ro\/lexikon\/termek\/balogh-jozsef-fogarasi\/","title":{"rendered":"BALOGH J\u00f3zsef, fogarasi"},"content":{"rendered":"<p>1835., \u2020\u00a0Mv., 1889. \u00e1pr. 14.: honv\u00e9d tizedes. \u2013 Testv\u00e9rtei: Eszter Pap S\u00e1ndorn\u00e9; Domokos feles\u00e9ge: Szak\u00e1ts Anna. Feles\u00e9ge: 1. P\u00e1sztai Nina. 2. Nagy Juli\u00e1nna (\u2020\u00a0Mv.-en ?, 71 \u00e9vesen), \u2013 1848\u201349-es szabads\u00e9gharc hon\u00e9d t\u0171z\u00e9r tizedese, mv.-i rend\u0151rs\u00e9gi ikgtat\u00f3. <br \/><strong>Irod.:<\/strong> Gy\u00e1szjelent\u0151<\/br><\/p>\n","protected":false},"excerpt":{"rendered":"<p>1835., \u2020\u00a0Mv., 1889. \u00e1pr. 14.: honv\u00e9d tizedes. \u2013 Testv\u00e9rtei: Eszter Pap S\u00e1ndorn\u00e9; Domokos feles\u00e9ge: Szak\u00e1ts Anna. Feles\u00e9ge: 1. P\u00e1sztai Nina. 2. Nagy Juli\u00e1nna (\u2020\u00a0Mv.-en ?, 71 \u00e9vesen), \u2013 1848\u201349-es szabads\u00e9gharc hon\u00e9d t\u0171z\u00e9r tizedese, mv.-i rend\u0151rs\u00e9gi ikgtat\u00f3. Irod.: Gy\u00e1szjelent\u0151<\/p>\n","protected":false},"featured_media":0,"comment_status":"open","ping_status":"closed","template":"","meta":[],"product_brand":[],"product_cat":[137],"product_tag":[],"class_list":{"0":"post-2078","1":"product","2":"type-product","3":"status-publish","5":"product_cat-maros-megyei-eletrajzi-lexikon","7":"first","8":"instock","9":"shipping-taxable","10":"product-type-simple"},"_links":{"self":[{"href":"https:\/\/uj.adatbank.ro\/lexikon\/wp-json\/wp\/v2\/product\/2078","targetHints":{"allow":["GET"]}}],"collection":[{"href":"https:\/\/uj.adatbank.ro\/lexikon\/wp-json\/wp\/v2\/product"}],"about":[{"href":"https:\/\/uj.adatbank.ro\/lexikon\/wp-json\/wp\/v2\/types\/product"}],"replies":[{"embeddable":true,"href":"https:\/\/uj.adatbank.ro\/lexikon\/wp-json\/wp\/v2\/comments?post=2078"}],"wp:attachment":[{"href":"https:\/\/uj.adatbank.ro\/lexikon\/wp-json\/wp\/v2\/media?parent=2078"}],"wp:term":[{"taxonomy":"product_brand","embeddable":true,"href":"https:\/\/uj.adatbank.ro\/lexikon\/wp-json\/wp\/v2\/product_brand?post=2078"},{"taxonomy":"product_cat","embeddable":true,"href":"https:\/\/uj.adatbank.ro\/lexikon\/wp-json\/wp\/v2\/product_cat?post=2078"},{"taxonomy":"product_tag","embeddable":true,"href":"https:\/\/uj.adatbank.ro\/lexikon\/wp-json\/wp\/v2\/product_tag?post=2078"}],"curies":[{"name":"wp","href":"https:\/\/api.w.org\/{rel}","templated":true}]}}