{"id":20781,"date":"2025-07-22T19:01:24","date_gmt":"2025-07-22T17:01:24","guid":{"rendered":"https:\/\/uj.adatbank.ro\/lexikon\/termek\/stanciu-roman-eugenia\/"},"modified":"2025-07-22T19:01:24","modified_gmt":"2025-07-22T17:01:24","slug":"stanciu-roman-eugenia","status":"publish","type":"product","link":"https:\/\/uj.adatbank.ro\/lexikon\/termek\/stanciu-roman-eugenia\/","title":{"rendered":"STANCIU ROMAN Eugenia"},"content":{"rendered":"<p>1935., \u2020\u00a01980: orvos. \u2013 Az orvosi egyetemet Kv.-on v\u00e9gezte. Mv.-en tan\u00e1rseg\u00e9d az elmegy\u00f3gy\u00e1szaton (1967), majd adjunktus \u00e9s f\u0151orvos. <br \/><strong>Irod.:<\/strong> Kiss\u2013P\u00e9terffy\u2013P\u00e9terffy.<\/br><\/p>\n","protected":false},"excerpt":{"rendered":"<p>1935., \u2020\u00a01980: orvos. \u2013 Az orvosi egyetemet Kv.-on v\u00e9gezte. Mv.-en tan\u00e1rseg\u00e9d az elmegy\u00f3gy\u00e1szaton (1967), majd adjunktus \u00e9s f\u0151orvos. Irod.: Kiss\u2013P\u00e9terffy\u2013P\u00e9terffy.<\/p>\n","protected":false},"featured_media":0,"comment_status":"open","ping_status":"closed","template":"","meta":[],"product_brand":[],"product_cat":[137],"product_tag":[],"class_list":{"0":"post-20781","1":"product","2":"type-product","3":"status-publish","5":"product_cat-maros-megyei-eletrajzi-lexikon","7":"first","8":"instock","9":"shipping-taxable","10":"product-type-simple"},"_links":{"self":[{"href":"https:\/\/uj.adatbank.ro\/lexikon\/wp-json\/wp\/v2\/product\/20781","targetHints":{"allow":["GET"]}}],"collection":[{"href":"https:\/\/uj.adatbank.ro\/lexikon\/wp-json\/wp\/v2\/product"}],"about":[{"href":"https:\/\/uj.adatbank.ro\/lexikon\/wp-json\/wp\/v2\/types\/product"}],"replies":[{"embeddable":true,"href":"https:\/\/uj.adatbank.ro\/lexikon\/wp-json\/wp\/v2\/comments?post=20781"}],"wp:attachment":[{"href":"https:\/\/uj.adatbank.ro\/lexikon\/wp-json\/wp\/v2\/media?parent=20781"}],"wp:term":[{"taxonomy":"product_brand","embeddable":true,"href":"https:\/\/uj.adatbank.ro\/lexikon\/wp-json\/wp\/v2\/product_brand?post=20781"},{"taxonomy":"product_cat","embeddable":true,"href":"https:\/\/uj.adatbank.ro\/lexikon\/wp-json\/wp\/v2\/product_cat?post=20781"},{"taxonomy":"product_tag","embeddable":true,"href":"https:\/\/uj.adatbank.ro\/lexikon\/wp-json\/wp\/v2\/product_tag?post=20781"}],"curies":[{"name":"wp","href":"https:\/\/api.w.org\/{rel}","templated":true}]}}