{"id":20782,"date":"2025-07-22T19:01:28","date_gmt":"2025-07-22T17:01:28","guid":{"rendered":"https:\/\/uj.adatbank.ro\/lexikon\/termek\/stanciu-toncean-alexandru\/"},"modified":"2025-07-22T19:01:28","modified_gmt":"2025-07-22T17:01:28","slug":"stanciu-toncean-alexandru","status":"publish","type":"product","link":"https:\/\/uj.adatbank.ro\/lexikon\/termek\/stanciu-toncean-alexandru\/","title":{"rendered":"STANCIU TONCEAN Alexandru"},"content":{"rendered":"<p>Mez\u0151kapus, 1912., \u2020 Sz.U., Dombas, 1944.: gazd\u00e1lkod\u00f3. \u2013 A II. vh.-ban a 39-es T\u00fcz\u00e9rs\u00e9gi egys\u00e9gn\u00e9l teljes\u00edtett szolg\u00e1latot a keleti fronton, ahol orosz fogs\u00e1gba esett. Fogolyk\u00e9nt a domb\u00e1szi sz\u00e9nb\u00e1ny\u00e1ban dolgozott, ahol a neh\u00e9z k\u00f6r\u00fclm\u00e9nyek k\u00f6vetkezt\u00e9ben meghalt. <br \/><strong>Irod.:<\/strong> C\u0103pu\u015ful de C\u00e2mpie.<\/br><\/p>\n","protected":false},"excerpt":{"rendered":"<p>Mez\u0151kapus, 1912., \u2020 Sz.U., Dombas, 1944.: gazd\u00e1lkod\u00f3. \u2013 A II. vh.-ban a 39-es T\u00fcz\u00e9rs\u00e9gi egys\u00e9gn\u00e9l teljes\u00edtett szolg\u00e1latot a keleti fronton, ahol orosz fogs\u00e1gba esett. Fogolyk\u00e9nt a domb\u00e1szi sz\u00e9nb\u00e1ny\u00e1ban dolgozott, ahol a neh\u00e9z k\u00f6r\u00fclm\u00e9nyek k\u00f6vetkezt\u00e9ben meghalt. Irod.: C\u0103pu\u015ful de C\u00e2mpie.<\/p>\n","protected":false},"featured_media":0,"comment_status":"open","ping_status":"closed","template":"","meta":[],"product_brand":[],"product_cat":[137],"product_tag":[],"class_list":{"0":"post-20782","1":"product","2":"type-product","3":"status-publish","5":"product_cat-maros-megyei-eletrajzi-lexikon","7":"first","8":"instock","9":"shipping-taxable","10":"product-type-simple"},"_links":{"self":[{"href":"https:\/\/uj.adatbank.ro\/lexikon\/wp-json\/wp\/v2\/product\/20782","targetHints":{"allow":["GET"]}}],"collection":[{"href":"https:\/\/uj.adatbank.ro\/lexikon\/wp-json\/wp\/v2\/product"}],"about":[{"href":"https:\/\/uj.adatbank.ro\/lexikon\/wp-json\/wp\/v2\/types\/product"}],"replies":[{"embeddable":true,"href":"https:\/\/uj.adatbank.ro\/lexikon\/wp-json\/wp\/v2\/comments?post=20782"}],"wp:attachment":[{"href":"https:\/\/uj.adatbank.ro\/lexikon\/wp-json\/wp\/v2\/media?parent=20782"}],"wp:term":[{"taxonomy":"product_brand","embeddable":true,"href":"https:\/\/uj.adatbank.ro\/lexikon\/wp-json\/wp\/v2\/product_brand?post=20782"},{"taxonomy":"product_cat","embeddable":true,"href":"https:\/\/uj.adatbank.ro\/lexikon\/wp-json\/wp\/v2\/product_cat?post=20782"},{"taxonomy":"product_tag","embeddable":true,"href":"https:\/\/uj.adatbank.ro\/lexikon\/wp-json\/wp\/v2\/product_tag?post=20782"}],"curies":[{"name":"wp","href":"https:\/\/api.w.org\/{rel}","templated":true}]}}