{"id":20783,"date":"2025-07-22T19:01:30","date_gmt":"2025-07-22T17:01:30","guid":{"rendered":"https:\/\/uj.adatbank.ro\/lexikon\/termek\/stanciu-grofu-ioan\/"},"modified":"2025-07-22T19:01:30","modified_gmt":"2025-07-22T17:01:30","slug":"stanciu-grofu-ioan","status":"publish","type":"product","link":"https:\/\/uj.adatbank.ro\/lexikon\/termek\/stanciu-grofu-ioan\/","title":{"rendered":"STANCIU-GROFU Ioan"},"content":{"rendered":"<p>Marosgezse, 1935. dec. 19., \u2020 Mez\u0151m\u00e9hes, 1999.: kult\u00faraszervez\u0151. \u2013 Helyettes tan\u00edt\u00f3 \u00e9s kult\u00farotthon igazgat\u00f3 Bordon, Gombostelk\u00e9n, Tusonban; kult\u00farotthonigazgat\u00f3 Mez\u0151r\u00fccs\u00f6n (1968\u201371, ahol kiadta a Comlodul c. foly\u00f3iratot, majd Mez\u0151m\u00e9hesen (1971\u201376). <br \/><strong>Irod.:<\/strong> Con\u0163iu, V.: Florile dalbe, flori de mar (1996).<\/br><\/p>\n","protected":false},"excerpt":{"rendered":"<p>Marosgezse, 1935. dec. 19., \u2020 Mez\u0151m\u00e9hes, 1999.: kult\u00faraszervez\u0151. \u2013 Helyettes tan\u00edt\u00f3 \u00e9s kult\u00farotthon igazgat\u00f3 Bordon, Gombostelk\u00e9n, Tusonban; kult\u00farotthonigazgat\u00f3 Mez\u0151r\u00fccs\u00f6n (1968\u201371, ahol kiadta a Comlodul c. foly\u00f3iratot, majd Mez\u0151m\u00e9hesen (1971\u201376). Irod.: Con\u0163iu, V.: Florile dalbe, flori de mar (1996).<\/p>\n","protected":false},"featured_media":0,"comment_status":"open","ping_status":"closed","template":"","meta":[],"product_brand":[],"product_cat":[137],"product_tag":[],"class_list":{"0":"post-20783","1":"product","2":"type-product","3":"status-publish","5":"product_cat-maros-megyei-eletrajzi-lexikon","7":"first","8":"instock","9":"shipping-taxable","10":"product-type-simple"},"_links":{"self":[{"href":"https:\/\/uj.adatbank.ro\/lexikon\/wp-json\/wp\/v2\/product\/20783","targetHints":{"allow":["GET"]}}],"collection":[{"href":"https:\/\/uj.adatbank.ro\/lexikon\/wp-json\/wp\/v2\/product"}],"about":[{"href":"https:\/\/uj.adatbank.ro\/lexikon\/wp-json\/wp\/v2\/types\/product"}],"replies":[{"embeddable":true,"href":"https:\/\/uj.adatbank.ro\/lexikon\/wp-json\/wp\/v2\/comments?post=20783"}],"wp:attachment":[{"href":"https:\/\/uj.adatbank.ro\/lexikon\/wp-json\/wp\/v2\/media?parent=20783"}],"wp:term":[{"taxonomy":"product_brand","embeddable":true,"href":"https:\/\/uj.adatbank.ro\/lexikon\/wp-json\/wp\/v2\/product_brand?post=20783"},{"taxonomy":"product_cat","embeddable":true,"href":"https:\/\/uj.adatbank.ro\/lexikon\/wp-json\/wp\/v2\/product_cat?post=20783"},{"taxonomy":"product_tag","embeddable":true,"href":"https:\/\/uj.adatbank.ro\/lexikon\/wp-json\/wp\/v2\/product_tag?post=20783"}],"curies":[{"name":"wp","href":"https:\/\/api.w.org\/{rel}","templated":true}]}}