{"id":20786,"date":"2025-07-22T19:01:36","date_gmt":"2025-07-22T17:01:36","guid":{"rendered":"https:\/\/uj.adatbank.ro\/lexikon\/termek\/stangescu-emanoil\/"},"modified":"2025-07-22T19:01:36","modified_gmt":"2025-07-22T17:01:36","slug":"stangescu-emanoil","status":"publish","type":"product","link":"https:\/\/uj.adatbank.ro\/lexikon\/termek\/stangescu-emanoil\/","title":{"rendered":"ST\u00c2NGESCU, Emanoil"},"content":{"rendered":"<p>? \u2020?: tan\u00e1r. \u2013 A mv.-i Ref. Koll.-ban \u00f3raad\u00f3 tan\u00e1r (1931\u201334). <br \/><strong>Irod.:<\/strong> Mv. t\u00f6rt. 2.<\/br><\/p>\n","protected":false},"excerpt":{"rendered":"<p>? \u2020?: tan\u00e1r. \u2013 A mv.-i Ref. Koll.-ban \u00f3raad\u00f3 tan\u00e1r (1931\u201334). Irod.: Mv. t\u00f6rt. 2.<\/p>\n","protected":false},"featured_media":0,"comment_status":"open","ping_status":"closed","template":"","meta":[],"product_brand":[],"product_cat":[137],"product_tag":[],"class_list":{"0":"post-20786","1":"product","2":"type-product","3":"status-publish","5":"product_cat-maros-megyei-eletrajzi-lexikon","7":"first","8":"instock","9":"shipping-taxable","10":"product-type-simple"},"_links":{"self":[{"href":"https:\/\/uj.adatbank.ro\/lexikon\/wp-json\/wp\/v2\/product\/20786","targetHints":{"allow":["GET"]}}],"collection":[{"href":"https:\/\/uj.adatbank.ro\/lexikon\/wp-json\/wp\/v2\/product"}],"about":[{"href":"https:\/\/uj.adatbank.ro\/lexikon\/wp-json\/wp\/v2\/types\/product"}],"replies":[{"embeddable":true,"href":"https:\/\/uj.adatbank.ro\/lexikon\/wp-json\/wp\/v2\/comments?post=20786"}],"wp:attachment":[{"href":"https:\/\/uj.adatbank.ro\/lexikon\/wp-json\/wp\/v2\/media?parent=20786"}],"wp:term":[{"taxonomy":"product_brand","embeddable":true,"href":"https:\/\/uj.adatbank.ro\/lexikon\/wp-json\/wp\/v2\/product_brand?post=20786"},{"taxonomy":"product_cat","embeddable":true,"href":"https:\/\/uj.adatbank.ro\/lexikon\/wp-json\/wp\/v2\/product_cat?post=20786"},{"taxonomy":"product_tag","embeddable":true,"href":"https:\/\/uj.adatbank.ro\/lexikon\/wp-json\/wp\/v2\/product_tag?post=20786"}],"curies":[{"name":"wp","href":"https:\/\/api.w.org\/{rel}","templated":true}]}}