{"id":20789,"date":"2025-07-22T19:01:42","date_gmt":"2025-07-22T17:01:42","guid":{"rendered":"https:\/\/uj.adatbank.ro\/lexikon\/termek\/stanoiu-stefan-%c2%a7\/"},"modified":"2025-07-22T19:01:42","modified_gmt":"2025-07-22T17:01:42","slug":"stanoiu-stefan-%c2%a7","status":"publish","type":"product","link":"https:\/\/uj.adatbank.ro\/lexikon\/termek\/stanoiu-stefan-%c2%a7\/","title":{"rendered":"ST\u0102NOIU, \u015etefan, \u00a7"},"content":{"rendered":"<p>Calafat, 1930. j\u00fan. 19., \u2020 Mv., 1993.?: tan\u00e1r. \u2013 Tanulm\u00e1nyait Calafaton (1937\u201349), azut\u00e1n Buk.-ben az I. C. Parhon Egyetem Filol\u00f3gia kar\u00e1n v\u00e9gezte \u00e9s szerzett oklevelet (1954). A f\u0151v\u00e1rosban tan\u00edtott (1954\u201357). B\u00e1ndra ker\u00fclt (1957\u2013), n\u00e9h\u00e1ny h\u00f3napig a mv.-i Ter\u00fcleti R\u00e1di\u00f3studi\u00f3ban szerkeszt\u0151 (1958\u2013), majd visszat\u00e9rt oktat\u00f3i p\u00e1ly\u00e1j\u00e1hoz: Mv.-en az Unirea Lic.-ban (1958\u201361), a 4-es sz. L\u00edc.-ban (1961\u201362), a Gazdas\u00e1gi L\u00edc.-ban tan\u00edtott (1968\u201390). A Maros Megyei K\u00f6nyvt\u00e1r igazgat\u00f3ja volt (1965\u201366. m\u00e1rc.). Minden tan\u00fcgyi fokozatot megszerzett: v\u00e9gleges\u00edt\u0151 (1960); II. fokozat (1968), I. fokozat (1980). Cikkei jelentek meg a St. R., C. l. c. napi lapokban. \u00d6n\u00e1ll\u00f3 verses k\u00f6tettel is jelentkezett. \u2013 <strong><strong>F. m.<\/strong><\/strong>: De pe celalalt mal: poeme (Tg.M., 1991). <br \/><strong>Irod.:<\/strong> Dasc\u0103li mure\u015feni, 1.<\/br><\/p>\n","protected":false},"excerpt":{"rendered":"<p>Calafat, 1930. j\u00fan. 19., \u2020 Mv., 1993.?: tan\u00e1r. \u2013 Tanulm\u00e1nyait Calafaton (1937\u201349), azut\u00e1n Buk.-ben az I. C. Parhon Egyetem Filol\u00f3gia kar\u00e1n v\u00e9gezte \u00e9s szerzett oklevelet (1954). A f\u0151v\u00e1rosban tan\u00edtott (1954\u201357). B\u00e1ndra ker\u00fclt (1957\u2013), n\u00e9h\u00e1ny h\u00f3napig a mv.-i Ter\u00fcleti R\u00e1di\u00f3studi\u00f3ban szerkeszt\u0151 (1958\u2013), majd visszat\u00e9rt oktat\u00f3i p\u00e1ly\u00e1j\u00e1hoz: Mv.-en az Unirea Lic.-ban (1958\u201361), a 4-es sz. L\u00edc.-ban (1961\u201362), [&hellip;]<\/p>\n","protected":false},"featured_media":0,"comment_status":"open","ping_status":"closed","template":"","meta":[],"product_brand":[],"product_cat":[137],"product_tag":[],"class_list":{"0":"post-20789","1":"product","2":"type-product","3":"status-publish","5":"product_cat-maros-megyei-eletrajzi-lexikon","7":"first","8":"instock","9":"shipping-taxable","10":"product-type-simple"},"_links":{"self":[{"href":"https:\/\/uj.adatbank.ro\/lexikon\/wp-json\/wp\/v2\/product\/20789","targetHints":{"allow":["GET"]}}],"collection":[{"href":"https:\/\/uj.adatbank.ro\/lexikon\/wp-json\/wp\/v2\/product"}],"about":[{"href":"https:\/\/uj.adatbank.ro\/lexikon\/wp-json\/wp\/v2\/types\/product"}],"replies":[{"embeddable":true,"href":"https:\/\/uj.adatbank.ro\/lexikon\/wp-json\/wp\/v2\/comments?post=20789"}],"wp:attachment":[{"href":"https:\/\/uj.adatbank.ro\/lexikon\/wp-json\/wp\/v2\/media?parent=20789"}],"wp:term":[{"taxonomy":"product_brand","embeddable":true,"href":"https:\/\/uj.adatbank.ro\/lexikon\/wp-json\/wp\/v2\/product_brand?post=20789"},{"taxonomy":"product_cat","embeddable":true,"href":"https:\/\/uj.adatbank.ro\/lexikon\/wp-json\/wp\/v2\/product_cat?post=20789"},{"taxonomy":"product_tag","embeddable":true,"href":"https:\/\/uj.adatbank.ro\/lexikon\/wp-json\/wp\/v2\/product_tag?post=20789"}],"curies":[{"name":"wp","href":"https:\/\/api.w.org\/{rel}","templated":true}]}}