{"id":20793,"date":"2025-07-22T19:01:53","date_gmt":"2025-07-22T17:01:53","guid":{"rendered":"https:\/\/uj.adatbank.ro\/lexikon\/termek\/stavila-george\/"},"modified":"2025-07-22T19:01:53","modified_gmt":"2025-07-22T17:01:53","slug":"stavila-george","status":"publish","type":"product","link":"https:\/\/uj.adatbank.ro\/lexikon\/termek\/stavila-george\/","title":{"rendered":"STAVIL\u0102 George"},"content":{"rendered":"<p>? \u2020?: tan\u00edt\u00f3. \u2013 L\u00f6v\u00e9ren \u0151 volt az els\u0151 ort. felekezet\u0171 tan\u00edt\u00f3 (1858\u2013). Elv\u00e9gezte R\u00e9genben a pedag\u00f3giai kurzust falusi iskol\u00e1k sz\u00e1m\u00e1ra. Iskola\u00e9p\u00fclet csak k\u00e9s\u0151bb \u00e9p\u00fclt (1860), de az is le\u00e9gett. \u00c9rdekes, h. ugyanilyen nev\u0171 pap is megmaradt a falu eml\u00e9kezet\u00e9ben, aki L\u00f6v\u00e9ren szolg\u00e1lt \u00e9s tan\u00edtott is (1870\u2013) felt\u00e9telezik, h. az el\u0151z\u0151nek rokona. Tank\u00f6nyveik nem voltak, a keze alatt tanul\u00f3 40 gyermek a bibli\u00e1b\u00f3l tanult meg \u00edrni \u00e9s olvasni roppant kezdetleges m\u00f3dszerekkel. <br \/><strong>Irod.:<\/strong> Lueriu.<\/br><\/p>\n","protected":false},"excerpt":{"rendered":"<p>? \u2020?: tan\u00edt\u00f3. \u2013 L\u00f6v\u00e9ren \u0151 volt az els\u0151 ort. felekezet\u0171 tan\u00edt\u00f3 (1858\u2013). Elv\u00e9gezte R\u00e9genben a pedag\u00f3giai kurzust falusi iskol\u00e1k sz\u00e1m\u00e1ra. Iskola\u00e9p\u00fclet csak k\u00e9s\u0151bb \u00e9p\u00fclt (1860), de az is le\u00e9gett. \u00c9rdekes, h. ugyanilyen nev\u0171 pap is megmaradt a falu eml\u00e9kezet\u00e9ben, aki L\u00f6v\u00e9ren szolg\u00e1lt \u00e9s tan\u00edtott is (1870\u2013) felt\u00e9telezik, h. az el\u0151z\u0151nek rokona. Tank\u00f6nyveik nem voltak, [&hellip;]<\/p>\n","protected":false},"featured_media":0,"comment_status":"open","ping_status":"closed","template":"","meta":[],"product_brand":[],"product_cat":[137],"product_tag":[],"class_list":{"0":"post-20793","1":"product","2":"type-product","3":"status-publish","5":"product_cat-maros-megyei-eletrajzi-lexikon","7":"first","8":"instock","9":"shipping-taxable","10":"product-type-simple"},"_links":{"self":[{"href":"https:\/\/uj.adatbank.ro\/lexikon\/wp-json\/wp\/v2\/product\/20793","targetHints":{"allow":["GET"]}}],"collection":[{"href":"https:\/\/uj.adatbank.ro\/lexikon\/wp-json\/wp\/v2\/product"}],"about":[{"href":"https:\/\/uj.adatbank.ro\/lexikon\/wp-json\/wp\/v2\/types\/product"}],"replies":[{"embeddable":true,"href":"https:\/\/uj.adatbank.ro\/lexikon\/wp-json\/wp\/v2\/comments?post=20793"}],"wp:attachment":[{"href":"https:\/\/uj.adatbank.ro\/lexikon\/wp-json\/wp\/v2\/media?parent=20793"}],"wp:term":[{"taxonomy":"product_brand","embeddable":true,"href":"https:\/\/uj.adatbank.ro\/lexikon\/wp-json\/wp\/v2\/product_brand?post=20793"},{"taxonomy":"product_cat","embeddable":true,"href":"https:\/\/uj.adatbank.ro\/lexikon\/wp-json\/wp\/v2\/product_cat?post=20793"},{"taxonomy":"product_tag","embeddable":true,"href":"https:\/\/uj.adatbank.ro\/lexikon\/wp-json\/wp\/v2\/product_tag?post=20793"}],"curies":[{"name":"wp","href":"https:\/\/api.w.org\/{rel}","templated":true}]}}