{"id":20794,"date":"2025-07-22T19:01:55","date_gmt":"2025-07-22T17:01:55","guid":{"rendered":"https:\/\/uj.adatbank.ro\/lexikon\/termek\/stavila-iacob\/"},"modified":"2025-07-22T19:01:55","modified_gmt":"2025-07-22T17:01:55","slug":"stavila-iacob","status":"publish","type":"product","link":"https:\/\/uj.adatbank.ro\/lexikon\/termek\/stavila-iacob\/","title":{"rendered":"STAVIL\u0102, Iacob"},"content":{"rendered":"<p>? \u2020 L\u00f6v\u00e9r, 1922. \u2013 L\u00f6v\u00e9ren \u00e9s Marosv\u00e9csben szolg\u00e1lt (1881\u20131900). Javaslat\u00e1ra \u00e1ll\u00edtottak fel Marosfelfalu temet\u0151kertj\u00e9ben egy k\u0151keresztet az 1848-ban elesett ismeretlen h\u0151s\u00f6k eml\u00e9k\u00e9re. Cirill bet\u0171s felirata m\u00e1ra nagyon megkopott. Szolg\u00e1lata ideje alatt Teodor C\u00e2mpean, l\u00f6v\u00e9ri sz\u00e1rmaz\u00e1s\u00fa tan\u00edt\u00f3val egy\u00fctt hozt\u00e1k l\u00e9tre, a Moctar \u00e9lelmiszerboltot, amelynek kamataival a szeg\u00e9nyebb sors\u00fa lakosokat t\u00e1mogatta (1883\u20131910). K\u00e9s\u0151bb 200 korona alapt\u0151k\u00e9vel l\u00e9trehozta a Iacob Stavil\u0103 Alap\u00edtv\u00e1nyt, amelynek kamataib\u00f3l a tanulni v\u00e1gy\u00f3, de szeg\u00e9nysors\u00fa gyermekeket p\u00e9nzzel t\u00e1mogatta (1908\u201322). A falu birtok\u00e1ban volt a Crujoc nev\u0171 erd\u0151. Onnan l\u00e1tt\u00e1k el ellen\u00e9rt\u00e9k fej\u00e9ben a lakoss\u00e1got t\u0171zif\u00e1val. A lelk\u00e9sz javaslat\u00e1ra az 1906. \u00e9vi bev\u00e9telt alap\u00edtv\u00e1nyba helyezt\u00e9k, amelyb\u0151l kamatos k\u00f6lcs\u00f6n\u00f6ket adtak a r\u00e1szorul\u00f3knak. Az alap\u00edtv\u00e1nyt egy v\u00e1lasztott bizotts\u00e1g (tagjai: Teodor Moldovan, Ilie Cisma\u015f, Ioan Moldovan \u00e9s Gh. Cr\u0103ciun tan\u00edt\u00f3), vezette, \u00e9s n\u00e9gy \u00e9vig m\u0171k\u00f6d\u00f6tt (1906\u201309). <br \/><strong>Irod.:<\/strong> Lueriu; Reghin, Protopopiat.<\/br><\/p>\n","protected":false},"excerpt":{"rendered":"<p>? \u2020 L\u00f6v\u00e9r, 1922. \u2013 L\u00f6v\u00e9ren \u00e9s Marosv\u00e9csben szolg\u00e1lt (1881\u20131900). Javaslat\u00e1ra \u00e1ll\u00edtottak fel Marosfelfalu temet\u0151kertj\u00e9ben egy k\u0151keresztet az 1848-ban elesett ismeretlen h\u0151s\u00f6k eml\u00e9k\u00e9re. Cirill bet\u0171s felirata m\u00e1ra nagyon megkopott. Szolg\u00e1lata ideje alatt Teodor C\u00e2mpean, l\u00f6v\u00e9ri sz\u00e1rmaz\u00e1s\u00fa tan\u00edt\u00f3val egy\u00fctt hozt\u00e1k l\u00e9tre, a Moctar \u00e9lelmiszerboltot, amelynek kamataival a szeg\u00e9nyebb sors\u00fa lakosokat t\u00e1mogatta (1883\u20131910). K\u00e9s\u0151bb 200 korona alapt\u0151k\u00e9vel [&hellip;]<\/p>\n","protected":false},"featured_media":0,"comment_status":"open","ping_status":"closed","template":"","meta":[],"product_brand":[],"product_cat":[137],"product_tag":[],"class_list":{"0":"post-20794","1":"product","2":"type-product","3":"status-publish","5":"product_cat-maros-megyei-eletrajzi-lexikon","7":"first","8":"instock","9":"shipping-taxable","10":"product-type-simple"},"_links":{"self":[{"href":"https:\/\/uj.adatbank.ro\/lexikon\/wp-json\/wp\/v2\/product\/20794","targetHints":{"allow":["GET"]}}],"collection":[{"href":"https:\/\/uj.adatbank.ro\/lexikon\/wp-json\/wp\/v2\/product"}],"about":[{"href":"https:\/\/uj.adatbank.ro\/lexikon\/wp-json\/wp\/v2\/types\/product"}],"replies":[{"embeddable":true,"href":"https:\/\/uj.adatbank.ro\/lexikon\/wp-json\/wp\/v2\/comments?post=20794"}],"wp:attachment":[{"href":"https:\/\/uj.adatbank.ro\/lexikon\/wp-json\/wp\/v2\/media?parent=20794"}],"wp:term":[{"taxonomy":"product_brand","embeddable":true,"href":"https:\/\/uj.adatbank.ro\/lexikon\/wp-json\/wp\/v2\/product_brand?post=20794"},{"taxonomy":"product_cat","embeddable":true,"href":"https:\/\/uj.adatbank.ro\/lexikon\/wp-json\/wp\/v2\/product_cat?post=20794"},{"taxonomy":"product_tag","embeddable":true,"href":"https:\/\/uj.adatbank.ro\/lexikon\/wp-json\/wp\/v2\/product_tag?post=20794"}],"curies":[{"name":"wp","href":"https:\/\/api.w.org\/{rel}","templated":true}]}}