{"id":20795,"date":"2025-07-22T19:01:58","date_gmt":"2025-07-22T17:01:58","guid":{"rendered":"https:\/\/uj.adatbank.ro\/lexikon\/termek\/stavila-teodor-stavilla-teodor\/"},"modified":"2025-07-22T19:01:58","modified_gmt":"2025-07-22T17:01:58","slug":"stavila-teodor-stavilla-teodor","status":"publish","type":"product","link":"https:\/\/uj.adatbank.ro\/lexikon\/termek\/stavila-teodor-stavilla-teodor\/","title":{"rendered":"STAVIL\u0102, Teodor, Stavilla, Teodor"},"content":{"rendered":"<p>? \u2020?: g. kat. pap. \u2013 Bal\u00e1zsfalv\u00e1n v\u00e9gezte a teol\u00f3gi\u00e1t. Teol\u00f3gus kor\u00e1ban A Musa c. foly\u00f3irat munkat\u00e1rsa folkl\u00f3rgy\u0171jt\u00e9ssel (1872\u201373). Papp\u00e1 szentelt\u00e9k (1873). Marosfelfaluban szolg\u00e1lt (1875\u201385), majd felmentett\u00e9k nem megfelel\u0151 viselked\u00e9se miatt. <br \/><strong>Irod.:<\/strong> Dobozi; MMK; Reghin, Protopopiat.<\/br><\/p>\n","protected":false},"excerpt":{"rendered":"<p>? \u2020?: g. kat. pap. \u2013 Bal\u00e1zsfalv\u00e1n v\u00e9gezte a teol\u00f3gi\u00e1t. Teol\u00f3gus kor\u00e1ban A Musa c. foly\u00f3irat munkat\u00e1rsa folkl\u00f3rgy\u0171jt\u00e9ssel (1872\u201373). Papp\u00e1 szentelt\u00e9k (1873). Marosfelfaluban szolg\u00e1lt (1875\u201385), majd felmentett\u00e9k nem megfelel\u0151 viselked\u00e9se miatt. Irod.: Dobozi; MMK; Reghin, Protopopiat.<\/p>\n","protected":false},"featured_media":0,"comment_status":"open","ping_status":"closed","template":"","meta":[],"product_brand":[],"product_cat":[137],"product_tag":[],"class_list":{"0":"post-20795","1":"product","2":"type-product","3":"status-publish","5":"product_cat-maros-megyei-eletrajzi-lexikon","7":"first","8":"instock","9":"shipping-taxable","10":"product-type-simple"},"_links":{"self":[{"href":"https:\/\/uj.adatbank.ro\/lexikon\/wp-json\/wp\/v2\/product\/20795","targetHints":{"allow":["GET"]}}],"collection":[{"href":"https:\/\/uj.adatbank.ro\/lexikon\/wp-json\/wp\/v2\/product"}],"about":[{"href":"https:\/\/uj.adatbank.ro\/lexikon\/wp-json\/wp\/v2\/types\/product"}],"replies":[{"embeddable":true,"href":"https:\/\/uj.adatbank.ro\/lexikon\/wp-json\/wp\/v2\/comments?post=20795"}],"wp:attachment":[{"href":"https:\/\/uj.adatbank.ro\/lexikon\/wp-json\/wp\/v2\/media?parent=20795"}],"wp:term":[{"taxonomy":"product_brand","embeddable":true,"href":"https:\/\/uj.adatbank.ro\/lexikon\/wp-json\/wp\/v2\/product_brand?post=20795"},{"taxonomy":"product_cat","embeddable":true,"href":"https:\/\/uj.adatbank.ro\/lexikon\/wp-json\/wp\/v2\/product_cat?post=20795"},{"taxonomy":"product_tag","embeddable":true,"href":"https:\/\/uj.adatbank.ro\/lexikon\/wp-json\/wp\/v2\/product_tag?post=20795"}],"curies":[{"name":"wp","href":"https:\/\/api.w.org\/{rel}","templated":true}]}}