{"id":20796,"date":"2025-07-22T19:02:00","date_gmt":"2025-07-22T17:02:00","guid":{"rendered":"https:\/\/uj.adatbank.ro\/lexikon\/termek\/stefanelli-kessler-viola\/"},"modified":"2025-07-22T19:02:00","modified_gmt":"2025-07-22T17:02:00","slug":"stefanelli-kessler-viola","status":"publish","type":"product","link":"https:\/\/uj.adatbank.ro\/lexikon\/termek\/stefanelli-kessler-viola\/","title":{"rendered":"STEFANELLI-KESSLER Viola"},"content":{"rendered":"<p>Szt. Putila (Oroszo.), 1912, \u2020?: zongoram\u0171v\u00e9sz, tan\u00e1r. \u2013 A csernovici zenekonzervat\u00f3riumban v\u00e9gzett (1936), Paul Jelescu tan\u00e1r osztaly\u00e1ban. 1942-ben Zongoratan\u00e1rnak nevezt\u00e9k ki ugyanebbe a konzervat\u00f3riumba, amely Temesvarra k\u00f6lt\u00f6z\u00f6tt (1944). Itt tan\u00e1rkodott (1948-ig), amikor is versenyvizsg\u00e1val a Mv.-i V\u00e1rosi Konzervat\u00f3riumba ker\u00fclt; ut\u00e1na a N\u00e9pi M\u0171v\u00e9szeti Iskol\u00e1ban tan\u00edtott (1971-ig). Egyidej\u0171leg az \u00c1llami Filharm\u00f3nia zenei titk\u00e1ra is volt (1954\u201356); a Pedag\u00f3giai F\u0151iskol\u00e1n tan\u00edtott zongor\u00e1t (1966\u2013). Munk\u00e1ss\u00e1g\u00e1nak els\u0151 \u00e9veiben t\u00f6bb hangversenyt adott Temesv\u00e1ron \u00e9s Csernovicban (1943-ban Enescuval). \u2013 Irod: Zenetudom\u00e1nyi \u00edr\u00e1sok.<\/br><\/p>\n","protected":false},"excerpt":{"rendered":"<p>Szt. Putila (Oroszo.), 1912, \u2020?: zongoram\u0171v\u00e9sz, tan\u00e1r. \u2013 A csernovici zenekonzervat\u00f3riumban v\u00e9gzett (1936), Paul Jelescu tan\u00e1r osztaly\u00e1ban. 1942-ben Zongoratan\u00e1rnak nevezt\u00e9k ki ugyanebbe a konzervat\u00f3riumba, amely Temesvarra k\u00f6lt\u00f6z\u00f6tt (1944). Itt tan\u00e1rkodott (1948-ig), amikor is versenyvizsg\u00e1val a Mv.-i V\u00e1rosi Konzervat\u00f3riumba ker\u00fclt; ut\u00e1na a N\u00e9pi M\u0171v\u00e9szeti Iskol\u00e1ban tan\u00edtott (1971-ig). Egyidej\u0171leg az \u00c1llami Filharm\u00f3nia zenei titk\u00e1ra is volt (1954\u201356); [&hellip;]<\/p>\n","protected":false},"featured_media":0,"comment_status":"open","ping_status":"closed","template":"","meta":[],"product_brand":[],"product_cat":[137],"product_tag":[],"class_list":{"0":"post-20796","1":"product","2":"type-product","3":"status-publish","5":"product_cat-maros-megyei-eletrajzi-lexikon","7":"first","8":"instock","9":"shipping-taxable","10":"product-type-simple"},"_links":{"self":[{"href":"https:\/\/uj.adatbank.ro\/lexikon\/wp-json\/wp\/v2\/product\/20796","targetHints":{"allow":["GET"]}}],"collection":[{"href":"https:\/\/uj.adatbank.ro\/lexikon\/wp-json\/wp\/v2\/product"}],"about":[{"href":"https:\/\/uj.adatbank.ro\/lexikon\/wp-json\/wp\/v2\/types\/product"}],"replies":[{"embeddable":true,"href":"https:\/\/uj.adatbank.ro\/lexikon\/wp-json\/wp\/v2\/comments?post=20796"}],"wp:attachment":[{"href":"https:\/\/uj.adatbank.ro\/lexikon\/wp-json\/wp\/v2\/media?parent=20796"}],"wp:term":[{"taxonomy":"product_brand","embeddable":true,"href":"https:\/\/uj.adatbank.ro\/lexikon\/wp-json\/wp\/v2\/product_brand?post=20796"},{"taxonomy":"product_cat","embeddable":true,"href":"https:\/\/uj.adatbank.ro\/lexikon\/wp-json\/wp\/v2\/product_cat?post=20796"},{"taxonomy":"product_tag","embeddable":true,"href":"https:\/\/uj.adatbank.ro\/lexikon\/wp-json\/wp\/v2\/product_tag?post=20796"}],"curies":[{"name":"wp","href":"https:\/\/api.w.org\/{rel}","templated":true}]}}