{"id":20797,"date":"2025-07-22T19:02:01","date_gmt":"2025-07-22T17:02:01","guid":{"rendered":"https:\/\/uj.adatbank.ro\/lexikon\/termek\/stefanovits-sandor\/"},"modified":"2025-07-22T19:02:01","modified_gmt":"2025-07-22T17:02:01","slug":"stefanovits-sandor","status":"publish","type":"product","link":"https:\/\/uj.adatbank.ro\/lexikon\/termek\/stefanovits-sandor\/","title":{"rendered":"STEFANOVITS S\u00e1ndor"},"content":{"rendered":"<p>Versec, 1894, \u2020?: m\u00e9rn\u00f6k, c\u00e9gvezet\u0151 Mv.-en. \u2013 R\u00e9szt vett az I. vh.-ban (1914\u201318) az orosz, olasz fronton harcolt, megsebes\u00fclt. A sz\u00e9kely hadoszt\u00e1ly k\u00f6tel\u00e9k\u00e9ben volt (1918\u2013), majd a magyar nemzeti hadseregben teljes\u00edtett szolg\u00e1latot, annak felszerel\u00e9s\u00e9ben \u00e9s Debrecenbe val\u00f3 bevonul\u00e1s\u00e1ban vett r\u00e9szt. F\u0151hadnagyi rangban szerelt le (1921) kit\u00fcntet\u00e9sekkel. <br \/><strong>Irod.:<\/strong> Erd\u00e9lyi ezredek.<\/br><\/p>\n","protected":false},"excerpt":{"rendered":"<p>Versec, 1894, \u2020?: m\u00e9rn\u00f6k, c\u00e9gvezet\u0151 Mv.-en. \u2013 R\u00e9szt vett az I. vh.-ban (1914\u201318) az orosz, olasz fronton harcolt, megsebes\u00fclt. A sz\u00e9kely hadoszt\u00e1ly k\u00f6tel\u00e9k\u00e9ben volt (1918\u2013), majd a magyar nemzeti hadseregben teljes\u00edtett szolg\u00e1latot, annak felszerel\u00e9s\u00e9ben \u00e9s Debrecenbe val\u00f3 bevonul\u00e1s\u00e1ban vett r\u00e9szt. F\u0151hadnagyi rangban szerelt le (1921) kit\u00fcntet\u00e9sekkel. Irod.: Erd\u00e9lyi ezredek.<\/p>\n","protected":false},"featured_media":0,"comment_status":"open","ping_status":"closed","template":"","meta":[],"product_brand":[],"product_cat":[137],"product_tag":[],"class_list":{"0":"post-20797","1":"product","2":"type-product","3":"status-publish","5":"product_cat-maros-megyei-eletrajzi-lexikon","7":"first","8":"instock","9":"shipping-taxable","10":"product-type-simple"},"_links":{"self":[{"href":"https:\/\/uj.adatbank.ro\/lexikon\/wp-json\/wp\/v2\/product\/20797","targetHints":{"allow":["GET"]}}],"collection":[{"href":"https:\/\/uj.adatbank.ro\/lexikon\/wp-json\/wp\/v2\/product"}],"about":[{"href":"https:\/\/uj.adatbank.ro\/lexikon\/wp-json\/wp\/v2\/types\/product"}],"replies":[{"embeddable":true,"href":"https:\/\/uj.adatbank.ro\/lexikon\/wp-json\/wp\/v2\/comments?post=20797"}],"wp:attachment":[{"href":"https:\/\/uj.adatbank.ro\/lexikon\/wp-json\/wp\/v2\/media?parent=20797"}],"wp:term":[{"taxonomy":"product_brand","embeddable":true,"href":"https:\/\/uj.adatbank.ro\/lexikon\/wp-json\/wp\/v2\/product_brand?post=20797"},{"taxonomy":"product_cat","embeddable":true,"href":"https:\/\/uj.adatbank.ro\/lexikon\/wp-json\/wp\/v2\/product_cat?post=20797"},{"taxonomy":"product_tag","embeddable":true,"href":"https:\/\/uj.adatbank.ro\/lexikon\/wp-json\/wp\/v2\/product_tag?post=20797"}],"curies":[{"name":"wp","href":"https:\/\/api.w.org\/{rel}","templated":true}]}}