{"id":2080,"date":"2025-06-28T12:03:12","date_gmt":"2025-06-28T10:03:12","guid":{"rendered":"https:\/\/uj.adatbank.ro\/lexikon\/termek\/balogh-jozsef-radnoti\/"},"modified":"2025-06-28T12:03:12","modified_gmt":"2025-06-28T10:03:12","slug":"balogh-jozsef-radnoti","status":"publish","type":"product","link":"https:\/\/uj.adatbank.ro\/lexikon\/termek\/balogh-jozsef-radnoti\/","title":{"rendered":"BALOGH J\u00f3zsef, radn\u00f3ti"},"content":{"rendered":"<p>Radn\u00f3t, 1701. aug. 1., \u2020 Mv., 1756. m\u00e1rc. 10. S\u00edrhelye a pl\u00e9b\u00e1niatemplom alatti kript\u00e1ban van: jezsuita pap, rendh\u00e1zf\u0151n\u00f6k, tan\u00e1r. \u2013 A b\u00f6lcseleti tudom\u00e1nyokat Kv.-on v\u00e9gezte. A trencs\u00e9nyi gimn.-ban volt nov\u00edcius (1721\u2013) A jezsuit\u00e1k szerzet\u00e9be l\u00e9pett (1723). Kv.-on tan\u00edtott hittant, etik\u00e1t \u00e9s b\u00f6lcseletet (1724\u201327), majd Ungv\u00e1ron, Kass\u00e1n volt tan\u00e1r. Erd\u00e9lyben a rom\u00e1nok k\u00f6z\u00f6tt hitt\u00e9r\u00edt\u0151k\u00e9nt m\u0171k\u00f6d\u00f6tt (1742\u201346), majd a mv.-i misszi\u00f3 f\u0151n\u00f6ke, a r. k. tanoda \u00e9s nevel\u0151h\u00e1z igazgat\u00f3ja volt (1747\u201356). A mv.-i pl\u00e9b\u00e1niatemplom bels\u0151 berendez\u00e9s\u00e9t eszk\u00f6z\u00f6lte, a m\u00e1r 1730-ban fel\u00e9p\u00fclt, \u00f6t \u00f6l magas templomtorony fedel\u00e9t form\u00e1ltatta \u00e9s b\u00e1doggal fedette be, valamint atyai \u00f6r\u00f6ks\u00e9g\u00e9t fel\u00e1ldozva, a sz\u00e9kelyudvarhelyi r. k. nevel\u0151h\u00e1zat alap\u00edtotta. Jelenl\u00e9t\u00e9ben k\u00f6t\u00f6tt\u00e9k meg a tan\u00e1cs k\u00e9pvisel\u0151i a rom\u00e1n templom \u00e9s temet\u0151nek helyet biztos\u00edt\u00f3 szerz\u0151d\u00e9st, azzal a felt\u00e9tellel, hogy az a R\u00f3m\u00e1val egyes\u00fclt felekezet\u00e9 lehet csup\u00e1n (1749). \u2013 <strong>F. m.:<\/strong> Praerogativa philosophiae ex naturae et artis testimonio probata et nunc denuo in lucem edita (Cassoviae, 1737); Speculum praesulum Hungariae (1737); Legjobb r\u00e9sz (Halotti pr\u00e9dik\u00e1ci\u00f3 Mikes M\u00e1ria felett (1744). <br \/><strong>Irod.:<\/strong> Farcz\u00e1dy; Id\u0151t\u00e1r 1.; Jezsuita \u00e9vk.; Kr\u00f3n f\u00fcz. (IV. 9); Mv.-i Pl\u00e9b\u00e1nia; P\u00e1l-Antal 2009; Predescu; R. k. okt. \u2013 1; R. k. okt. \u20132; Szinnyei; Szinnyei J-Sz. J.<\/br><\/p>\n","protected":false},"excerpt":{"rendered":"<p>Radn\u00f3t, 1701. aug. 1., \u2020 Mv., 1756. m\u00e1rc. 10. S\u00edrhelye a pl\u00e9b\u00e1niatemplom alatti kript\u00e1ban van: jezsuita pap, rendh\u00e1zf\u0151n\u00f6k, tan\u00e1r. \u2013 A b\u00f6lcseleti tudom\u00e1nyokat Kv.-on v\u00e9gezte. A trencs\u00e9nyi gimn.-ban volt nov\u00edcius (1721\u2013) A jezsuit\u00e1k szerzet\u00e9be l\u00e9pett (1723). Kv.-on tan\u00edtott hittant, etik\u00e1t \u00e9s b\u00f6lcseletet (1724\u201327), majd Ungv\u00e1ron, Kass\u00e1n volt tan\u00e1r. Erd\u00e9lyben a rom\u00e1nok k\u00f6z\u00f6tt hitt\u00e9r\u00edt\u0151k\u00e9nt m\u0171k\u00f6d\u00f6tt (1742\u201346), [&hellip;]<\/p>\n","protected":false},"featured_media":0,"comment_status":"open","ping_status":"closed","template":"","meta":[],"product_brand":[],"product_cat":[137],"product_tag":[],"class_list":{"0":"post-2080","1":"product","2":"type-product","3":"status-publish","5":"product_cat-maros-megyei-eletrajzi-lexikon","7":"first","8":"instock","9":"shipping-taxable","10":"product-type-simple"},"_links":{"self":[{"href":"https:\/\/uj.adatbank.ro\/lexikon\/wp-json\/wp\/v2\/product\/2080","targetHints":{"allow":["GET"]}}],"collection":[{"href":"https:\/\/uj.adatbank.ro\/lexikon\/wp-json\/wp\/v2\/product"}],"about":[{"href":"https:\/\/uj.adatbank.ro\/lexikon\/wp-json\/wp\/v2\/types\/product"}],"replies":[{"embeddable":true,"href":"https:\/\/uj.adatbank.ro\/lexikon\/wp-json\/wp\/v2\/comments?post=2080"}],"wp:attachment":[{"href":"https:\/\/uj.adatbank.ro\/lexikon\/wp-json\/wp\/v2\/media?parent=2080"}],"wp:term":[{"taxonomy":"product_brand","embeddable":true,"href":"https:\/\/uj.adatbank.ro\/lexikon\/wp-json\/wp\/v2\/product_brand?post=2080"},{"taxonomy":"product_cat","embeddable":true,"href":"https:\/\/uj.adatbank.ro\/lexikon\/wp-json\/wp\/v2\/product_cat?post=2080"},{"taxonomy":"product_tag","embeddable":true,"href":"https:\/\/uj.adatbank.ro\/lexikon\/wp-json\/wp\/v2\/product_tag?post=2080"}],"curies":[{"name":"wp","href":"https:\/\/api.w.org\/{rel}","templated":true}]}}