{"id":20801,"date":"2025-07-22T19:02:09","date_gmt":"2025-07-22T17:02:09","guid":{"rendered":"https:\/\/uj.adatbank.ro\/lexikon\/termek\/steier-isvan\/"},"modified":"2025-07-22T19:02:09","modified_gmt":"2025-07-22T17:02:09","slug":"steier-isvan","status":"publish","type":"product","link":"https:\/\/uj.adatbank.ro\/lexikon\/termek\/steier-isvan\/","title":{"rendered":"STEIER Isv\u00e1n"},"content":{"rendered":"<p>? \u2020?: m. k. tan\u00e1csos Sz\u00e1szr\u00e9genben. \u2013 A Turul SE v\u00e1lasztm\u00e1nyi tagja. Labdar\u00fag\u00f3 volt. T\u00f6bb t\u00e1rs\u00e1val egy\u00fctt megalap\u00edtotta Sz\u00e1szr\u00e9geni TK-t amely k\u00e9s\u0151bb megnyerte a ker\u00fcleti Kup\u00e1t. Lelkesen dolgozott a magyar sport\u00e9rt, felismerve annak nemzetnevel\u0151 hat\u00e1s\u00e1t. <br \/><strong>Irod.:<\/strong> Pluh\u00e1r.<\/br><\/p>\n","protected":false},"excerpt":{"rendered":"<p>? \u2020?: m. k. tan\u00e1csos Sz\u00e1szr\u00e9genben. \u2013 A Turul SE v\u00e1lasztm\u00e1nyi tagja. Labdar\u00fag\u00f3 volt. T\u00f6bb t\u00e1rs\u00e1val egy\u00fctt megalap\u00edtotta Sz\u00e1szr\u00e9geni TK-t amely k\u00e9s\u0151bb megnyerte a ker\u00fcleti Kup\u00e1t. Lelkesen dolgozott a magyar sport\u00e9rt, felismerve annak nemzetnevel\u0151 hat\u00e1s\u00e1t. Irod.: Pluh\u00e1r.<\/p>\n","protected":false},"featured_media":0,"comment_status":"open","ping_status":"closed","template":"","meta":[],"product_brand":[],"product_cat":[137],"product_tag":[],"class_list":{"0":"post-20801","1":"product","2":"type-product","3":"status-publish","5":"product_cat-maros-megyei-eletrajzi-lexikon","7":"first","8":"instock","9":"shipping-taxable","10":"product-type-simple"},"_links":{"self":[{"href":"https:\/\/uj.adatbank.ro\/lexikon\/wp-json\/wp\/v2\/product\/20801","targetHints":{"allow":["GET"]}}],"collection":[{"href":"https:\/\/uj.adatbank.ro\/lexikon\/wp-json\/wp\/v2\/product"}],"about":[{"href":"https:\/\/uj.adatbank.ro\/lexikon\/wp-json\/wp\/v2\/types\/product"}],"replies":[{"embeddable":true,"href":"https:\/\/uj.adatbank.ro\/lexikon\/wp-json\/wp\/v2\/comments?post=20801"}],"wp:attachment":[{"href":"https:\/\/uj.adatbank.ro\/lexikon\/wp-json\/wp\/v2\/media?parent=20801"}],"wp:term":[{"taxonomy":"product_brand","embeddable":true,"href":"https:\/\/uj.adatbank.ro\/lexikon\/wp-json\/wp\/v2\/product_brand?post=20801"},{"taxonomy":"product_cat","embeddable":true,"href":"https:\/\/uj.adatbank.ro\/lexikon\/wp-json\/wp\/v2\/product_cat?post=20801"},{"taxonomy":"product_tag","embeddable":true,"href":"https:\/\/uj.adatbank.ro\/lexikon\/wp-json\/wp\/v2\/product_tag?post=20801"}],"curies":[{"name":"wp","href":"https:\/\/api.w.org\/{rel}","templated":true}]}}