{"id":20802,"date":"2025-07-22T19:02:14","date_gmt":"2025-07-22T17:02:14","guid":{"rendered":"https:\/\/uj.adatbank.ro\/lexikon\/termek\/steilner-karl-carl\/"},"modified":"2025-07-22T19:02:14","modified_gmt":"2025-07-22T17:02:14","slug":"steilner-karl-carl","status":"publish","type":"product","link":"https:\/\/uj.adatbank.ro\/lexikon\/termek\/steilner-karl-carl\/","title":{"rendered":"STEILNER Karl; Carl"},"content":{"rendered":"<p>Z\u00e1gor v. R\u00f3d, 1829., \u2020\u00a0Sz\u00e1szszentl\u00e1szl\u00f3, 1889. okt. 22: \u00e1g. ev. lelk\u00e9sz, tan\u00e1r. \u2013 Apja lelk\u00e9sz. A gimn\u00e1ziumot Segesv\u00e1ron v\u00e9gezte, az egyetemet a Lipcsei Egy. Hittud. Kar\u00e1n (1850\u201352), a B\u00e9csi Egy.-en (1852). Hazat\u00e9rve Gimn\u00e1ziumi tan\u00e1r volt Segesv\u00e1rt (1853\u2013; 1864\u201386)); Boldogv\u00e1rosba (Nagyk\u00fck\u00fcll\u0151m.) v\u00e1lasztott\u00e1k meg lelk\u00e9sznek (1864). Sz\u00e1szszentl\u00e1szl\u00f3n lelk\u00e9sz (1886\u2013). Cikke a segesv\u00e1ri \u00c1g. Ev. Gimn\u00e1zium Programmj\u00e1ban (1862. Beitr\u00e4ge zur Geschichte der Deutschen Ansiedelung im Nordwesten Siebenb\u00fcrgens aus der Arpadenzeit). \u2013 Irod: A magyarorsz\u00e1gi k\u00f6z\u00e9piskol\u00e1kban 1850\u20131855 megjelent \u00f6sszes programm\u00e9rtekez\u00e9seknek repert\u00f3riuma (Bp., 1887); Szab\u00f3\u2013Simon\u2013Sz\u00f6gi; Szinnyei.<\/br><\/p>\n","protected":false},"excerpt":{"rendered":"<p>Z\u00e1gor v. R\u00f3d, 1829., \u2020\u00a0Sz\u00e1szszentl\u00e1szl\u00f3, 1889. okt. 22: \u00e1g. ev. lelk\u00e9sz, tan\u00e1r. \u2013 Apja lelk\u00e9sz. A gimn\u00e1ziumot Segesv\u00e1ron v\u00e9gezte, az egyetemet a Lipcsei Egy. Hittud. Kar\u00e1n (1850\u201352), a B\u00e9csi Egy.-en (1852). Hazat\u00e9rve Gimn\u00e1ziumi tan\u00e1r volt Segesv\u00e1rt (1853\u2013; 1864\u201386)); Boldogv\u00e1rosba (Nagyk\u00fck\u00fcll\u0151m.) v\u00e1lasztott\u00e1k meg lelk\u00e9sznek (1864). Sz\u00e1szszentl\u00e1szl\u00f3n lelk\u00e9sz (1886\u2013). Cikke a segesv\u00e1ri \u00c1g. Ev. Gimn\u00e1zium Programmj\u00e1ban (1862. [&hellip;]<\/p>\n","protected":false},"featured_media":0,"comment_status":"open","ping_status":"closed","template":"","meta":[],"product_brand":[],"product_cat":[137],"product_tag":[],"class_list":{"0":"post-20802","1":"product","2":"type-product","3":"status-publish","5":"product_cat-maros-megyei-eletrajzi-lexikon","7":"first","8":"instock","9":"shipping-taxable","10":"product-type-simple"},"_links":{"self":[{"href":"https:\/\/uj.adatbank.ro\/lexikon\/wp-json\/wp\/v2\/product\/20802","targetHints":{"allow":["GET"]}}],"collection":[{"href":"https:\/\/uj.adatbank.ro\/lexikon\/wp-json\/wp\/v2\/product"}],"about":[{"href":"https:\/\/uj.adatbank.ro\/lexikon\/wp-json\/wp\/v2\/types\/product"}],"replies":[{"embeddable":true,"href":"https:\/\/uj.adatbank.ro\/lexikon\/wp-json\/wp\/v2\/comments?post=20802"}],"wp:attachment":[{"href":"https:\/\/uj.adatbank.ro\/lexikon\/wp-json\/wp\/v2\/media?parent=20802"}],"wp:term":[{"taxonomy":"product_brand","embeddable":true,"href":"https:\/\/uj.adatbank.ro\/lexikon\/wp-json\/wp\/v2\/product_brand?post=20802"},{"taxonomy":"product_cat","embeddable":true,"href":"https:\/\/uj.adatbank.ro\/lexikon\/wp-json\/wp\/v2\/product_cat?post=20802"},{"taxonomy":"product_tag","embeddable":true,"href":"https:\/\/uj.adatbank.ro\/lexikon\/wp-json\/wp\/v2\/product_tag?post=20802"}],"curies":[{"name":"wp","href":"https:\/\/api.w.org\/{rel}","templated":true}]}}