{"id":20803,"date":"2025-07-22T19:02:16","date_gmt":"2025-07-22T17:02:16","guid":{"rendered":"https:\/\/uj.adatbank.ro\/lexikon\/termek\/steilner-karl-josef\/"},"modified":"2025-07-22T19:02:16","modified_gmt":"2025-07-22T17:02:16","slug":"steilner-karl-josef","status":"publish","type":"product","link":"https:\/\/uj.adatbank.ro\/lexikon\/termek\/steilner-karl-josef\/","title":{"rendered":"STEILNER Karl Josef"},"content":{"rendered":"<p>Segesv\u00e1r, 1860. j\u00fal. 28., \u2020?: \u00e1g. ev. lelk\u00e9sz. Apja lelk\u00e9sz. Miut\u00e1n a gimn\u00e1ziumot Segesv\u00e1ron elv\u00e9gezte (1878) a lipcsei (1878\u201480) \u00e9s berlini egyetemre (1880\u201381) ment, hogy teol\u00f3gi\u00e1t, t\u00f6rt\u00e9nelmet \u00e9s f\u00f6ldrajzot tanuljon. Gimn\u00e1ziumi tan\u00e1rnak v\u00e1lasztott\u00e1k Sz\u00e1szr\u00e9genbe (1882); lelk\u00e9sz lett Sz\u00e1zhalmon (1890), majd Morgond\u00e1n (1894), H\u00e9genben (11914\u201326), K\u00fcrp\u00f6d\u00f6n (1926\u201330) m\u0171k\u00f6d\u00f6tt. Cikke a sz\u00e1szr\u00e9geni \u00c1g. Ev. Gimn\u00e1zium Programj\u00e1ban (1888. Deutsches Kolonistenrecht in Siebenburgen im 12 und 13 Jahrhundert). <br \/><strong>Irod.:<\/strong> Szab\u00f3\u2013Simon\u2013Sz\u00f6gi; Szinnyei.<\/br><\/p>\n","protected":false},"excerpt":{"rendered":"<p>Segesv\u00e1r, 1860. j\u00fal. 28., \u2020?: \u00e1g. ev. lelk\u00e9sz. Apja lelk\u00e9sz. Miut\u00e1n a gimn\u00e1ziumot Segesv\u00e1ron elv\u00e9gezte (1878) a lipcsei (1878\u201480) \u00e9s berlini egyetemre (1880\u201381) ment, hogy teol\u00f3gi\u00e1t, t\u00f6rt\u00e9nelmet \u00e9s f\u00f6ldrajzot tanuljon. Gimn\u00e1ziumi tan\u00e1rnak v\u00e1lasztott\u00e1k Sz\u00e1szr\u00e9genbe (1882); lelk\u00e9sz lett Sz\u00e1zhalmon (1890), majd Morgond\u00e1n (1894), H\u00e9genben (11914\u201326), K\u00fcrp\u00f6d\u00f6n (1926\u201330) m\u0171k\u00f6d\u00f6tt. Cikke a sz\u00e1szr\u00e9geni \u00c1g. Ev. Gimn\u00e1zium Programj\u00e1ban (1888. [&hellip;]<\/p>\n","protected":false},"featured_media":0,"comment_status":"open","ping_status":"closed","template":"","meta":[],"product_brand":[],"product_cat":[137],"product_tag":[],"class_list":{"0":"post-20803","1":"product","2":"type-product","3":"status-publish","5":"product_cat-maros-megyei-eletrajzi-lexikon","7":"first","8":"instock","9":"shipping-taxable","10":"product-type-simple"},"_links":{"self":[{"href":"https:\/\/uj.adatbank.ro\/lexikon\/wp-json\/wp\/v2\/product\/20803","targetHints":{"allow":["GET"]}}],"collection":[{"href":"https:\/\/uj.adatbank.ro\/lexikon\/wp-json\/wp\/v2\/product"}],"about":[{"href":"https:\/\/uj.adatbank.ro\/lexikon\/wp-json\/wp\/v2\/types\/product"}],"replies":[{"embeddable":true,"href":"https:\/\/uj.adatbank.ro\/lexikon\/wp-json\/wp\/v2\/comments?post=20803"}],"wp:attachment":[{"href":"https:\/\/uj.adatbank.ro\/lexikon\/wp-json\/wp\/v2\/media?parent=20803"}],"wp:term":[{"taxonomy":"product_brand","embeddable":true,"href":"https:\/\/uj.adatbank.ro\/lexikon\/wp-json\/wp\/v2\/product_brand?post=20803"},{"taxonomy":"product_cat","embeddable":true,"href":"https:\/\/uj.adatbank.ro\/lexikon\/wp-json\/wp\/v2\/product_cat?post=20803"},{"taxonomy":"product_tag","embeddable":true,"href":"https:\/\/uj.adatbank.ro\/lexikon\/wp-json\/wp\/v2\/product_tag?post=20803"}],"curies":[{"name":"wp","href":"https:\/\/api.w.org\/{rel}","templated":true}]}}