{"id":20804,"date":"2025-07-22T19:02:17","date_gmt":"2025-07-22T17:02:17","guid":{"rendered":"https:\/\/uj.adatbank.ro\/lexikon\/termek\/stein-janos\/"},"modified":"2025-07-22T19:02:17","modified_gmt":"2025-07-22T17:02:17","slug":"stein-janos","status":"publish","type":"product","link":"https:\/\/uj.adatbank.ro\/lexikon\/termek\/stein-janos\/","title":{"rendered":"STEIN J\u00e1nos"},"content":{"rendered":"<p>Balmaz\u00fajv\u00e1ros, 1814. szept. 8., \u2020 Kv., 1886. aug. 14.: k\u00f6nyvkeresked\u0151 \u00e9s -kiad\u00f3. \u2013 Debrecenben \u00e9s Pozsonyban tanulta a k\u00f6nyvkeresked\u0151i szakm\u00e1t. Ezut\u00e1n Barra G\u00e1bor kv.-i pap\u00edr- \u00e9s sz\u00e9pm\u0171keresked\u0151 \u00fczlet\u00e9ben els\u0151 seg\u00e9d, majd t\u00e1rstulajdonos volt. Barra hal\u00e1la (1835) ut\u00e1n az \u00fczletet k\u00f6nyvkeresked\u00e9ssel eg\u00e9sz\u00edtette ki. Barra \u00f6zvegy\u00e9vel (\u00f6zv. Barr\u00e1n\u00e9 \u00e9s Stein c\u00e9gn\u00e9v alatt) vezette a v\u00e1llalkoz\u00e1st (1842\u2013) Nagyenyeden, majd Mv.-en nyitott fi\u00f3k\u00fczletet Hints Mikl\u00f3s az \u0151 megb\u00edz\u00e1s\u00e1b\u00f3l (1842), majd \u00d6zv. Barr\u00e1n\u00e9 \u00e9s Stein f\u00e9le k\u00f6nyvkeresked\u00e9s n\u00e9ven (1844). \u00d6n\u00e1ll\u00f3 k\u00f6nyvkeresked\u0151k\u00e9nt b\u00e9relte a ref. koll\u00e9gium nyomd\u00e1j\u00e1t, amelyet kiad\u00f3v\u00e1 fejlesztett (1849-t\u0151l hal\u00e1l\u00e1ig). Els\u0151sorban tank\u00f6nyveket, ima- \u00e9s \u00e9nekesk\u00f6nyveket, egyh\u00e1zi m\u0171veket, de tud., f\u00f6ldrajzi \u00e9s t\u00f6rt. munk\u00e1kat is adott ki. Hal\u00e1la ut\u00e1n fia, ~ G\u00e1bor, majd unok\u00e1ja, ~ Guszt\u00e1v folytatta a szakm\u00e1t. <br \/><strong>Irod.:<\/strong> \u00daM\u00c9L.<\/br><\/p>\n","protected":false},"excerpt":{"rendered":"<p>Balmaz\u00fajv\u00e1ros, 1814. szept. 8., \u2020 Kv., 1886. aug. 14.: k\u00f6nyvkeresked\u0151 \u00e9s -kiad\u00f3. \u2013 Debrecenben \u00e9s Pozsonyban tanulta a k\u00f6nyvkeresked\u0151i szakm\u00e1t. Ezut\u00e1n Barra G\u00e1bor kv.-i pap\u00edr- \u00e9s sz\u00e9pm\u0171keresked\u0151 \u00fczlet\u00e9ben els\u0151 seg\u00e9d, majd t\u00e1rstulajdonos volt. Barra hal\u00e1la (1835) ut\u00e1n az \u00fczletet k\u00f6nyvkeresked\u00e9ssel eg\u00e9sz\u00edtette ki. Barra \u00f6zvegy\u00e9vel (\u00f6zv. Barr\u00e1n\u00e9 \u00e9s Stein c\u00e9gn\u00e9v alatt) vezette a v\u00e1llalkoz\u00e1st (1842\u2013) Nagyenyeden, [&hellip;]<\/p>\n","protected":false},"featured_media":0,"comment_status":"open","ping_status":"closed","template":"","meta":[],"product_brand":[],"product_cat":[137],"product_tag":[],"class_list":{"0":"post-20804","1":"product","2":"type-product","3":"status-publish","5":"product_cat-maros-megyei-eletrajzi-lexikon","7":"first","8":"instock","9":"shipping-taxable","10":"product-type-simple"},"_links":{"self":[{"href":"https:\/\/uj.adatbank.ro\/lexikon\/wp-json\/wp\/v2\/product\/20804","targetHints":{"allow":["GET"]}}],"collection":[{"href":"https:\/\/uj.adatbank.ro\/lexikon\/wp-json\/wp\/v2\/product"}],"about":[{"href":"https:\/\/uj.adatbank.ro\/lexikon\/wp-json\/wp\/v2\/types\/product"}],"replies":[{"embeddable":true,"href":"https:\/\/uj.adatbank.ro\/lexikon\/wp-json\/wp\/v2\/comments?post=20804"}],"wp:attachment":[{"href":"https:\/\/uj.adatbank.ro\/lexikon\/wp-json\/wp\/v2\/media?parent=20804"}],"wp:term":[{"taxonomy":"product_brand","embeddable":true,"href":"https:\/\/uj.adatbank.ro\/lexikon\/wp-json\/wp\/v2\/product_brand?post=20804"},{"taxonomy":"product_cat","embeddable":true,"href":"https:\/\/uj.adatbank.ro\/lexikon\/wp-json\/wp\/v2\/product_cat?post=20804"},{"taxonomy":"product_tag","embeddable":true,"href":"https:\/\/uj.adatbank.ro\/lexikon\/wp-json\/wp\/v2\/product_tag?post=20804"}],"curies":[{"name":"wp","href":"https:\/\/api.w.org\/{rel}","templated":true}]}}