{"id":20805,"date":"2025-07-22T19:02:19","date_gmt":"2025-07-22T17:02:19","guid":{"rendered":"https:\/\/uj.adatbank.ro\/lexikon\/termek\/stein-lazar\/"},"modified":"2025-07-22T19:02:19","modified_gmt":"2025-07-22T17:02:19","slug":"stein-lazar","status":"publish","type":"product","link":"https:\/\/uj.adatbank.ro\/lexikon\/termek\/stein-lazar\/","title":{"rendered":"STEIN L\u00e1z\u00e1r"},"content":{"rendered":"<p>1847., \u2020 Mv., 1912. okt. 13.: orvos. \u2013 Dr. seb\u00e9sztudor, sz\u00fcl\u00e9sz Mv.-en (20. sz. elej\u00e9n). A legjobban keres\u0151 orvos, mv.-i virilista. A v\u00e1ros t\u00f6rv\u00e9nyhat\u00f3s\u00e1gi bizotts\u00e1g\u00e1nak tagja. <br \/><strong>Irod.:<\/strong> Almanach (1912); Hol volt, hol nem volt&#8230; (N\u00fa., 2004. dec. 2.); Kiss Cs.M.<\/br><\/p>\n","protected":false},"excerpt":{"rendered":"<p>1847., \u2020 Mv., 1912. okt. 13.: orvos. \u2013 Dr. seb\u00e9sztudor, sz\u00fcl\u00e9sz Mv.-en (20. sz. elej\u00e9n). A legjobban keres\u0151 orvos, mv.-i virilista. A v\u00e1ros t\u00f6rv\u00e9nyhat\u00f3s\u00e1gi bizotts\u00e1g\u00e1nak tagja. Irod.: Almanach (1912); Hol volt, hol nem volt&#8230; (N\u00fa., 2004. dec. 2.); Kiss Cs.M.<\/p>\n","protected":false},"featured_media":0,"comment_status":"open","ping_status":"closed","template":"","meta":[],"product_brand":[],"product_cat":[137],"product_tag":[],"class_list":{"0":"post-20805","1":"product","2":"type-product","3":"status-publish","5":"product_cat-maros-megyei-eletrajzi-lexikon","7":"first","8":"instock","9":"shipping-taxable","10":"product-type-simple"},"_links":{"self":[{"href":"https:\/\/uj.adatbank.ro\/lexikon\/wp-json\/wp\/v2\/product\/20805","targetHints":{"allow":["GET"]}}],"collection":[{"href":"https:\/\/uj.adatbank.ro\/lexikon\/wp-json\/wp\/v2\/product"}],"about":[{"href":"https:\/\/uj.adatbank.ro\/lexikon\/wp-json\/wp\/v2\/types\/product"}],"replies":[{"embeddable":true,"href":"https:\/\/uj.adatbank.ro\/lexikon\/wp-json\/wp\/v2\/comments?post=20805"}],"wp:attachment":[{"href":"https:\/\/uj.adatbank.ro\/lexikon\/wp-json\/wp\/v2\/media?parent=20805"}],"wp:term":[{"taxonomy":"product_brand","embeddable":true,"href":"https:\/\/uj.adatbank.ro\/lexikon\/wp-json\/wp\/v2\/product_brand?post=20805"},{"taxonomy":"product_cat","embeddable":true,"href":"https:\/\/uj.adatbank.ro\/lexikon\/wp-json\/wp\/v2\/product_cat?post=20805"},{"taxonomy":"product_tag","embeddable":true,"href":"https:\/\/uj.adatbank.ro\/lexikon\/wp-json\/wp\/v2\/product_tag?post=20805"}],"curies":[{"name":"wp","href":"https:\/\/api.w.org\/{rel}","templated":true}]}}