{"id":20808,"date":"2025-07-22T19:02:26","date_gmt":"2025-07-22T17:02:26","guid":{"rendered":"https:\/\/uj.adatbank.ro\/lexikon\/termek\/steincel-kondrat\/"},"modified":"2025-07-22T19:02:26","modified_gmt":"2025-07-22T17:02:26","slug":"steincel-kondrat","status":"publish","type":"product","link":"https:\/\/uj.adatbank.ro\/lexikon\/termek\/steincel-kondrat\/","title":{"rendered":"STEINCEL Kondr\u00e1t"},"content":{"rendered":"<p>? \u2020?: templomfest\u0151. \u2013 Templomfest\u0151 mester. A k\u00f6vetkez\u0151 falvak templomait festette ki: Erd\u0151szak\u00e1l (1816), Noszoly (Kolozs), Nagys\u00e1rm\u00e1s (Maros), D\u00e9sh\u00e1za (Szil\u00e1gy), Ceg\u0151telke (Beszterce-Nasz\u00f3d), F\u0171zk\u00fat, Sz\u00e1szbong\u00e1rd (Beszterce-Nasz\u00f3d) \u00e9s m\u00e1sokat. <br \/><strong>Irod.:<\/strong> S\u0103calu de P\u0103dure.<\/br><\/p>\n","protected":false},"excerpt":{"rendered":"<p>? \u2020?: templomfest\u0151. \u2013 Templomfest\u0151 mester. A k\u00f6vetkez\u0151 falvak templomait festette ki: Erd\u0151szak\u00e1l (1816), Noszoly (Kolozs), Nagys\u00e1rm\u00e1s (Maros), D\u00e9sh\u00e1za (Szil\u00e1gy), Ceg\u0151telke (Beszterce-Nasz\u00f3d), F\u0171zk\u00fat, Sz\u00e1szbong\u00e1rd (Beszterce-Nasz\u00f3d) \u00e9s m\u00e1sokat. Irod.: S\u0103calu de P\u0103dure.<\/p>\n","protected":false},"featured_media":0,"comment_status":"open","ping_status":"closed","template":"","meta":[],"product_brand":[],"product_cat":[137],"product_tag":[],"class_list":{"0":"post-20808","1":"product","2":"type-product","3":"status-publish","5":"product_cat-maros-megyei-eletrajzi-lexikon","7":"first","8":"instock","9":"shipping-taxable","10":"product-type-simple"},"_links":{"self":[{"href":"https:\/\/uj.adatbank.ro\/lexikon\/wp-json\/wp\/v2\/product\/20808","targetHints":{"allow":["GET"]}}],"collection":[{"href":"https:\/\/uj.adatbank.ro\/lexikon\/wp-json\/wp\/v2\/product"}],"about":[{"href":"https:\/\/uj.adatbank.ro\/lexikon\/wp-json\/wp\/v2\/types\/product"}],"replies":[{"embeddable":true,"href":"https:\/\/uj.adatbank.ro\/lexikon\/wp-json\/wp\/v2\/comments?post=20808"}],"wp:attachment":[{"href":"https:\/\/uj.adatbank.ro\/lexikon\/wp-json\/wp\/v2\/media?parent=20808"}],"wp:term":[{"taxonomy":"product_brand","embeddable":true,"href":"https:\/\/uj.adatbank.ro\/lexikon\/wp-json\/wp\/v2\/product_brand?post=20808"},{"taxonomy":"product_cat","embeddable":true,"href":"https:\/\/uj.adatbank.ro\/lexikon\/wp-json\/wp\/v2\/product_cat?post=20808"},{"taxonomy":"product_tag","embeddable":true,"href":"https:\/\/uj.adatbank.ro\/lexikon\/wp-json\/wp\/v2\/product_tag?post=20808"}],"curies":[{"name":"wp","href":"https:\/\/api.w.org\/{rel}","templated":true}]}}